{"id":260508,"date":"2026-01-13T22:58:20","date_gmt":"2026-01-13T19:58:20","guid":{"rendered":"https:\/\/baldumarket.lt\/product\/lawa-do-salonu-gato-100-cm-dab-sonoma\/"},"modified":"2026-02-11T18:19:49","modified_gmt":"2026-02-11T15:19:49","slug":"lawa-do-salonu-gato-100-cm-dab-sonoma","status":"publish","type":"product","link":"https:\/\/baldumarket.lt\/lt\/product\/lawa-do-salonu-gato-100-cm-dab-sonoma\/","title":{"rendered":"GATO svetain\u0117s kavos staliukas, 100 cm, sonoma \u0105\u017euolas"},"content":{"rendered":"<p>\u201eGato\u201c kavos staliukas. Ie\u0161kote b\u016bdo, kaip pakeisti ir patobulinti stiling\u0105 savo svetain\u0117s dizain\u0105? Toks baldas kaip \u201eGato\u201c kavos staliukas yra puikus sprendimas. Jo netradicinis dizainas lau\u017eo tradicines ribas.<\/p>\n<p>Ant sta\u010diakampio stalvir\u0161io galima pastatyti ir g\u0117li\u0173 vaz\u0105, ir puodelius kavos ar arbatos. Atkreipkite d\u0117mes\u012f, kokia lanksti yra erdv\u0117. Po stalvir\u0161iu rasite vietos \u017eurnalams, televizoriaus nuotolinio valdymo pulteliui ar net dekoratyvinei d\u0117\u017eutei nieku\u010diams.<br \/>\nGalimos trys spalv\u0173 parinktys: balta, Sonoma \u0105\u017euolas (laminuotas stalvir\u0161is) ir Stirling \u0105\u017euolas (folijos apdaila).<br \/>\nKavos staliukas stovi ant tiesaus pagrindo, u\u017etikrinan\u010dio stabilum\u0105.<\/p>\n<p>\u201eGato\u201c kavos staliuk\u0105 galima pastatyti kampe arba svetain\u0117s centre, kur jis visada atrodo geriausiai. \u0160is prakti\u0161kas kavos staliukas papildo \u012fvairias svetain\u0117s bald\u0173 kolekcijas.<\/p>\n<p>Prek\u0117s kodas D05013-LAWA_GATO-DSO Simbolis ZM EAN Ilgis 100 cm Plotis 50 cm Auk\u0161tis 45 cm Kolekcija Gato Spalva sonoma \u0105\u017euolas Gaubtas \u0161viesi mediena Stilius modernus Med\u017eiaga laminatas Vir\u0161us laminatas R\u0117mas laminatas Forma sta\u010diakampis I\u0161traukiamas nei\u0161traukiamas Gamintojas Juoda Raudona Balta Bald\u0173 tipas Kavos staliukai ir epizodiniai staliukai PVM 23% EAN 5906123091671<\/p>","protected":false},"excerpt":{"rendered":"<p>\u201eGato\u201c kavos staliukas. Ie\u0161kote b\u016bdo, kaip pakeisti ir patobulinti stiling\u0105 savo svetain\u0117s dizain\u0105? Tokie baldai kaip \u201eGato\u201c kavos staliukas yra puikus sprendimas. Jo netradicinis dizainas lau\u017eo tradicines linijas. Ant sta\u010diakampio stalvir\u0161io galima pastatyti ir g\u0117li\u0173 vaz\u0105, ir kavos ar arbatos puodelius. Atkreipkite d\u0117mes\u012f, koks lankstus yra galim\u0173 [\u2026]<\/p>","protected":false},"featured_media":260509,"comment_status":"open","ping_status":"open","template":"","meta":[],"product_brand":[],"product_cat":[9200,866],"product_tag":[],"class_list":{"0":"post-260508","1":"product","2":"type-product","3":"status-publish","4":"has-post-thumbnail","6":"product_cat-black-red-white","7":"product_cat-coffee-tables","9":"first","10":"instock","11":"purchasable","12":"product-type-simple"},"_links":{"self":[{"href":"https:\/\/baldumarket.lt\/lt\/wp-json\/wp\/v2\/product\/260508","targetHints":{"allow":["GET"]}}],"collection":[{"href":"https:\/\/baldumarket.lt\/lt\/wp-json\/wp\/v2\/product"}],"about":[{"href":"https:\/\/baldumarket.lt\/lt\/wp-json\/wp\/v2\/types\/product"}],"replies":[{"embeddable":true,"href":"https:\/\/baldumarket.lt\/lt\/wp-json\/wp\/v2\/comments?post=260508"}],"wp:featuredmedia":[{"embeddable":true,"href":"https:\/\/baldumarket.lt\/lt\/wp-json\/wp\/v2\/media\/260509"}],"wp:attachment":[{"href":"https:\/\/baldumarket.lt\/lt\/wp-json\/wp\/v2\/media?parent=260508"}],"wp:term":[{"taxonomy":"product_brand","embeddable":true,"href":"https:\/\/baldumarket.lt\/lt\/wp-json\/wp\/v2\/product_brand?post=260508"},{"taxonomy":"product_cat","embeddable":true,"href":"https:\/\/baldumarket.lt\/lt\/wp-json\/wp\/v2\/product_cat?post=260508"},{"taxonomy":"product_tag","embeddable":true,"href":"https:\/\/baldumarket.lt\/lt\/wp-json\/wp\/v2\/product_tag?post=260508"}],"curies":[{"name":"wp","href":"https:\/\/api.w.org\/{rel}","templated":true}]}}