{"id":260501,"date":"2026-01-13T22:58:15","date_gmt":"2026-01-13T19:58:15","guid":{"rendered":"https:\/\/baldumarket.lt\/product\/lawa-do-salonu-bistro-110-cm-dab-riviera-dab-sonoma\/"},"modified":"2026-02-11T18:19:50","modified_gmt":"2026-02-11T15:19:50","slug":"lawa-do-salonu-bistro-110-cm-dab-riviera-dab-sonoma","status":"publish","type":"product","link":"https:\/\/baldumarket.lt\/lt\/product\/lawa-do-salonu-bistro-110-cm-dab-riviera-dab-sonoma\/","title":{"rendered":"BISTRO svetain\u0117s kavos staliukas, 110 cm, \u0105\u017euolas \u201eRiviera\u201c \/ \u0105\u017euolas \u201eSonoma\u201c,"},"content":{"rendered":"<p>Bistro staliukas \u2013 kavos malonumas ranka pasiekiamas. Paprastas bistro staliukas puikiai perteikia modern\u0173 charakter\u012f ir skland\u017eiai dera prie daugyb\u0117s stiling\u0173 svetain\u0117s ar darbo kambario i\u0161d\u0117stym\u0173.<br \/>\nBistro staliukas \u2013 puikus kompanionas rytinei kavai ir popietiniams susib\u016brimams prie aromatingos kavos puodelio. Ant jo stalvir\u0161io lengvai telpa \u017eavinga g\u0117li\u0173 vaza ir eleganti\u0161ki kavos stalo \u012frankiai. Prakti\u0161ka lentyn\u0117l\u0117 po stalvir\u0161iu puikiai tinka spalvingiems \u017eurnalams ir nuotolinio valdymo pulteliui laikyti.<br \/>\nRy\u0161kus \u201eRiviera Oak\u201c ir \u201eSonoma Oak\u201c spalv\u0173 derinys suteikia puik\u0173 pagrind\u0105 eleganti\u0161kam porcelianui, baltai staltiesei ar spalvingiems pad\u0117kliukams.<br \/>\nL formos kojel\u0117s suteikia stabilumo ir tuo pa\u010diu metu sudaro prakti\u0161kos lentynos r\u0117m\u0105.<br \/>\nBistro stalas puikiai papildo \u201eBalder\u201c kolekcij\u0105, harmoningai derindamas tiek spalv\u0105, tiek stili\u0173.<br \/>\nPakvieskite draugus i\u0161gerti kavos ir u\u017ekand\u017ei\u0173, o stilingas bistro staliukas taps maloni\u0173 susib\u016brim\u0173 pagrindiniu akcentu.<\/p>\n<p>Prek\u0117s kodas D05032-LAW\/5\/11-DRI\/DSO Simbolis ZM EAN Ilgis 110 cm Plotis 59 cm Auk\u0161tis 50 cm Kolekcija Bistro Spalva rivjeros \u0105\u017euolas\/sonomos \u0105\u017euolas Gaubtas \u0161viesi mediena Stilius modernus Med\u017eiaga laminatas Stalvir\u0161is laminatas R\u0117mas laminatas Forma sta\u010diakampis I\u0161traukiamas nei\u0161traukiamas Gamintojas Juoda Raudona Balta Bald\u0173 tipas Kavos staliukai ir epizodiniai staliukai PVM 23% EAN 5906123091947<\/p>","protected":false},"excerpt":{"rendered":"<p>Bistro staliukas \u2013 kavos malonumas vos u\u017e keli\u0173 \u017eingsni\u0173. Paprastas bistro staliukas puikiai atspindi modern\u0173 charakter\u012f, skland\u017eiai \u012fsiliejantis \u012f daugyb\u0119 stiling\u0173 svetain\u0117s ir darbo kambario i\u0161d\u0117stym\u0173. Bistro staliukas yra puikus kompanionas rytinei kavai ir popietiniams susib\u016brimams prie puodelio aromatingos kavos. Ant jo stalvir\u0161io lengvai telpa \u017eavinga g\u0117li\u0173 vaza [\u2026]<\/p>","protected":false},"featured_media":260502,"comment_status":"open","ping_status":"open","template":"","meta":[],"product_brand":[],"product_cat":[9200,866],"product_tag":[],"class_list":{"0":"post-260501","1":"product","2":"type-product","3":"status-publish","4":"has-post-thumbnail","6":"product_cat-black-red-white","7":"product_cat-coffee-tables","9":"first","10":"instock","11":"purchasable","12":"product-type-simple"},"_links":{"self":[{"href":"https:\/\/baldumarket.lt\/lt\/wp-json\/wp\/v2\/product\/260501","targetHints":{"allow":["GET"]}}],"collection":[{"href":"https:\/\/baldumarket.lt\/lt\/wp-json\/wp\/v2\/product"}],"about":[{"href":"https:\/\/baldumarket.lt\/lt\/wp-json\/wp\/v2\/types\/product"}],"replies":[{"embeddable":true,"href":"https:\/\/baldumarket.lt\/lt\/wp-json\/wp\/v2\/comments?post=260501"}],"wp:featuredmedia":[{"embeddable":true,"href":"https:\/\/baldumarket.lt\/lt\/wp-json\/wp\/v2\/media\/260502"}],"wp:attachment":[{"href":"https:\/\/baldumarket.lt\/lt\/wp-json\/wp\/v2\/media?parent=260501"}],"wp:term":[{"taxonomy":"product_brand","embeddable":true,"href":"https:\/\/baldumarket.lt\/lt\/wp-json\/wp\/v2\/product_brand?post=260501"},{"taxonomy":"product_cat","embeddable":true,"href":"https:\/\/baldumarket.lt\/lt\/wp-json\/wp\/v2\/product_cat?post=260501"},{"taxonomy":"product_tag","embeddable":true,"href":"https:\/\/baldumarket.lt\/lt\/wp-json\/wp\/v2\/product_tag?post=260501"}],"curies":[{"name":"wp","href":"https:\/\/api.w.org\/{rel}","templated":true}]}}