{"id":260493,"date":"2026-01-13T22:58:09","date_gmt":"2026-01-13T19:58:09","guid":{"rendered":"https:\/\/baldumarket.lt\/product\/lacznik-narozny-do-biurka-nevada-bialy\/"},"modified":"2026-02-11T18:19:50","modified_gmt":"2026-02-11T15:19:50","slug":"lacznik-narozny-do-biurka-nevada-bialy","status":"publish","type":"product","link":"https:\/\/baldumarket.lt\/lt\/product\/lacznik-narozny-do-biurka-nevada-bialy\/","title":{"rendered":"Nevada stalo kampin\u0117 jungtis, balta"},"content":{"rendered":"<p>Nevada jungtis \u2013 daugiau darbo vietos j\u016bs\u0173 biure. Balta Nevada jungtis yra prakti\u0161kas ir eleganti\u0161kas aksesuaras, leid\u017eiantis sukurti kampin\u012f stal\u0105 ir puikiai papildantis biuro interjer\u0105. 85 cm plo\u010dio, 77 cm auk\u0161\u010dio ir 56 cm gylio \u0161i jungtis puikiai papildo 150 ir 180 cm Nevada kolekcijos stalus, suteikdama papildom\u0105 darbin\u012f pavir\u0161i\u0173 arba viet\u0105 daiktams susid\u0117ti ir padidindama darbo vietos funkcionalum\u0105. Nevada jungties ypatyb\u0117s: 85 x 77 x 56 cm matmenys, kurie puikiai dera su Nevada stalais ir sukuria kampin\u0119 erdv\u0119. Atspari \u012fbr\u0117\u017eimams laminuota vir\u0161utin\u0117 plok\u0161t\u0117, kad b\u016bt\u0173 lengva pri\u017ei\u016br\u0117ti ir valyti. Tvirtos \u0161lifuoto nikelio metalo kojel\u0117s suteikia industrin\u012f poj\u016bt\u012f ir padidina patvarum\u0105. Gerai apgalvotas dizainas u\u017etikrina patog\u0173 naudojim\u0105 ir esteti\u0161k\u0105 bet kokio biuro papildym\u0105. Universali balta spalva, kuri pabr\u0117\u017eia modern\u0173 interjero charakter\u012f ir harmoningai dera su kitais kolekcijos elementais. Stilius ir funkcionalumas biure. Nevada jungtis skirta moderniam biurui, kur funkcionalumas ir estetika dera koja kojon. Puikiai papildanti \u201eNevada\u201c stalus, jungtis leid\u017eia sukurti kampin\u012f i\u0161d\u0117stym\u0105, kuris padidina darbo vietos ir darbo vietos tvark\u0105. D\u0117l patvarumo ir paprasto naudojimo ji yra idealus sprendimas bet kokiam biurui, u\u017etikrinantis komfort\u0105 ir eleganti\u0161k\u0105 i\u0161vaizd\u0105. Santrauka: \u201eNevada\u201c jungtis yra puikus pasirinkimas tiems, kurie nori maksimaliai i\u0161naudoti erdv\u0119 savo biure. Funkcionalus dizainas, auk\u0161tos kokyb\u0117s apdaila ir estetinis patrauklumas daro j\u0105 prakti\u0161ku ir stilingu priedu, kuris papildo \u201eNevada\u201c kolekcij\u0105 ir sukuria darni\u0105, moderni\u0105 darbo aplink\u0105.<\/p>\n<p>Prek\u0117s kodas S599-LAC_A-BI Ilgis 85 cm Gylis 56 cm Auk\u0161tis 77 cm Kolekcija Nevada Spalva balta Atspalvis baltas Stilius modernus Med\u017eiaga laminatas\/metalas Gamintojas Juoda Raudona Balta Bald\u0173 tipas Ra\u0161omieji stalai PVM 23% EAN 5906123049672<\/p>","protected":false},"excerpt":{"rendered":"<p>Nevada jungtis \u2013 daugiau darbo vietos j\u016bs\u0173 biure. Balta Nevada jungtis yra prakti\u0161kas ir eleganti\u0161kas aksesuaras, leid\u017eiantis sukurti kampin\u012f stal\u0105 ir puikiai papildantis biuro interjer\u0105. 85 cm plo\u010dio, 77 cm auk\u0161\u010dio ir 56 cm gylio \u0161i jungtis puikiai papildo 150 ir 180 cm stalus i\u0161 [\u2026]<\/p>","protected":false},"featured_media":260494,"comment_status":"open","ping_status":"open","template":"","meta":[],"product_brand":[],"product_cat":[9200,1043],"product_tag":[],"class_list":{"0":"post-260493","1":"product","2":"type-product","3":"status-publish","4":"has-post-thumbnail","6":"product_cat-black-red-white","7":"product_cat-extras","9":"first","10":"instock","11":"purchasable","12":"product-type-simple"},"_links":{"self":[{"href":"https:\/\/baldumarket.lt\/lt\/wp-json\/wp\/v2\/product\/260493","targetHints":{"allow":["GET"]}}],"collection":[{"href":"https:\/\/baldumarket.lt\/lt\/wp-json\/wp\/v2\/product"}],"about":[{"href":"https:\/\/baldumarket.lt\/lt\/wp-json\/wp\/v2\/types\/product"}],"replies":[{"embeddable":true,"href":"https:\/\/baldumarket.lt\/lt\/wp-json\/wp\/v2\/comments?post=260493"}],"wp:featuredmedia":[{"embeddable":true,"href":"https:\/\/baldumarket.lt\/lt\/wp-json\/wp\/v2\/media\/260494"}],"wp:attachment":[{"href":"https:\/\/baldumarket.lt\/lt\/wp-json\/wp\/v2\/media?parent=260493"}],"wp:term":[{"taxonomy":"product_brand","embeddable":true,"href":"https:\/\/baldumarket.lt\/lt\/wp-json\/wp\/v2\/product_brand?post=260493"},{"taxonomy":"product_cat","embeddable":true,"href":"https:\/\/baldumarket.lt\/lt\/wp-json\/wp\/v2\/product_cat?post=260493"},{"taxonomy":"product_tag","embeddable":true,"href":"https:\/\/baldumarket.lt\/lt\/wp-json\/wp\/v2\/product_tag?post=260493"}],"curies":[{"name":"wp","href":"https:\/\/api.w.org\/{rel}","templated":true}]}}