{"id":260489,"date":"2026-01-13T22:58:05","date_gmt":"2026-01-13T19:58:05","guid":{"rendered":"https:\/\/baldumarket.lt\/product\/kufer-hesen-100-cm-grafit-dab-artisan\/"},"modified":"2026-02-11T18:19:50","modified_gmt":"2026-02-11T15:19:50","slug":"kufer-hesen-100-cm-grafit-dab-artisan","status":"publish","type":"product","link":"https:\/\/baldumarket.lt\/lt\/product\/kufer-hesen-100-cm-grafit-dab-artisan\/","title":{"rendered":"HESEN baga\u017ein\u0117 100 cm grafitas\/amatinis \u0105\u017euolas"},"content":{"rendered":"<p>\u201eHesen Trunk\u201c \u2013 originalus interjero papildymas. Jei m\u0117gstate tvark\u0105 ir netoleruojate chaoso savo kambariuose, \u201eHesen Trunk\u201c gali b\u016bti netradicinis, ta\u010diau labai efektyvus ir funkcionalus sprendimas. \u0160is eleganti\u0161kas, 100 x 47 x 39 cm dyd\u017eio skrynia skirtas pad\u0117ti palaikyti tvark\u0105 j\u016bs\u0173 erdv\u0117je, kartu suteikiant kambariui stiliaus ir funkcionalumo. \u201eHesen Trunk\u201c, kaip ir visi \u201eHesen\u201c kolekcijos baldai, yra dviej\u0173 skirting\u0173 spalv\u0173. Nesvarbu, ar pasirinksite grafito \/ dirbtinio \u0105\u017euolo, ar \u0161viesaus sibiu maumed\u017eio \/ larico pu\u0161ies derin\u012f, gausite ne tik funkcional\u0173, bet ir stiling\u0105 bald\u0105, puikiai tinkant\u012f miegamajam ar jaunimo kambariui. \u201eHesen\u201c kolekcija derina minimalistin\u012f dizain\u0105 su funkcionalumu, o \u201eHesen Trunk\u201c yra puikus \u0161io po\u017ei\u016brio pavyzdys. \u0160is baldas buvo sukurtas galvojant apie skandinavi\u0161k\u0173 form\u0173, pasi\u017eymin\u010di\u0173 paprastumu ir elegancija, m\u0117g\u0117jus. \u201eHesen Trunk\u201c yra patogus naudoti. Jis turi dujines amortizatorius, kurie leid\u017eia stalvir\u0161iui \u0161velniai ir skland\u017eiai nusileisti u\u017edarius. Tai leid\u017eia laikyti antklodes, patalyn\u0119 ir kitus kasdienius daiktus, kuri\u0173 neb\u016btinai reikia nuolat matyti miegamajame. Tai taip pat ideali vieta stalo \u017eaidimams, mokymosi priemon\u0117ms ar knygoms paauglio kambaryje, padedanti palaikyti tvark\u0105. \u201eHesen\u201c komoda \u2013 tai baldas, kur\u012f galite pritaikyti pagal savo skon\u012f, sukurdami original\u0173 ir funkcional\u0173 dekoratyvin\u012f element\u0105 pasirinktoje erdv\u0117je. Jei norite sukurti \u012fsp\u016bding\u0105 interjer\u0105, apsvarstykite galimyb\u0119 prid\u0117ti kit\u0173 \u201eHesen\u201c kolekcijos gamini\u0173, kad sukurtum\u0117te darn\u0173 ir stiling\u0105 vaizd\u0105.<\/p>\n<p>Prek\u0117s kodas S515-KUF-GF\/DASN Simbolis ZM EAN Plotis 100 cm Gylis 39 cm Auk\u0161tis 47 cm Kolekcija Hesen Spalva grafito\/artisan \u0105\u017euolo Gaubtas grafito Skandinavi\u0161ko stiliaus Gamintojas Juoda Raudona Balta Baldo tipas Komodos PVM 23% EAN 5906123812108<\/p>","protected":false},"excerpt":{"rendered":"<p>\u201eHesen Trunk\u201c skrynia \u2013 originalus interjero papildymas. Jei m\u0117gstate tvark\u0105 ir netoleruojate chaoso savo kambariuose, \u201eHesen Trunk\u201c gali b\u016bti netradicinis, ta\u010diau labai efektyvus ir funkcionalus sprendimas. \u0160is eleganti\u0161kas skrynia, kurios matmenys 100 x 47 x 39 cm, skirtas pad\u0117ti palaikyti tvark\u0105 j\u016bs\u0173 erdv\u0117je ir kartu suteikti jai stiliaus [\u2026]<\/p>","protected":false},"featured_media":260490,"comment_status":"open","ping_status":"open","template":"","meta":[],"product_brand":[],"product_cat":[9200,1928],"product_tag":[],"class_list":{"0":"post-260489","1":"product","2":"type-product","3":"status-publish","4":"has-post-thumbnail","6":"product_cat-black-red-white","7":"product_cat-benches","9":"first","10":"instock","11":"purchasable","12":"product-type-simple"},"_links":{"self":[{"href":"https:\/\/baldumarket.lt\/lt\/wp-json\/wp\/v2\/product\/260489","targetHints":{"allow":["GET"]}}],"collection":[{"href":"https:\/\/baldumarket.lt\/lt\/wp-json\/wp\/v2\/product"}],"about":[{"href":"https:\/\/baldumarket.lt\/lt\/wp-json\/wp\/v2\/types\/product"}],"replies":[{"embeddable":true,"href":"https:\/\/baldumarket.lt\/lt\/wp-json\/wp\/v2\/comments?post=260489"}],"wp:featuredmedia":[{"embeddable":true,"href":"https:\/\/baldumarket.lt\/lt\/wp-json\/wp\/v2\/media\/260490"}],"wp:attachment":[{"href":"https:\/\/baldumarket.lt\/lt\/wp-json\/wp\/v2\/media?parent=260489"}],"wp:term":[{"taxonomy":"product_brand","embeddable":true,"href":"https:\/\/baldumarket.lt\/lt\/wp-json\/wp\/v2\/product_brand?post=260489"},{"taxonomy":"product_cat","embeddable":true,"href":"https:\/\/baldumarket.lt\/lt\/wp-json\/wp\/v2\/product_cat?post=260489"},{"taxonomy":"product_tag","embeddable":true,"href":"https:\/\/baldumarket.lt\/lt\/wp-json\/wp\/v2\/product_tag?post=260489"}],"curies":[{"name":"wp","href":"https:\/\/api.w.org\/{rel}","templated":true}]}}