{"id":260458,"date":"2026-01-13T22:57:42","date_gmt":"2026-01-13T19:57:42","guid":{"rendered":"https:\/\/baldumarket.lt\/product\/krzeslo-tapicerowane-ramen-dab-sonoma-czarny\/"},"modified":"2026-02-11T18:19:50","modified_gmt":"2026-02-11T15:19:50","slug":"krzeslo-tapicerowane-ramen-dab-sonoma-czarny","status":"publish","type":"product","link":"https:\/\/baldumarket.lt\/lt\/product\/krzeslo-tapicerowane-ramen-dab-sonoma-czarny\/","title":{"rendered":"RAMEN apmu\u0161tas kr\u0117slas, sonoma \u0105\u017euolas\/juoda"},"content":{"rendered":"<p>\u201eRamen\u201c k\u0117d\u0117 \u2013 skandinavi\u0161ko minimalizmo elegancija. \u201eRamen\u201c k\u0117d\u0117 yra skandinavi\u0161ko stiliaus kvintesencija \u2013 paprastumas, nat\u016bralumas ir nesenstantis dizainas. Spalv\u0173 gama, subtilios detal\u0117s ir naudojimo patogumas puikiai tinka valgomajam, virtuvei ar svetainei. \u0160is modelis sukurtas tiems, kurie vienodai vertina funkcionalum\u0105 ir estetik\u0105.<br \/>\nK\u0117d\u0117 turi groteli\u0173 atlo\u0161\u0105, pagamint\u0105 i\u0161 tvirtos buko medienos, kuris ne tik atrodo \u012fsp\u016bdingai, bet ir suteikia tinkam\u0105 atram\u0105 nugarai. Apmu\u0161ta juoda s\u0117dyn\u0117 yra u\u017epildyta mink\u0161tu poliuretano putplas\u010diu, u\u017etikrinan\u010diu komfort\u0105 net ir ilgesni\u0173 susib\u016brim\u0173 metu prie stalo.<br \/>\n\u0160is patvarus ir patogus naudoti baldas \u2013 d\u0117l sveikatai nekenksmingo vandens pagrindo lako pavir\u0161iaus jis idealiai tinka \u0161eimos erdv\u0117ms. \u201eRamen\u201c k\u0117d\u0117 puikiai dera su mediniais stalais ir skandinavi\u0161ko bei \u0161iaurieti\u0161ko stiliaus \u012fkv\u0117ptais interjerais. Ypatyb\u0117s: R\u0117mas: buko mediena, Sonoma \u0105\u017euolo spalvos. S\u0117dyn\u0117: juodas audinys. Atlo\u0161as: pakopinis, u\u017etikrinantis komfort\u0105 ir lengv\u0105 form\u0105. Skandinavi\u0161kas stilius \u2013 minimalizmas ir nat\u016brali estetika. Vandens pagrindo lako apdaila \u2013 hipoalergin\u0117 ir saugi.<\/p>\n<p>Prek\u0117s kodas MT_DREW-KRZ-RAMEN-DSO-OPIUM_99 Plotis 43 cm Gylis 50 cm S\u0117dyn\u0117s gylis 40 cm Auk\u0161tis 92 cm S\u0117dyn\u0117s auk\u0161tis 47 cm Kolekcija \u201eRamen\u201c Spalva sonoma \u0105\u017euolas\/opiumas 99 Gaubtas \u0161viesi mediena Stilius modernus Med\u017eiaga mediena\/audinys R\u0117mas medis Porankiai be poranki\u0173 Gamintojas Juoda Raudona Balta Bald\u0173 tipas K\u0117d\u0117s PVM mokestis 23% EAN 5906123124119<\/p>","protected":false},"excerpt":{"rendered":"<p>\u201eRamen\u201c k\u0117d\u0117 \u2013 skandinavi\u0161ko minimalizmo elegancija. \u201eRamen\u201c k\u0117d\u0117 yra skandinavi\u0161ko stiliaus kvintesencija \u2013 paprastumas, nat\u016bralumas ir nesenstantis dizainas. Spalv\u0173 gama, subtilios detal\u0117s ir naudojimo patogumas puikiai tinka valgomajam, virtuvei ar svetainei. \u0160is modelis buvo sukurtas tiems, kurie vertina funkcionalum\u0105 ir estetik\u0105 [\u2026]<\/p>","protected":false},"featured_media":260459,"comment_status":"open","ping_status":"open","template":"","meta":[],"product_brand":[],"product_cat":[9200,1930],"product_tag":[],"class_list":{"0":"post-260458","1":"product","2":"type-product","3":"status-publish","4":"has-post-thumbnail","6":"product_cat-black-red-white","7":"product_cat-chairs","9":"first","10":"instock","11":"purchasable","12":"product-type-simple"},"_links":{"self":[{"href":"https:\/\/baldumarket.lt\/lt\/wp-json\/wp\/v2\/product\/260458","targetHints":{"allow":["GET"]}}],"collection":[{"href":"https:\/\/baldumarket.lt\/lt\/wp-json\/wp\/v2\/product"}],"about":[{"href":"https:\/\/baldumarket.lt\/lt\/wp-json\/wp\/v2\/types\/product"}],"replies":[{"embeddable":true,"href":"https:\/\/baldumarket.lt\/lt\/wp-json\/wp\/v2\/comments?post=260458"}],"wp:featuredmedia":[{"embeddable":true,"href":"https:\/\/baldumarket.lt\/lt\/wp-json\/wp\/v2\/media\/260459"}],"wp:attachment":[{"href":"https:\/\/baldumarket.lt\/lt\/wp-json\/wp\/v2\/media?parent=260458"}],"wp:term":[{"taxonomy":"product_brand","embeddable":true,"href":"https:\/\/baldumarket.lt\/lt\/wp-json\/wp\/v2\/product_brand?post=260458"},{"taxonomy":"product_cat","embeddable":true,"href":"https:\/\/baldumarket.lt\/lt\/wp-json\/wp\/v2\/product_cat?post=260458"},{"taxonomy":"product_tag","embeddable":true,"href":"https:\/\/baldumarket.lt\/lt\/wp-json\/wp\/v2\/product_tag?post=260458"}],"curies":[{"name":"wp","href":"https:\/\/api.w.org\/{rel}","templated":true}]}}