{"id":260438,"date":"2026-01-13T22:57:24","date_gmt":"2026-01-13T19:57:24","guid":{"rendered":"https:\/\/baldumarket.lt\/product\/krzeslo-tapicerowane-lobo-dab-sonoma-bez\/"},"modified":"2026-02-11T18:19:51","modified_gmt":"2026-02-11T15:19:51","slug":"krzeslo-tapicerowane-lobo-dab-sonoma-bez","status":"publish","type":"product","link":"https:\/\/baldumarket.lt\/lt\/product\/krzeslo-tapicerowane-lobo-dab-sonoma-bez\/","title":{"rendered":"LOBO mink\u0161ta k\u0117d\u0117, sonoma \u0105\u017euolas\/sm\u0117lin\u0117"},"content":{"rendered":"<p>\u201eLobo\u201c mink\u0161tas kr\u0117slas \u2013 klasikinis komfortas. \u201eLobo\u201c kr\u0117slas \u2013 tai stilingas klasikin\u0117s formos ir moderni\u0173 akcent\u0173 derinys. Jis puikiai papildys valgom\u0105j\u012f, svetain\u0119 ar biur\u0105, pabr\u0117\u017edamas eleganti\u0161k\u0105 interjero charakter\u012f. Jo nesenstantis dizainas paremtas paprastumo, komforto ir kruop\u0161taus apdailos harmonija.<br \/>\nR\u0117mas pagamintas i\u0161 patvarios buko medienos, Sonoma \u0105\u017euolo spalvos, o s\u0117dyn\u0117 ir atlo\u0161as aptraukti maloniu liesti ir lengvai valomu audiniu. Visa k\u0117d\u0117 i\u0161laiko estetikos ir funkcionalumo pusiausvyr\u0105, u\u017etikrindama komfort\u0105 net ir po ilg\u0173 naudojimo valand\u0173. D\u0117l universalios spalv\u0173 gamos \u201eLobo\u201c k\u0117d\u0117 puikiai dera tiek klasikiniame, tiek moderniame interjere.<br \/>\nTai pasi\u016blymas \u017emon\u0117ms, kurie vertina kokybi\u0161k\u0105 apdirbim\u0105, komfort\u0105 ir nesenstant\u012f elegancij\u0105. Specialios savyb\u0117s: R\u0117mas: buko mediena, Sonoma \u0105\u017euolo spalvos; Apmu\u0161alai: sm\u0117lio spalvos; S\u0117dimoji dalis ir atlo\u0161as; Ergonomika: patogi konstrukcija; Dizainas: universalus, tinka daugeliui interjer\u0173; Universalus panaudojimas: valgomajam, svetainei, biurui ar virtuvei.<\/p>\n<p>Prek\u0117s kodas MT_DREW-KRZ-LOBO-DSO-OPIUM_20 Plotis 43 cm Gylis 51 cm S\u0117dyn\u0117s gylis 40 cm Auk\u0161tis 95 cm S\u0117dyn\u0117s auk\u0161tis 47 cm Kolekcija Lobo Spalva sonoma \u0105\u017euolas\/opium 20 Gaubtas \u0161viesi mediena Stilius modernus Med\u017eiaga mediena\/audinys R\u0117mas medis Porankiai be poranki\u0173 Gamintojas Juoda Raudona Balta Bald\u0173 tipas K\u0117d\u0117s PVM mokestis 23% EAN 5906123124058<\/p>","protected":false},"excerpt":{"rendered":"<p>\u201eLobo\u201c mink\u0161tas kr\u0117slas \u2013 klasikinis komfortas. \u201eLobo\u201c kr\u0117slas \u2013 tai stilingas klasikin\u0117s formos ir moderni\u0173 akcent\u0173 derinys. Jis puikiai papildys valgom\u0105j\u012f, svetain\u0119 ar biur\u0105, pabr\u0117\u017edamas eleganti\u0161k\u0105 interjero charakter\u012f. Jo nesenstantis dizainas pagr\u012fstas paprastumo, patogumo ir kruop\u0161taus apdailos harmonija. R\u0117mas pagamintas [\u2026]<\/p>","protected":false},"featured_media":260439,"comment_status":"open","ping_status":"open","template":"","meta":[],"product_brand":[],"product_cat":[9200,1930],"product_tag":[],"class_list":{"0":"post-260438","1":"product","2":"type-product","3":"status-publish","4":"has-post-thumbnail","6":"product_cat-black-red-white","7":"product_cat-chairs","9":"first","10":"instock","11":"purchasable","12":"product-type-simple"},"_links":{"self":[{"href":"https:\/\/baldumarket.lt\/lt\/wp-json\/wp\/v2\/product\/260438","targetHints":{"allow":["GET"]}}],"collection":[{"href":"https:\/\/baldumarket.lt\/lt\/wp-json\/wp\/v2\/product"}],"about":[{"href":"https:\/\/baldumarket.lt\/lt\/wp-json\/wp\/v2\/types\/product"}],"replies":[{"embeddable":true,"href":"https:\/\/baldumarket.lt\/lt\/wp-json\/wp\/v2\/comments?post=260438"}],"wp:featuredmedia":[{"embeddable":true,"href":"https:\/\/baldumarket.lt\/lt\/wp-json\/wp\/v2\/media\/260439"}],"wp:attachment":[{"href":"https:\/\/baldumarket.lt\/lt\/wp-json\/wp\/v2\/media?parent=260438"}],"wp:term":[{"taxonomy":"product_brand","embeddable":true,"href":"https:\/\/baldumarket.lt\/lt\/wp-json\/wp\/v2\/product_brand?post=260438"},{"taxonomy":"product_cat","embeddable":true,"href":"https:\/\/baldumarket.lt\/lt\/wp-json\/wp\/v2\/product_cat?post=260438"},{"taxonomy":"product_tag","embeddable":true,"href":"https:\/\/baldumarket.lt\/lt\/wp-json\/wp\/v2\/product_tag?post=260438"}],"curies":[{"name":"wp","href":"https:\/\/api.w.org\/{rel}","templated":true}]}}