{"id":260414,"date":"2026-01-13T22:57:07","date_gmt":"2026-01-13T19:57:07","guid":{"rendered":"https:\/\/baldumarket.lt\/product\/krzeslo-tapicerowane-como-dab-sonoma-bez\/"},"modified":"2026-02-11T18:19:51","modified_gmt":"2026-02-11T15:19:51","slug":"krzeslo-tapicerowane-como-dab-sonoma-bez","status":"publish","type":"product","link":"https:\/\/baldumarket.lt\/lt\/product\/krzeslo-tapicerowane-como-dab-sonoma-bez\/","title":{"rendered":"COMO apmu\u0161tas kr\u0117slas, sonoma \u0105\u017euolas\/sm\u0117lin\u0117 spalva"},"content":{"rendered":"<p>\u201eComo\u201c k\u0117d\u0117 \u2013 elegancija ir patogumas paprastume. \u201eComo\u201c k\u0117d\u0117je dera minimalistinis dizainas ir i\u0161skirtinis komfortas. Sm\u0117lio spalvos apmu\u0161alai ir Sonoma \u0105\u017euolo r\u0117mas suteikia bet kokiam interjerui gaivumo ir lengvumo, kartu pary\u0161kindami eleganti\u0161k\u0105 charakter\u012f. \u0160i universali k\u0117d\u0117 puikiai tinka klasikiniams valgomiesiems, modernioms svetain\u0117ms ir nam\u0173 biurams.<br \/>\nApmu\u0161ta s\u0117dyn\u0117 ir atlo\u0161as pagaminti i\u0161 patvarios med\u017eiagos, u\u017etikrinan\u010dios komfort\u0105 net ir ilgai naudojant. Ergonomi\u0161kas kont\u016bras padidina s\u0117d\u0117jimo komfort\u0105, o kruop\u0161\u010diai pagamintas medinis r\u0117mas garantuoja stabilum\u0105 ir patvarum\u0105 ilgus metus.<br \/>\n\u201eComo\u201c k\u0117d\u0117 \u2013 puikus pasirinkimas tiems, kurie vertina subtilias formas ir funkcionalius sprendimus. Ji puikiai tiks erdv\u0117ms, kuriose svarbi estetika ir komfortas. Ypatingos savyb\u0117s: R\u0117mas: buko mediena, Sonoma \u0105\u017euolo spalvos; Apmu\u0161alai: sm\u0117lio spalvos; S\u0117dimoji dalis ir atlo\u0161as \u2013 ergonomika; Priglundanti konstrukcija, u\u017etikrinanti komfort\u0105; Dizainas: universalus, tinka daugeliui interjer\u0173; Universalus panaudojimas: valgomajam, svetainei, biurui ar virtuvei.<\/p>\n<p>Prek\u0117s kodas MT_DREW-KRZ-COMO-DSO-RIVIERA_16 Plotis 43 cm Gylis 51 cm S\u0117dyn\u0117s gylis 40 cm Auk\u0161tis 92 cm S\u0117dyn\u0117s auk\u0161tis 47 cm Kolekcija Como Spalva sonoma\/riviera \u0105\u017euolas 16 Gaubtas \u0161viesi mediena Stilius modernus Med\u017eiaga mediena\/audinys R\u0117mas medis Porankiai be poranki\u0173 Gamintojas Juoda Raudona Balta Bald\u0173 tipas K\u0117d\u0117s PVM mokestis 23% EAN 5906123123945<\/p>","protected":false},"excerpt":{"rendered":"<p>\u201eComo\u201c k\u0117d\u0117 \u2013 elegancija ir patogumas paprastume. \u201eComo\u201c k\u0117d\u0117je dera minimalistinis dizainas ir i\u0161skirtinis komfortas. Sm\u0117lio spalvos apmu\u0161alai ir \u201eSonoma\u201c \u0105\u017euolo r\u0117mas suteikia bet kokiam interjerui gaivumo ir lengvumo, kartu pary\u0161kindami eleganti\u0161k\u0105 charakter\u012f. \u0160i universali k\u0117d\u0117 puikiai tinka klasikiniams valgomiesiems, modernioms svetain\u0117ms ir [\u2026]<\/p>","protected":false},"featured_media":260415,"comment_status":"open","ping_status":"open","template":"","meta":[],"product_brand":[],"product_cat":[9200,1930],"product_tag":[],"class_list":{"0":"post-260414","1":"product","2":"type-product","3":"status-publish","4":"has-post-thumbnail","6":"product_cat-black-red-white","7":"product_cat-chairs","9":"first","10":"instock","11":"purchasable","12":"product-type-simple"},"_links":{"self":[{"href":"https:\/\/baldumarket.lt\/lt\/wp-json\/wp\/v2\/product\/260414","targetHints":{"allow":["GET"]}}],"collection":[{"href":"https:\/\/baldumarket.lt\/lt\/wp-json\/wp\/v2\/product"}],"about":[{"href":"https:\/\/baldumarket.lt\/lt\/wp-json\/wp\/v2\/types\/product"}],"replies":[{"embeddable":true,"href":"https:\/\/baldumarket.lt\/lt\/wp-json\/wp\/v2\/comments?post=260414"}],"wp:featuredmedia":[{"embeddable":true,"href":"https:\/\/baldumarket.lt\/lt\/wp-json\/wp\/v2\/media\/260415"}],"wp:attachment":[{"href":"https:\/\/baldumarket.lt\/lt\/wp-json\/wp\/v2\/media?parent=260414"}],"wp:term":[{"taxonomy":"product_brand","embeddable":true,"href":"https:\/\/baldumarket.lt\/lt\/wp-json\/wp\/v2\/product_brand?post=260414"},{"taxonomy":"product_cat","embeddable":true,"href":"https:\/\/baldumarket.lt\/lt\/wp-json\/wp\/v2\/product_cat?post=260414"},{"taxonomy":"product_tag","embeddable":true,"href":"https:\/\/baldumarket.lt\/lt\/wp-json\/wp\/v2\/product_tag?post=260414"}],"curies":[{"name":"wp","href":"https:\/\/api.w.org\/{rel}","templated":true}]}}