{"id":260402,"date":"2026-01-13T22:56:59","date_gmt":"2026-01-13T19:56:59","guid":{"rendered":"https:\/\/baldumarket.lt\/product\/krzeslo-tapicerowane-como-bialy-szary\/"},"modified":"2026-02-11T18:19:51","modified_gmt":"2026-02-11T15:19:51","slug":"krzeslo-tapicerowane-como-bialy-szary","status":"publish","type":"product","link":"https:\/\/baldumarket.lt\/lt\/product\/krzeslo-tapicerowane-como-bialy-szary\/","title":{"rendered":"COMO mink\u0161ta k\u0117d\u0117, balta\/pilka"},"content":{"rendered":"<p>\u201eComo\u201c k\u0117d\u0117 \u2013 elegancija ir patogumas paprastume. \u201eComo\u201c k\u0117d\u0117 pasi\u017eymi minimalistiniu dizainu, derinamu su i\u0161skirtiniu komfortu. Pilkos spalvos apmu\u0161alai ir baltas r\u0117mas suteikia bet kokiam interjerui gaivumo ir lengvumo poj\u016bt\u012f, kartu pary\u0161kindami eleganti\u0161k\u0105 charakter\u012f. \u0160i universali k\u0117d\u0117 puikiai tinka klasikiniams valgomiesiems, modernioms svetain\u0117ms ir nam\u0173 biurams.<br \/>\nApmu\u0161ta s\u0117dyn\u0117 ir atlo\u0161as pagaminti i\u0161 patvarios med\u017eiagos, u\u017etikrinan\u010dios komfort\u0105 net ir ilgai naudojant. Ergonomi\u0161kas kont\u016bras padidina s\u0117d\u0117jimo komfort\u0105, o kruop\u0161\u010diai pagamintas medinis r\u0117mas garantuoja stabilum\u0105 ir patvarum\u0105 ilgus metus.<br \/>\n\u201eComo\u201c k\u0117d\u0117 \u2013 puikus pasirinkimas tiems, kurie vertina subtil\u0173 dizain\u0105 ir funkcionalius sprendimus. Ji puikiai tiks erdv\u0117ms, kuriose svarbi estetika ir komfortas. Ypatyb\u0117s: R\u0117mas: balta buko mediena; Apmu\u0161alai: pilka s\u0117dyn\u0117 ir atlo\u0161as; Ergonomika: patogi konstrukcija; Dizainas: universalus, tinka daugeliui interjer\u0173; Universalus panaudojimas: valgomajam, svetainei, biurui ar virtuvei.<\/p>\n<p>Prek\u0117s kodas MT_DREW-KRZ-COMO-BI-RIVIERA_91 Plotis 43 cm Gylis 51 cm S\u0117dyn\u0117s gylis 40 cm Auk\u0161tis 92 cm S\u0117dyn\u0117s auk\u0161tis 47 cm Kolekcija Como Spalva balta\/riviera 91 Gaubtas baltas Stilius modernus Med\u017eiaga mediena\/audinys R\u0117mas medinis Porankiai be poranki\u0173 Gamintojas Juoda Raudona Balta Bald\u0173 tipas K\u0117d\u0117s PVM mokestis 23% EAN 5906123123921<\/p>","protected":false},"excerpt":{"rendered":"<p>\u201eComo\u201c k\u0117d\u0117 \u2013 elegancija ir patogumas paprastume. \u201eComo\u201c k\u0117d\u0117 pasi\u017eymi minimalistiniu dizainu, derinamu su i\u0161skirtiniu komfortu. Pilkos spalvos apmu\u0161alai ir baltas r\u0117mas suteikia bet kokiam interjerui gaivumo ir lengvumo poj\u016bt\u012f, kartu pary\u0161kindami eleganti\u0161k\u0105 jos charakter\u012f. \u0160i universali k\u0117d\u0117 puikiai tinka klasikiniams valgomiesiems, moderniems gyvenamiesiems kambariams [\u2026]<\/p>","protected":false},"featured_media":260403,"comment_status":"open","ping_status":"open","template":"","meta":[],"product_brand":[],"product_cat":[9200,1930],"product_tag":[],"class_list":{"0":"post-260402","1":"product","2":"type-product","3":"status-publish","4":"has-post-thumbnail","6":"product_cat-black-red-white","7":"product_cat-chairs","9":"first","10":"instock","11":"purchasable","12":"product-type-simple"},"_links":{"self":[{"href":"https:\/\/baldumarket.lt\/lt\/wp-json\/wp\/v2\/product\/260402","targetHints":{"allow":["GET"]}}],"collection":[{"href":"https:\/\/baldumarket.lt\/lt\/wp-json\/wp\/v2\/product"}],"about":[{"href":"https:\/\/baldumarket.lt\/lt\/wp-json\/wp\/v2\/types\/product"}],"replies":[{"embeddable":true,"href":"https:\/\/baldumarket.lt\/lt\/wp-json\/wp\/v2\/comments?post=260402"}],"wp:featuredmedia":[{"embeddable":true,"href":"https:\/\/baldumarket.lt\/lt\/wp-json\/wp\/v2\/media\/260403"}],"wp:attachment":[{"href":"https:\/\/baldumarket.lt\/lt\/wp-json\/wp\/v2\/media?parent=260402"}],"wp:term":[{"taxonomy":"product_brand","embeddable":true,"href":"https:\/\/baldumarket.lt\/lt\/wp-json\/wp\/v2\/product_brand?post=260402"},{"taxonomy":"product_cat","embeddable":true,"href":"https:\/\/baldumarket.lt\/lt\/wp-json\/wp\/v2\/product_cat?post=260402"},{"taxonomy":"product_tag","embeddable":true,"href":"https:\/\/baldumarket.lt\/lt\/wp-json\/wp\/v2\/product_tag?post=260402"}],"curies":[{"name":"wp","href":"https:\/\/api.w.org\/{rel}","templated":true}]}}