{"id":260382,"date":"2026-01-13T22:56:45","date_gmt":"2026-01-13T19:56:45","guid":{"rendered":"https:\/\/baldumarket.lt\/product\/krzeslo-tapicerowane-campel-bialy-szary\/"},"modified":"2026-02-11T18:19:52","modified_gmt":"2026-02-11T15:19:52","slug":"krzeslo-tapicerowane-campel-bialy-szary","status":"publish","type":"product","link":"https:\/\/baldumarket.lt\/lt\/product\/krzeslo-tapicerowane-campel-bialy-szary\/","title":{"rendered":"CAMPEL mink\u0161ta k\u0117d\u0117, balta\/pilka"},"content":{"rendered":"<p>Filo k\u0117d\u0117 \u2013 skandinavi\u0161ko stiliaus komfortas. Filo k\u0117d\u0117 puikiai tinka skandinavi\u0161ko stiliaus interjerui, kuriame svarbiausia paprastumas, funkcionalumas ir jaukumas. Klasikin\u0117 groteli\u0173 atlo\u0161o ir lengvo dizaino k\u0117d\u0117 puikiai atrodys prie medinio valgomojo ar virtuv\u0117s stalo, suteikdama interjerui nat\u016bralumo ir harmoningumo.<\/p>\n<p>Mink\u0161ta, apmu\u0161ta s\u0117dyn\u0117, u\u017epildyta putomis ir aptraukta pilku audiniu, suteikia didesn\u012f komfort\u0105. Buko medienos r\u0117mas garantuoja patvarum\u0105 ir stabilum\u0105 daugel\u012f met\u0173, net ir intensyviai naudojant.<\/p>\n<p>K\u0117d\u0117 si\u016bloma trij\u0173 r\u0117mo spalv\u0173: klasikin\u0117s baltos, nat\u016bralaus Sonoma \u0105\u017euolo ir \u0161ilto Grandson \u0105\u017euolo \u2013 tod\u0117l j\u0105 lengva priderinti prie bet kokio interjero dizaino. Specialios savyb\u0117s: R\u0117mas: balta buko mediena. S\u0117dyn\u0117: pilkas audinys. Atlo\u0161as: grotel\u0117s, u\u017etikrinan\u010dios komfort\u0105 ir lengv\u0105 form\u0105. Skandinavi\u0161kas stilius \u2013 minimalizmas ir nat\u016brali estetika.<\/p>\n<p>Prek\u0117s kodas MT_DREW-KRZ-FILO-BI-BARREL_90 Plotis 43 cm Gylis 50 cm S\u0117dyn\u0117s gylis 40 cm Auk\u0161tis 94 cm S\u0117dyn\u0117s auk\u0161tis 47 cm Kolekcija Filo Spalva balta\/statin\u0117s formos 90 Gaubtas baltas Stilius modernus Med\u017eiaga mediena\/audinys R\u0117mas medinis Porankiai be poranki\u0173 Gamintojas Juoda Raudona Balta Bald\u0173 tipas K\u0117d\u0117s PVM mokestis 23% EAN 5906123124010<\/p>","protected":false},"excerpt":{"rendered":"<p>Filo Chair \u2013 Scandinavian-Style Comfort. The Filo chair is an excellent choice for Scandinavian-style interiors where simplicity, functionality, and coziness are key. With its classic, slatted backrest and light design, this chair will look perfect next to a wooden dining or kitchen table, giving the interior a natural and harmonious look. The soft, upholstered seat, [&hellip;]<\/p>","protected":false},"featured_media":260383,"comment_status":"open","ping_status":"open","template":"","meta":[],"product_brand":[],"product_cat":[9200,1930],"product_tag":[],"class_list":{"0":"post-260382","1":"product","2":"type-product","3":"status-publish","4":"has-post-thumbnail","6":"product_cat-black-red-white","7":"product_cat-chairs","9":"first","10":"instock","11":"purchasable","12":"product-type-simple"},"_links":{"self":[{"href":"https:\/\/baldumarket.lt\/lt\/wp-json\/wp\/v2\/product\/260382","targetHints":{"allow":["GET"]}}],"collection":[{"href":"https:\/\/baldumarket.lt\/lt\/wp-json\/wp\/v2\/product"}],"about":[{"href":"https:\/\/baldumarket.lt\/lt\/wp-json\/wp\/v2\/types\/product"}],"replies":[{"embeddable":true,"href":"https:\/\/baldumarket.lt\/lt\/wp-json\/wp\/v2\/comments?post=260382"}],"wp:featuredmedia":[{"embeddable":true,"href":"https:\/\/baldumarket.lt\/lt\/wp-json\/wp\/v2\/media\/260383"}],"wp:attachment":[{"href":"https:\/\/baldumarket.lt\/lt\/wp-json\/wp\/v2\/media?parent=260382"}],"wp:term":[{"taxonomy":"product_brand","embeddable":true,"href":"https:\/\/baldumarket.lt\/lt\/wp-json\/wp\/v2\/product_brand?post=260382"},{"taxonomy":"product_cat","embeddable":true,"href":"https:\/\/baldumarket.lt\/lt\/wp-json\/wp\/v2\/product_cat?post=260382"},{"taxonomy":"product_tag","embeddable":true,"href":"https:\/\/baldumarket.lt\/lt\/wp-json\/wp\/v2\/product_tag?post=260382"}],"curies":[{"name":"wp","href":"https:\/\/api.w.org\/{rel}","templated":true}]}}