{"id":260378,"date":"2026-01-13T22:56:42","date_gmt":"2026-01-13T19:56:42","guid":{"rendered":"https:\/\/baldumarket.lt\/product\/krzeslo-tapicerowane-campel-bialy-czarny\/"},"modified":"2026-02-11T18:19:52","modified_gmt":"2026-02-11T15:19:52","slug":"krzeslo-tapicerowane-campel-bialy-czarny","status":"publish","type":"product","link":"https:\/\/baldumarket.lt\/lt\/product\/krzeslo-tapicerowane-campel-bialy-czarny\/","title":{"rendered":"CAMPEL mink\u0161ta k\u0117d\u0117 balta\/juoda"},"content":{"rendered":"<p>\u201eCampel\u201c k\u0117d\u0117 \u2013 modernumas ir patogumas viename. \u201eCampel\u201c k\u0117d\u0117 \u2013 stilingas pasirinkimas valgomiesiems, svetain\u0117ms, biurams ir komercin\u0117ms erdv\u0117ms, kur svarbi ir estetika, ir kasdienis komfortas. Subtilus juodas apmu\u0161alas kartu su baltu r\u0117mu sukuria universali\u0105 ir harmoning\u0105 kompozicij\u0105, kuri lengvai der\u0117s prie daugumos interjer\u0173 \u2013 tiek skandinavi\u0161ko, tiek klasikinio, tiek modernaus.<\/p>\n<p>S\u0117dyn\u0117 aptraukta mink\u0161tu, maloniu liesti audiniu, kuris ne tik gerai atrodo, bet ir suteikia komfort\u0105 net ir ilgai s\u0117dint. Ergonomi\u0161ka atlo\u0161o forma palaiko nugar\u0105, u\u017etikrindama taisykling\u0105 laikysen\u0105, o tvirta konstrukcija u\u017etikrina stabilum\u0105 kasdieniam naudojimui.<\/p>\n<p>D\u0117l savo nesenstan\u010dio dizaino \u201eCampel\u201c k\u0117d\u0117 puikiai tinka kaip valgomojo stalo elementas, bet taip pat ir kaip s\u0117dyn\u0117 darbui ar mokymuisi. Specialios savyb\u0117s: R\u0117mas: balta buko mediena Apmu\u0161alai: juoda s\u0117dyn\u0117 ir atlo\u0161as Ergonomika: pritaikytas atlo\u0161as didesniam patogumui Dizainas: tinka daugeliui i\u0161d\u0117stym\u0173 Universalus naudojimas: valgomiesiems, svetain\u0117ms, biurams ir komercin\u0117ms erdv\u0117ms<\/p>\n<p>Prek\u0117s kodas MT_DREW-KRZ-CAMPEL-BI-OPIUM_99 Plotis 46 cm Gylis 55 cm S\u0117dyn\u0117s gylis 41 cm Auk\u0161tis 96 cm S\u0117dyn\u0117s auk\u0161tis 48 cm Kolekcija Campel Spalva balta\/opium 99 Gaubtas baltas Stilius modernus Med\u017eiaga mediena\/audinys R\u0117mas medinis Porankiai be poranki\u0173 Gamintojas Juoda Raudona Balta Bald\u0173 tipas K\u0117d\u0117s PVM mokestis 23% EAN 5906123123983<\/p>","protected":false},"excerpt":{"rendered":"<p>\u201eCampel\u201c k\u0117d\u0117 \u2013 modernumas ir patogumas viename. \u201eCampel\u201c k\u0117d\u0117 \u2013 stilingas pasirinkimas valgomiesiems, svetain\u0117ms, biurams ir komercin\u0117ms erdv\u0117ms, kur svarbi ir estetika, ir kasdienis komfortas. Subtilus juodas apmu\u0161alas kartu su baltu r\u0117mu sukuria universali\u0105 ir harmoning\u0105 kompozicij\u0105, kuri lengvai tiks prie daugumos interjer\u0173 [\u2026]<\/p>","protected":false},"featured_media":260379,"comment_status":"open","ping_status":"open","template":"","meta":[],"product_brand":[],"product_cat":[9200,1930],"product_tag":[],"class_list":{"0":"post-260378","1":"product","2":"type-product","3":"status-publish","4":"has-post-thumbnail","6":"product_cat-black-red-white","7":"product_cat-chairs","9":"first","10":"instock","11":"purchasable","12":"product-type-simple"},"_links":{"self":[{"href":"https:\/\/baldumarket.lt\/lt\/wp-json\/wp\/v2\/product\/260378","targetHints":{"allow":["GET"]}}],"collection":[{"href":"https:\/\/baldumarket.lt\/lt\/wp-json\/wp\/v2\/product"}],"about":[{"href":"https:\/\/baldumarket.lt\/lt\/wp-json\/wp\/v2\/types\/product"}],"replies":[{"embeddable":true,"href":"https:\/\/baldumarket.lt\/lt\/wp-json\/wp\/v2\/comments?post=260378"}],"wp:featuredmedia":[{"embeddable":true,"href":"https:\/\/baldumarket.lt\/lt\/wp-json\/wp\/v2\/media\/260379"}],"wp:attachment":[{"href":"https:\/\/baldumarket.lt\/lt\/wp-json\/wp\/v2\/media?parent=260378"}],"wp:term":[{"taxonomy":"product_brand","embeddable":true,"href":"https:\/\/baldumarket.lt\/lt\/wp-json\/wp\/v2\/product_brand?post=260378"},{"taxonomy":"product_cat","embeddable":true,"href":"https:\/\/baldumarket.lt\/lt\/wp-json\/wp\/v2\/product_cat?post=260378"},{"taxonomy":"product_tag","embeddable":true,"href":"https:\/\/baldumarket.lt\/lt\/wp-json\/wp\/v2\/product_tag?post=260378"}],"curies":[{"name":"wp","href":"https:\/\/api.w.org\/{rel}","templated":true}]}}