{"id":260375,"date":"2026-01-13T22:56:40","date_gmt":"2026-01-13T19:56:40","guid":{"rendered":"https:\/\/baldumarket.lt\/product\/krzeslo-tapicerowane-aren-dab-sonoma-szary\/"},"modified":"2026-02-11T18:19:52","modified_gmt":"2026-02-11T15:19:52","slug":"krzeslo-tapicerowane-aren-dab-sonoma-szary","status":"publish","type":"product","link":"https:\/\/baldumarket.lt\/lt\/product\/krzeslo-tapicerowane-aren-dab-sonoma-szary\/","title":{"rendered":"AREN apmu\u0161tas kr\u0117slas, sonoma \u0105\u017euolas\/pilka"},"content":{"rendered":"<p>\u201eAren\u201c k\u0117d\u0117 \u2013 patogumas ir elegancija kiekvienoje detal\u0117je. \u201eAren\u201c k\u0117d\u0117 \u2013 puikus pasirinkimas ie\u0161kantiems stilingo ir funkcionalaus baldo kasdieniam naudojimui. Aptraukta mink\u0161tu audiniu, ji puikiai dera prie modernaus, klasikinio ir net industrinio interjero estetikos. Subtilios spalvos ir paprastas dizainas paver\u010dia k\u0117d\u0119 puikiu bet kurio valgomojo, biuro ar svetain\u0117s papildymu.<\/p>\n<p>Patogi, ergonomi\u0161kai suformuota s\u0117dyn\u0117 u\u017etikrina komfort\u0105 net ir ilg\u0173 naudojimo valand\u0173 metu, o tvirtas buko medienos r\u0117mas garantuoja stabilum\u0105 ir ilgaam\u017ei\u0161kum\u0105. \u201eAren\u201c k\u0117d\u0117 derina eleganti\u0161k\u0105 dizain\u0105 ir prakti\u0161kum\u0105, tod\u0117l puikiai tinka bet kuriam kambariui. Savyb\u0117s: R\u0117mas: Sonoma \u0105\u017euolo spalvos buko mediena. Apmu\u0161alai: mink\u0161tas pilkas audinys. Patogumas: patogi s\u0117dyn\u0117 ir ergonomi\u0161kas atlo\u0161as. Dizainas: universalus, tinka daugeliui aplink\u0173. Patvari konstrukcija: idealiai tinka kasdieniam naudojimui.<\/p>\n<p>Prek\u0117s kodas MT_DREW-KRZ-AREN-DSO-BARREL_90 Plotis 43 cm Gylis 50 cm S\u0117dyn\u0117s gylis 40 cm Auk\u0161tis 92 cm S\u0117dyn\u0117s auk\u0161tis 47 cm Kolekcija Aren Spalva sonoma \u0105\u017euolas\/statin\u0117 90 Gaubtas \u0161viesi mediena Stilius modernus Med\u017eiaga mediena\/audinys R\u0117mas medis Porankiai be poranki\u0173 Gamintojas Juoda Raudona Balta Bald\u0173 tipas K\u0117d\u0117s PVM mokestis 23% EAN 5906123123907<\/p>","protected":false},"excerpt":{"rendered":"<p>\u201eAren\u201c k\u0117d\u0117 \u2013 patogumas ir elegancija kiekvienoje detal\u0117je. \u201eAren\u201c k\u0117d\u0117 \u2013 puikus pasirinkimas ie\u0161kantiems stilingo ir funkcionalaus baldo kasdieniam naudojimui. Aptraukta mink\u0161tu audiniu, ji puikiai dera prie modernaus, klasikinio ir net industrinio interjero estetikos. Subtilios spalvos ir paprastas dizainas [\u2026]<\/p>","protected":false},"featured_media":260376,"comment_status":"open","ping_status":"open","template":"","meta":[],"product_brand":[],"product_cat":[9200,1930],"product_tag":[],"class_list":{"0":"post-260375","1":"product","2":"type-product","3":"status-publish","4":"has-post-thumbnail","6":"product_cat-black-red-white","7":"product_cat-chairs","9":"first","10":"instock","11":"purchasable","12":"product-type-simple"},"_links":{"self":[{"href":"https:\/\/baldumarket.lt\/lt\/wp-json\/wp\/v2\/product\/260375","targetHints":{"allow":["GET"]}}],"collection":[{"href":"https:\/\/baldumarket.lt\/lt\/wp-json\/wp\/v2\/product"}],"about":[{"href":"https:\/\/baldumarket.lt\/lt\/wp-json\/wp\/v2\/types\/product"}],"replies":[{"embeddable":true,"href":"https:\/\/baldumarket.lt\/lt\/wp-json\/wp\/v2\/comments?post=260375"}],"wp:featuredmedia":[{"embeddable":true,"href":"https:\/\/baldumarket.lt\/lt\/wp-json\/wp\/v2\/media\/260376"}],"wp:attachment":[{"href":"https:\/\/baldumarket.lt\/lt\/wp-json\/wp\/v2\/media?parent=260375"}],"wp:term":[{"taxonomy":"product_brand","embeddable":true,"href":"https:\/\/baldumarket.lt\/lt\/wp-json\/wp\/v2\/product_brand?post=260375"},{"taxonomy":"product_cat","embeddable":true,"href":"https:\/\/baldumarket.lt\/lt\/wp-json\/wp\/v2\/product_cat?post=260375"},{"taxonomy":"product_tag","embeddable":true,"href":"https:\/\/baldumarket.lt\/lt\/wp-json\/wp\/v2\/product_tag?post=260375"}],"curies":[{"name":"wp","href":"https:\/\/api.w.org\/{rel}","templated":true}]}}