{"id":260359,"date":"2026-01-13T22:56:20","date_gmt":"2026-01-13T19:56:20","guid":{"rendered":"https:\/\/baldumarket.lt\/product\/krzeslo-tapicerowane-alla-3-czarny-szary\/"},"modified":"2026-02-11T18:19:52","modified_gmt":"2026-02-11T15:19:52","slug":"krzeslo-tapicerowane-alla-3-czarny-szary","status":"publish","type":"product","link":"https:\/\/baldumarket.lt\/lt\/product\/krzeslo-tapicerowane-alla-3-czarny-szary\/","title":{"rendered":"ALLA 3 mink\u0161ta k\u0117d\u0117, juoda\/pilka"},"content":{"rendered":"<p>ALLA 3 k\u0117d\u0117 \u2013 stiliaus ir komforto harmonija. ALLA 3 k\u0117d\u0117je derinamas \u0161iuolaiki\u0161kas dizainas ir kasdienis funkcionalumas. Mink\u0161tu audiniu aptraukta s\u0117dyn\u0117, u\u017epildyta putomis ir pritvirtinta prie tvirtos med\u017eio dro\u017eli\u0173 plok\u0161t\u0117s, u\u017etikrina komfort\u0105 ir ilgaam\u017ei\u0161kum\u0105 ilgus metus. Pilki apmu\u0161alai suteikia interjerui subtilios elegancijos, gerai dera su \u012fvairiomis spalv\u0173 palet\u0117mis.<br \/>\nJuodos spalvos i\u0161 tvirtos buko medienos pagamintas r\u0117mas suteikia modernumo. Stabilus atlo\u0161as suteikia patogi\u0105 nugaros atram\u0105, tod\u0117l k\u0117d\u0117 tinka ne tik prie stalo, bet ir biure ar poilsio erdv\u0117je.<br \/>\nPaprasta forma, kruop\u0161tus meistri\u0161kumas ir neutralios spalvos daro ALLA 3 k\u0117d\u0119 tinkan\u010di\u0105 minimalistiniam, skandinavi\u0161kam ar klasikiniam interjerui. Tai puikus pasirinkimas tiems, kurie vertina elegancij\u0105 ir patogum\u0105 kasdieniame naudojime. Specialios savyb\u0117s: R\u0117mas: juoda buko mediena S\u0117dyn\u0117s u\u017epildas: med\u017eio dro\u017eli\u0173 plok\u0161t\u0117 ir putplastis Apmu\u0161al\u0173 spalva: pilka Dizainas: modernus, paprastos formos Universalus panaudojimas: valgomasis, svetain\u0117, biuras<\/p>\n<p>Prek\u0117s kodas MT_DREW-KRZ-ALLA_3-CA-BARREL_90 Plotis 43 cm Gylis 51 cm S\u0117dyn\u0117s gylis 40 cm Auk\u0161tis 95 cm S\u0117dyn\u0117s auk\u0161tis 47 cm Kolekcija Alla Spalva juoda\/statin\u0117s formos 90 Gaubtas juodas Stilius modernus Med\u017eiaga mediena\/audinys R\u0117mas medinis Porankiai be poranki\u0173 Gamintojas Juoda Raudona Balta Bald\u0173 tipas K\u0117d\u0117s PVM mokestis 23% EAN 5906123136884<\/p>","protected":false},"excerpt":{"rendered":"<p>ALLA 3 k\u0117d\u0117 \u2013 stiliaus ir komforto harmonija. ALLA 3 k\u0117d\u0117je derinamas \u0161iuolaiki\u0161kas dizainas ir kasdienis funkcionalumas. Mink\u0161tu audiniu aptraukta s\u0117dyn\u0117, u\u017epildyta putomis ir pritvirtinta prie tvirtos med\u017eio dro\u017eli\u0173 plok\u0161t\u0117s, u\u017etikrina komfort\u0105 ir ilgaam\u017ei\u0161kum\u0105 ilgus metus. Pilki apmu\u0161alai suteikia interjerui subtilios elegancijos, gerai dera su \u012fvairiomis [\u2026]<\/p>","protected":false},"featured_media":260360,"comment_status":"open","ping_status":"open","template":"","meta":[],"product_brand":[],"product_cat":[9200,1930],"product_tag":[],"class_list":{"0":"post-260359","1":"product","2":"type-product","3":"status-publish","4":"has-post-thumbnail","6":"product_cat-black-red-white","7":"product_cat-chairs","9":"first","10":"instock","11":"purchasable","12":"product-type-simple"},"_links":{"self":[{"href":"https:\/\/baldumarket.lt\/lt\/wp-json\/wp\/v2\/product\/260359","targetHints":{"allow":["GET"]}}],"collection":[{"href":"https:\/\/baldumarket.lt\/lt\/wp-json\/wp\/v2\/product"}],"about":[{"href":"https:\/\/baldumarket.lt\/lt\/wp-json\/wp\/v2\/types\/product"}],"replies":[{"embeddable":true,"href":"https:\/\/baldumarket.lt\/lt\/wp-json\/wp\/v2\/comments?post=260359"}],"wp:featuredmedia":[{"embeddable":true,"href":"https:\/\/baldumarket.lt\/lt\/wp-json\/wp\/v2\/media\/260360"}],"wp:attachment":[{"href":"https:\/\/baldumarket.lt\/lt\/wp-json\/wp\/v2\/media?parent=260359"}],"wp:term":[{"taxonomy":"product_brand","embeddable":true,"href":"https:\/\/baldumarket.lt\/lt\/wp-json\/wp\/v2\/product_brand?post=260359"},{"taxonomy":"product_cat","embeddable":true,"href":"https:\/\/baldumarket.lt\/lt\/wp-json\/wp\/v2\/product_cat?post=260359"},{"taxonomy":"product_tag","embeddable":true,"href":"https:\/\/baldumarket.lt\/lt\/wp-json\/wp\/v2\/product_tag?post=260359"}],"curies":[{"name":"wp","href":"https:\/\/api.w.org\/{rel}","templated":true}]}}