{"id":260347,"date":"2026-01-13T22:56:10","date_gmt":"2026-01-13T19:56:10","guid":{"rendered":"https:\/\/baldumarket.lt\/product\/kontenerek-z-trzema-szufladami-gent-42-cm-dab-stirling\/"},"modified":"2026-02-11T18:19:52","modified_gmt":"2026-02-11T15:19:52","slug":"kontenerek-z-trzema-szufladami-gent-42-cm-dab-stirling","status":"publish","type":"product","link":"https:\/\/baldumarket.lt\/lt\/product\/kontenerek-z-trzema-szufladami-gent-42-cm-dab-stirling\/","title":{"rendered":"GENT spintel\u0117 su 3 stal\u010diais 42 cm, Stirling \u0105\u017euolas"},"content":{"rendered":"<p>\u201eGent\u201c konteineris \u2013 j\u016bs\u0173 mobilus organizatorius. \u201eGent\u201c kolekcija \u2013 tikras i\u0161sigelb\u0117jimas elegancijos ir modernaus interjero m\u0117g\u0117jams. \u0160ioje kolekcijoje taip pat yra \u201eGent\u201c konteineris, kuris gali b\u016bti vienas funkcionaliausi\u0173 biuro \u012frangos element\u0173. Leiskite man parodyti visus \u0161io mobiliojo organizatoriaus privalumus. \u201eGent\u201c konteineris yra ne\u012ftik\u0117tinai funkcionalus, ypa\u010d biuro aplinkoje. Trys patog\u016bs stal\u010diai yra puiki vieta laikyti dokumentus, biuro reikmenis ir kitus svarbius daiktus. Tai leid\u017eia palaikyti tvark\u0105 ant stalo ir tur\u0117ti visus b\u016btiniausius daiktus po ranka. Tai ypa\u010d svarbu efektyviam ir organizuotam darbui. \u201eGent\u201c konteineris yra \u0161iltos Stirlingo \u0105\u017euolo spalvos, su matomu medienos ra\u0161tu ir lytima tikros medienos tekst\u016bra. \u0160i apdaila suteikia baldams eleganti\u0161ko ir klasikinio \u017eavesio, tod\u0117l jie puikiai tinka \u012fvairiems biuro ir interjero stiliams. Lengvai naudojami pasukami ratukai leid\u017eia lengvai perkelti konteiner\u012f, nerizikuojant \u012fbr\u0117\u017eti grind\u0173. Tai leid\u017eia lengvai reguliuoti jo viet\u0105 biure, atsi\u017evelgiant \u012f j\u016bs\u0173 poreikius ir erdv\u0117s organizavim\u0105. Kompakti\u0161ki konteinerio matmenys leid\u017eia j\u012f pastatyti prakti\u0161kai bet kur arba net diskreti\u0161kai pasl\u0117pti po stalu. \u0160is sprendimas ypa\u010d naudingas ma\u017euose biuruose, kur kiekvienas erdv\u0117s centimetras yra brangus. Firmin\u0117s b\u0117gel\u0117s su \u0161velnaus u\u017edarymo sistema u\u017etikrina patog\u0173 \u201eGent\u201c konteinerio naudojim\u0105. Stal\u010diai atsidaro ir u\u017esidaro skland\u017eiai ir tyliai, o tai labai svarbu biuro aplinkoje. \u201eGent\u201c kolekcija si\u016blo plat\u0173 element\u0173 pasirinkim\u0105, kuriuos galima laisvai derinti ir sukurti unikalius i\u0161d\u0117stymus j\u016bs\u0173 biure ar bute. Tai suteikia jums visi\u0161k\u0105 laisv\u0119 kurti erdv\u0119, atspindin\u010di\u0105 j\u016bs\u0173 asmenin\u012f stili\u0173 ir poreikius. Trumpai tariant, \u201eGent\u201c konteineris yra mobilus organizatorius, kuris tikrai supaprastins j\u016bs\u0173 kasdien\u012f darb\u0105 biure. Jo funkcionalumas, stabilumas, eleganti\u0161kas dizainas ir lengvas mobilumas daro j\u012f puikiu j\u016bs\u0173 biuro erdv\u0117s papildymu. Derindami \u012fvairius \u201eGent\u201c kolekcijos elementus, galite sukurti unikalius i\u0161d\u0117stymus, kurie atitiks visus j\u016bs\u0173 l\u016bkes\u010dius.<\/p>\n<p>Prek\u0117s kodas S228-KON3S\/6\/4-DAST Simbolis ZM EAN Plotis 42 cm Gylis 38 cm Auk\u0161tis 60 cm Kolekcija Gent Spalva stirling \u0105\u017euolas Atspalvis tamsi mediena Stilius modernus Dureli\u0173 skai\u010dius be dur\u0173 Stal\u010di\u0173 skai\u010dius 3 stal\u010diai Rankena su rankenomis Gamintojas Juoda Raudona Balta Baldo tipas Komodos PVM 23% EAN 5906123922821<\/p>","protected":false},"excerpt":{"rendered":"<p>\u201eGent\u201c konteineris \u2013 j\u016bs\u0173 mobilus organizatorius. \u201eGent\u201c kolekcija \u2013 tikras i\u0161sigelb\u0117jimas elegancijos ir modernaus interjero m\u0117g\u0117jams. \u0160ioje kolekcijoje taip pat yra \u201eGent\u201c konteineris, kuris gali b\u016bti vienas funkcionaliausi\u0173 biuro \u012frangos element\u0173. Leiskite man parodyti jums visus \u0161io mobiliojo organizatoriaus privalumus. \u201eGent\u201c konteineris yra ne\u012ftik\u0117tinai [\u2026]<\/p>","protected":false},"featured_media":260348,"comment_status":"open","ping_status":"open","template":"","meta":[],"product_brand":[],"product_cat":[9200,9120],"product_tag":[],"class_list":{"0":"post-260347","1":"product","2":"type-product","3":"status-publish","4":"has-post-thumbnail","6":"product_cat-black-red-white","7":"product_cat-cabinets","9":"first","10":"instock","11":"purchasable","12":"product-type-simple"},"_links":{"self":[{"href":"https:\/\/baldumarket.lt\/lt\/wp-json\/wp\/v2\/product\/260347","targetHints":{"allow":["GET"]}}],"collection":[{"href":"https:\/\/baldumarket.lt\/lt\/wp-json\/wp\/v2\/product"}],"about":[{"href":"https:\/\/baldumarket.lt\/lt\/wp-json\/wp\/v2\/types\/product"}],"replies":[{"embeddable":true,"href":"https:\/\/baldumarket.lt\/lt\/wp-json\/wp\/v2\/comments?post=260347"}],"wp:featuredmedia":[{"embeddable":true,"href":"https:\/\/baldumarket.lt\/lt\/wp-json\/wp\/v2\/media\/260348"}],"wp:attachment":[{"href":"https:\/\/baldumarket.lt\/lt\/wp-json\/wp\/v2\/media?parent=260347"}],"wp:term":[{"taxonomy":"product_brand","embeddable":true,"href":"https:\/\/baldumarket.lt\/lt\/wp-json\/wp\/v2\/product_brand?post=260347"},{"taxonomy":"product_cat","embeddable":true,"href":"https:\/\/baldumarket.lt\/lt\/wp-json\/wp\/v2\/product_cat?post=260347"},{"taxonomy":"product_tag","embeddable":true,"href":"https:\/\/baldumarket.lt\/lt\/wp-json\/wp\/v2\/product_tag?post=260347"}],"curies":[{"name":"wp","href":"https:\/\/api.w.org\/{rel}","templated":true}]}}