{"id":260339,"date":"2026-01-13T22:56:05","date_gmt":"2026-01-13T19:56:05","guid":{"rendered":"https:\/\/baldumarket.lt\/product\/kontenerek-z-szufladami-na-kolkach-office-lux-jasny-szary\/"},"modified":"2026-02-11T18:19:52","modified_gmt":"2026-02-11T15:19:52","slug":"kontenerek-z-szufladami-na-kolkach-office-lux-jasny-szary","status":"publish","type":"product","link":"https:\/\/baldumarket.lt\/lt\/product\/kontenerek-z-szufladami-na-kolkach-office-lux-jasny-szary\/","title":{"rendered":"OFFICE LUX \u0161viesiai pilka stal\u010di\u0173 spintel\u0117 ant ratuk\u0173"},"content":{"rendered":"<p>\u201eOffice Lux\u201c stal\u010di\u0173 spintel\u0117. \u0160i \u201eOffice Lux\u201c stal\u010di\u0173 spintel\u0117 ant ratuk\u0173 \u2013 tai estetik\u0105 ir funkcionalum\u0105 derinantis biuro baldas, puikiai tinkantis \u0161iuolaikiniams biurams. Erdvi, ta\u010diau kompakti\u0161ka \u201eOffice Lux\u201c spintel\u0117 gali atlikti \u012fvairias funkcijas. J\u0105 galima pastatyti po stalu, sukuriant papildomos vietos dokumentams, arba naudoti kaip atskir\u0105 interjero dizaino element\u0105. Trys prakti\u0161ki stal\u010diai leid\u017eia tvarkingai laikyti \u012fvairius daiktus, o vir\u0161utinis stal\u010dius su u\u017eraktu u\u017etikrina saugi\u0105 viet\u0105 svarbiems dokumentams. Spintel\u0117s korpusas yra \u0161viesiai pilkos spalvos, o fasadai pagaminti i\u0161 stiklo, nuda\u017eyto eleganti\u0161ka grafito spalva. Paprastos chromuotos ranken\u0117l\u0117s ne tik palengvina prieig\u0105 prie stal\u010di\u0173, bet ir yra dekoratyvinis elementas. \u201eOffice Lux\u201c spintel\u0119 dar labiau praturtina ratukai, leid\u017eiantys lengvai perkelti j\u0105 \u012f bet kuri\u0105 viet\u0105.<\/p>\n<p>Kartu su \u201eOffice Lux\u201c kolekcijos ra\u0161omuoju stalu ir lentyn\u0173 komplektu galite sukurti ergonomi\u0161k\u0105 ir esteti\u0161kai patraukli\u0105 biuro erdv\u0119, m\u0117gaudamiesi visapusi\u0161ku biuro dizainu.<\/p>\n<p>Prek\u0117s kodas S363-KON3S-JSZ\/GF Simbolis ZM EAN Plotis 40,2 cm Gylis 38,5 cm Auk\u0161tis 58,2 cm Kolekcija Office Lux Spalva \u0161viesiai pilka\/grafito pilkas atspalvis Stilius modernus Med\u017eiaga laminatas Dureli\u0173 skai\u010dius be dur\u0173 Stal\u010di\u0173 skai\u010dius 3 stal\u010diai Rankena su rankenomis Gamintojas Juoda Raudona Balta Baldo tipas Komodos PVM 23% EAN 5906123927024<\/p>","protected":false},"excerpt":{"rendered":"<p>\u201eOffice Lux\u201c stal\u010di\u0173 spintel\u0117. \u0160i \u201eOffice Lux\u201c stal\u010di\u0173 spintel\u0117 ant ratuk\u0173 yra biuro baldas, kuriame dera estetika ir funkcionalumas, puikiai tinkantis \u0161iuolaikiniams biurams. Erdvi, ta\u010diau kompakti\u0161ka \u201eOffice Lux\u201c spintel\u0117 gali atlikti \u012fvairias funkcijas. J\u0105 galima pastatyti po stalu, sukuriant papildomos vietos dokumentams, arba naudoti kaip [\u2026]<\/p>","protected":false},"featured_media":260340,"comment_status":"open","ping_status":"open","template":"","meta":[],"product_brand":[],"product_cat":[9200,9120],"product_tag":[],"class_list":{"0":"post-260339","1":"product","2":"type-product","3":"status-publish","4":"has-post-thumbnail","6":"product_cat-black-red-white","7":"product_cat-cabinets","9":"first","10":"instock","11":"purchasable","12":"product-type-simple"},"_links":{"self":[{"href":"https:\/\/baldumarket.lt\/lt\/wp-json\/wp\/v2\/product\/260339","targetHints":{"allow":["GET"]}}],"collection":[{"href":"https:\/\/baldumarket.lt\/lt\/wp-json\/wp\/v2\/product"}],"about":[{"href":"https:\/\/baldumarket.lt\/lt\/wp-json\/wp\/v2\/types\/product"}],"replies":[{"embeddable":true,"href":"https:\/\/baldumarket.lt\/lt\/wp-json\/wp\/v2\/comments?post=260339"}],"wp:featuredmedia":[{"embeddable":true,"href":"https:\/\/baldumarket.lt\/lt\/wp-json\/wp\/v2\/media\/260340"}],"wp:attachment":[{"href":"https:\/\/baldumarket.lt\/lt\/wp-json\/wp\/v2\/media?parent=260339"}],"wp:term":[{"taxonomy":"product_brand","embeddable":true,"href":"https:\/\/baldumarket.lt\/lt\/wp-json\/wp\/v2\/product_brand?post=260339"},{"taxonomy":"product_cat","embeddable":true,"href":"https:\/\/baldumarket.lt\/lt\/wp-json\/wp\/v2\/product_cat?post=260339"},{"taxonomy":"product_tag","embeddable":true,"href":"https:\/\/baldumarket.lt\/lt\/wp-json\/wp\/v2\/product_tag?post=260339"}],"curies":[{"name":"wp","href":"https:\/\/api.w.org\/{rel}","templated":true}]}}