{"id":260335,"date":"2026-01-13T22:56:02","date_gmt":"2026-01-13T19:56:02","guid":{"rendered":"https:\/\/baldumarket.lt\/product\/kontenerek-z-szufladami-na-kolkach-brw-office-40-cm-dab-sonoma\/"},"modified":"2026-02-11T18:19:52","modified_gmt":"2026-02-11T15:19:52","slug":"kontenerek-z-szufladami-na-kolkach-brw-office-40-cm-dab-sonoma","status":"publish","type":"product","link":"https:\/\/baldumarket.lt\/lt\/product\/kontenerek-z-szufladami-na-kolkach-brw-office-40-cm-dab-sonoma\/","title":{"rendered":"BRW OFFICE 40 cm Sonoma \u0105\u017euolo konteineris su stal\u010diais ant ratuk\u0173"},"content":{"rendered":"<p>BRW biuro pjedestalas su stal\u010diais \u2013 puikiai tinka po stalu. \u0160is BRW Office kolekcijos pjedestalas yra mobilus ir funkcionalus elementas, idealiai tinkantis prakti\u0161kam i\u0161d\u0117stymui moderniame biure. \u0160ios serijos baldai leid\u017eia susikurti svajoni\u0173 biuro erdv\u0119. Pjedestalas turi tris prakti\u0161kus stal\u010dius, kurie leid\u017eia patogiai laikyti dokumentus ir palaikyti tvark\u0105 darbo vietoje. D\u0117l pasukam\u0173 ratuk\u0173 pjedestal\u0105 lengva perkelti, tod\u0117l galite pritaikyti jo pad\u0117t\u012f pagal savo poreikius. D\u0117l savo mobilumo j\u012f galima lengvai pastatyti \u012fvairiose biuro vietose, o tai padidina jo funkcionalum\u0105. Sonoma \u0105\u017euolo apdaila pasi\u017eymi esteti\u0161ku patrauklumu, o matoma medienos tekst\u016bra suteikia jam charakterio. Paprastos ranken\u0117l\u0117s ne tik palengvina stal\u010di\u0173 naudojim\u0105, bet ir papildo modern\u0173 bald\u0173 stili\u0173. Kompakti\u0161ki pjedestalo matmenys leid\u017eia j\u012f pasl\u0117pti po stalu arba pastatyti ma\u017eame biure, tod\u0117l jis yra prakti\u0161kas bet kurio biuro papildymas. Jis taip pat dera su kitais BRW Office kolekcijos elementais, sukurdamas darn\u0173 ir funkcional\u0173 biuro i\u0161d\u0117stym\u0105.<\/p>\n<p>Prek\u0117s kodas S173-KON3S\/40-DSO Simbolis ZM EAN Plotis 40 cm Gylis 38,5 cm Auk\u0161tis 56 cm Kolekcija Miegamasis biuro stalvir\u0161is Spalva sonoma \u0105\u017euolas Gaubtas \u0161viesi mediena Stilius modernus Med\u017eiaga laminatas Dur\u0173 skai\u010dius be dur\u0173 Stal\u010di\u0173 skai\u010dius be stal\u010di\u0173 Gamintojas Juoda Raudona Balta Baldo tipas Komodos PVM mokestis 23% EAN 5906123921398<\/p>","protected":false},"excerpt":{"rendered":"<p>BRW biuro stal\u010dius su stal\u010diais \u2013 puikiai tinka po stalu. \u0160is BRW biuro kolekcijos stal\u010dius yra mobilus ir funkcionalus elementas, idealiai tinkantis prakti\u0161kam i\u0161d\u0117stymui moderniame biure. \u0160ios serijos baldai leid\u017eia susikurti svajoni\u0173 biuro erdv\u0119. Stal\u010dius turi tris prakti\u0161kus stal\u010dius, kurie palengvina [\u2026]<\/p>","protected":false},"featured_media":260336,"comment_status":"open","ping_status":"open","template":"","meta":[],"product_brand":[],"product_cat":[9200,9120],"product_tag":[],"class_list":{"0":"post-260335","1":"product","2":"type-product","3":"status-publish","4":"has-post-thumbnail","6":"product_cat-black-red-white","7":"product_cat-cabinets","9":"first","10":"instock","11":"purchasable","12":"product-type-simple"},"_links":{"self":[{"href":"https:\/\/baldumarket.lt\/lt\/wp-json\/wp\/v2\/product\/260335","targetHints":{"allow":["GET"]}}],"collection":[{"href":"https:\/\/baldumarket.lt\/lt\/wp-json\/wp\/v2\/product"}],"about":[{"href":"https:\/\/baldumarket.lt\/lt\/wp-json\/wp\/v2\/types\/product"}],"replies":[{"embeddable":true,"href":"https:\/\/baldumarket.lt\/lt\/wp-json\/wp\/v2\/comments?post=260335"}],"wp:featuredmedia":[{"embeddable":true,"href":"https:\/\/baldumarket.lt\/lt\/wp-json\/wp\/v2\/media\/260336"}],"wp:attachment":[{"href":"https:\/\/baldumarket.lt\/lt\/wp-json\/wp\/v2\/media?parent=260335"}],"wp:term":[{"taxonomy":"product_brand","embeddable":true,"href":"https:\/\/baldumarket.lt\/lt\/wp-json\/wp\/v2\/product_brand?post=260335"},{"taxonomy":"product_cat","embeddable":true,"href":"https:\/\/baldumarket.lt\/lt\/wp-json\/wp\/v2\/product_cat?post=260335"},{"taxonomy":"product_tag","embeddable":true,"href":"https:\/\/baldumarket.lt\/lt\/wp-json\/wp\/v2\/product_tag?post=260335"}],"curies":[{"name":"wp","href":"https:\/\/api.w.org\/{rel}","templated":true}]}}