{"id":260327,"date":"2026-01-13T22:55:56","date_gmt":"2026-01-13T19:55:56","guid":{"rendered":"https:\/\/baldumarket.lt\/product\/kontenerek-z-dwoma-szufladami-weston-46-cm-sosna-old-style-ciemna-matera\/"},"modified":"2026-02-11T18:19:52","modified_gmt":"2026-02-11T15:19:52","slug":"kontenerek-z-dwoma-szufladami-weston-46-cm-sosna-old-style-ciemna-matera","status":"publish","type":"product","link":"https:\/\/baldumarket.lt\/lt\/product\/kontenerek-z-dwoma-szufladami-weston-46-cm-sosna-old-style-ciemna-matera\/","title":{"rendered":"WESTON 46 cm senovinio stiliaus tamsi pus\u0161is\/\u010diu\u017einys su dviem stal\u010diais"},"content":{"rendered":"<p>\u201eWeston\u201c konteineris \u2013 tvarka ir stilius vos ranka pasiekiami. Prad\u0117ti dien\u0105 susiradus \u017eadintuv\u0105 ar telefon\u0105 gali b\u016bti lengviau nei manote, kai \u0161alia lovos turite prakti\u0161k\u0105 \u201eWeston\u201c konteiner\u012f. Tai ne tik vieta smulkiems daiktams, bet ir eleganti\u0161kas kambario papildymas, derinantis funkcionalum\u0105 ir stili\u0173. Su dviem stal\u010diais \u201eWeston\u201c konteineris suteikia papildomos vietos vaistams, kosmetikai, papuo\u0161alams ir kitiems b\u016btiniausiems daiktams laikyti. Idealiai tinka tiek kaip naktinis staliukas, tiek kaip stalo papildymas, leid\u017eiantis laikyti mokyklines prekes, dail\u0117s reikmenis ar svarbius dokumentus. Konteinerio lofto stili\u0173 pabr\u0117\u017eia pastorinti \u0161onai ir vir\u0161us, taip pat unikalios, tvirtos rankenos. Meni\u0161ko \u0105\u017euolo fasadai perteikia nat\u016brali\u0105 neapdorotos medienos i\u0161vaizd\u0105, harmoningai papildydami tams\u0173 \u201eMatera\u201c korpus\u0105. Kompakti\u0161ki matmenys (46 x 40 x 50,5 cm) rei\u0161kia, kad konteineris neu\u017eima daug vietos, tod\u0117l idealiai tinka pastatyti \u0161alia lovos, ma\u017eoje ni\u0161oje ar po stalu. \u201eWeston\u201c spintel\u0117 yra ne tik prakti\u0161kas baldas, bet ir stilingas vaiko ar paauglio kambario papildymas. Galima rinktis i\u0161 dviej\u0173 spalv\u0173 (senovinio stiliaus pu\u0161ies \/ \u201eMatera\u201c ir meni\u0161ko \u0105\u017euolo \/ \u201eMatera\u201c), tod\u0117l j\u0105 galima pritaikyti prie individuali\u0173 pageidavim\u0173 ir interjero charakterio. Trumpai tariant, \u201eWeston\u201c spintel\u0117 yra sprendimas, leid\u017eiantis palaikyti tvark\u0105 neaukojant estetikos. Tai prakti\u0161kas akcentas, suteikiantis paauglio kambariui funkcionalumo ir modernaus dizaino.<\/p>\n<p>Prek\u0117s kodas S483-KTN2S-SOSTC\/MTA Simbolis ZM EAN Plotis 46 cm Gylis 40 cm Auk\u0161tis 50,5 cm Kolekcija Weston Spalva senovinio stiliaus tamsi pu\u0161is\/matera Gaubtas tamsi mediena Stilius modernus Med\u017eiaga laminatas Dureli\u0173 skai\u010dius be dur\u0173 Stal\u010di\u0173 skai\u010dius 2 stal\u010diai Rankena su rankenomis Gamintojas Juoda Raudona Balta Baldo tipas Komodos PVM 23% EAN 5906123708326<\/p>","protected":false},"excerpt":{"rendered":"<p>\u201eWeston\u201c konteineris \u2013 tvarka ir stilius ranka pasiekiami. Prad\u0117ti dien\u0105 susiradus \u017eadintuv\u0105 ar telefon\u0105 gali b\u016bti lengviau nei manote, kai \u0161alia lovos turite prakti\u0161k\u0105 \u201eWeston\u201c konteiner\u012f. Tai ne tik vieta smulkiems daiktams, bet ir eleganti\u0161kas j\u016bs\u0173 kambario papildymas, apjungiantis funkcionalum\u0105 [\u2026]<\/p>","protected":false},"featured_media":260328,"comment_status":"open","ping_status":"open","template":"","meta":[],"product_brand":[],"product_cat":[9200,9120],"product_tag":[],"class_list":{"0":"post-260327","1":"product","2":"type-product","3":"status-publish","4":"has-post-thumbnail","6":"product_cat-black-red-white","7":"product_cat-cabinets","9":"first","10":"instock","11":"purchasable","12":"product-type-simple"},"_links":{"self":[{"href":"https:\/\/baldumarket.lt\/lt\/wp-json\/wp\/v2\/product\/260327","targetHints":{"allow":["GET"]}}],"collection":[{"href":"https:\/\/baldumarket.lt\/lt\/wp-json\/wp\/v2\/product"}],"about":[{"href":"https:\/\/baldumarket.lt\/lt\/wp-json\/wp\/v2\/types\/product"}],"replies":[{"embeddable":true,"href":"https:\/\/baldumarket.lt\/lt\/wp-json\/wp\/v2\/comments?post=260327"}],"wp:featuredmedia":[{"embeddable":true,"href":"https:\/\/baldumarket.lt\/lt\/wp-json\/wp\/v2\/media\/260328"}],"wp:attachment":[{"href":"https:\/\/baldumarket.lt\/lt\/wp-json\/wp\/v2\/media?parent=260327"}],"wp:term":[{"taxonomy":"product_brand","embeddable":true,"href":"https:\/\/baldumarket.lt\/lt\/wp-json\/wp\/v2\/product_brand?post=260327"},{"taxonomy":"product_cat","embeddable":true,"href":"https:\/\/baldumarket.lt\/lt\/wp-json\/wp\/v2\/product_cat?post=260327"},{"taxonomy":"product_tag","embeddable":true,"href":"https:\/\/baldumarket.lt\/lt\/wp-json\/wp\/v2\/product_tag?post=260327"}],"curies":[{"name":"wp","href":"https:\/\/api.w.org\/{rel}","templated":true}]}}