{"id":260319,"date":"2026-01-13T22:55:48","date_gmt":"2026-01-13T19:55:48","guid":{"rendered":"https:\/\/baldumarket.lt\/product\/kontenerek-z-czterema-szufladami-space-office-42-cm-dab-artisan\/"},"modified":"2026-02-11T18:19:52","modified_gmt":"2026-02-11T15:19:52","slug":"kontenerek-z-czterema-szufladami-space-office-42-cm-dab-artisan","status":"publish","type":"product","link":"https:\/\/baldumarket.lt\/lt\/product\/kontenerek-z-czterema-szufladami-space-office-42-cm-dab-artisan\/","title":{"rendered":"SPACE OFFICE spintel\u0117 su keturiais stal\u010diais, 42 cm, dirbtinio \u0105\u017euolo spalvos"},"content":{"rendered":"<p>\u201eSpace\u201c biuro postamentas \u2013 prakti\u0161kas sprendimas darbo komfortui. Pakankama vieta dokumentams ir biuro reikmenims laikyti yra esminis funkcionalios darbo vietos elementas. \u201eSpace\u201c biuro postamentas yra klasikinis baldas, puikiai papildantis j\u016bs\u0173 stal\u0105, u\u017etikrinantis komfort\u0105 ir saugum\u0105. Su stal\u010diais ir rakinamu raktu \u201eSpace\u201c biuro postamentas yra puikus sprendimas asmeniniams daiktams ar svarbiems biuro dokumentams laikyti. J\u016bs\u0173 ir j\u016bs\u0173 darbuotoj\u0173 saugumas yra prioritetas, tod\u0117l rakinami stal\u010diai apsaugo nuo neteis\u0117tos prieigos. \u0160velniai u\u017esidaran\u010dios b\u0117gel\u0117s ne tik padidina naudojimo komfort\u0105, bet ir prisideda prie jo ilgaam\u017ei\u0161kumo. Jo matmenys leid\u017eia j\u012f pastatyti po stalvir\u0161iu, \u0161alia stalo ar net kaip prakti\u0161k\u0105 spausdintuvo spintel\u0119. \u0160io baldo lankstumas leid\u017eia j\u012f lengvai pritaikyti prie j\u016bs\u0173 poreiki\u0173 ir biuro erdv\u0117s i\u0161d\u0117stymo. Pagamintas i\u0161 auk\u0161tos kokyb\u0117s laminuotos plok\u0161t\u0117s, postamentas yra atsparus \u012fbr\u0117\u017eimams, u\u017etikrinantis ilgalaik\u0119 estetik\u0105. \u201eSpace\u201c biuro postamentas yra ne tik prakti\u0161kas daikt\u0173 laikymo sprendimas, bet ir puikus visos \u201eSpace\u201c biuro bald\u0173 serijos papildymas. Tai leid\u017eia sukurti darni\u0105 ir funkcionali\u0105 biuro erdv\u0119, kurioje kiekviena detal\u0117 svarbi efektyvumui ir darbo komfortui.<\/p>\n<p>Prek\u0117s kodas S479-KTN4S-DASN Simbolis ZM EAN Plotis 50 cm Gylis 50 cm Auk\u0161tis 75,5 cm Kolekcija Space Office Spalva meni\u0161kas \u0105\u017euolas Atspalvis \u0161viesus medis Stilius modernus Med\u017eiaga laminatas Dureli\u0173 skai\u010dius be dur\u0173 Stal\u010di\u0173 skai\u010dius 4 stal\u010diai Rankena su rankenomis Gamintojas Juoda Raudona Balta Baldo tipas Komodos PVM 23% EAN 5906123707459<\/p>","protected":false},"excerpt":{"rendered":"<p>\u201eSpace Office\u201c pjedestalas \u2013 prakti\u0161kas sprendimas darbo komfortui. Tinkama vieta dokumentams ir biuro reikmenims laikyti yra esminis funkcionalios darbo vietos elementas. \u201eSpace Office\u201c pjedestalas yra klasikinis baldas, puikiai papildantis j\u016bs\u0173 stal\u0105, u\u017etikrinantis ir komfort\u0105, ir saugum\u0105. Su stal\u010diais ir rakinamu raktu, \u201eSpace Office\u201c [\u2026]<\/p>","protected":false},"featured_media":260320,"comment_status":"open","ping_status":"open","template":"","meta":[],"product_brand":[],"product_cat":[9200,9120],"product_tag":[],"class_list":{"0":"post-260319","1":"product","2":"type-product","3":"status-publish","4":"has-post-thumbnail","6":"product_cat-black-red-white","7":"product_cat-cabinets","9":"first","10":"instock","11":"purchasable","12":"product-type-simple"},"_links":{"self":[{"href":"https:\/\/baldumarket.lt\/lt\/wp-json\/wp\/v2\/product\/260319","targetHints":{"allow":["GET"]}}],"collection":[{"href":"https:\/\/baldumarket.lt\/lt\/wp-json\/wp\/v2\/product"}],"about":[{"href":"https:\/\/baldumarket.lt\/lt\/wp-json\/wp\/v2\/types\/product"}],"replies":[{"embeddable":true,"href":"https:\/\/baldumarket.lt\/lt\/wp-json\/wp\/v2\/comments?post=260319"}],"wp:featuredmedia":[{"embeddable":true,"href":"https:\/\/baldumarket.lt\/lt\/wp-json\/wp\/v2\/media\/260320"}],"wp:attachment":[{"href":"https:\/\/baldumarket.lt\/lt\/wp-json\/wp\/v2\/media?parent=260319"}],"wp:term":[{"taxonomy":"product_brand","embeddable":true,"href":"https:\/\/baldumarket.lt\/lt\/wp-json\/wp\/v2\/product_brand?post=260319"},{"taxonomy":"product_cat","embeddable":true,"href":"https:\/\/baldumarket.lt\/lt\/wp-json\/wp\/v2\/product_cat?post=260319"},{"taxonomy":"product_tag","embeddable":true,"href":"https:\/\/baldumarket.lt\/lt\/wp-json\/wp\/v2\/product_tag?post=260319"}],"curies":[{"name":"wp","href":"https:\/\/api.w.org\/{rel}","templated":true}]}}