{"id":260307,"date":"2026-01-13T22:55:35","date_gmt":"2026-01-13T19:55:35","guid":{"rendered":"https:\/\/baldumarket.lt\/product\/kontener-biurowy-nevada-40-cm-szafka-z-3-szufladami-dab-riviera\/"},"modified":"2026-02-11T18:19:52","modified_gmt":"2026-02-11T15:19:52","slug":"kontener-biurowy-nevada-40-cm-szafka-z-3-szufladami-dab-riviera","status":"publish","type":"product","link":"https:\/\/baldumarket.lt\/lt\/product\/kontener-biurowy-nevada-40-cm-szafka-z-3-szufladami-dab-riviera\/","title":{"rendered":"Nevada biuro spintel\u0117, 40 cm, su 3 stal\u010diais, Riviera \u0105\u017euolas"},"content":{"rendered":"<p>\u201eNevada Container\u201c \u2013 biuro reikmenys po ranka. \u201eNevada\u201c biuro konteineris yra funkcionalus sprendimas, puikiai papildantis bet kurio biuro darbo viet\u0105. 40x61x50 cm matmen\u0173 stovas puikiai telpa po \u201eNevada\u201c stalu, sukurdamas darni\u0105 ir harmoning\u0105 darbo viet\u0105, kurioje visi reikalingi reikmenys visada yra po ranka. \u201eNevada\u201c stovo ypatyb\u0117s: Kompakti\u0161ki 40x61x50 cm matmenys leid\u017eia puikiai tilpti po stalu. Gr\u016bdinto stiklo fasadai, nuda\u017eyti ry\u0161kiai balta spalva, pabr\u0117\u017eia modern\u0173 ir eleganti\u0161k\u0105 vaizd\u0105. Spintel\u0117s korpusas pagamintas i\u0161 \u201eRiviera\u201c \u0105\u017euolo. Trys prakti\u0161ki stal\u010diai leid\u017eia efektyviai laikyti dokumentus, biuro reikmenis ir kitus b\u016btinus daiktus. Auk\u0161ta estetika ir ilgaam\u017ei\u0161kumas d\u0117l gr\u016bdinto stiklo, kuris yra atsparus \u012fbr\u0117\u017eimams ir lengvai valomas, naudojimo. Prakti\u0161ki ratukai leid\u017eia lengvai perkelti stovas. \u201eNevada\u201c kolekcijos dalis, leid\u017eianti sukurti darn\u0173 ir eleganti\u0161k\u0105 biuro interjer\u0105. Stilius ir funkcionalumas biure. \u201eNevada\u201c stovas yra neatsiejama \u201eNevada\u201c biuro bald\u0173 kolekcijos dalis, sukurta atsi\u017evelgiant \u012f harmoning\u0105 estetikos ir prakti\u0161kumo derin\u012f. D\u0117l modernaus dizaino ir didelio funkcionalumo stovas yra puikus pasirinkimas tiems, kurie vertina tvark\u0105 ir elegancij\u0105 savo darbo vietoje. Jis idealiai tinka tiek profesionaliems biurams, tiek nam\u0173 biurams, suteikdamas tvarkos ir stiliaus bet kurioje erdv\u0117je. Santrauka: \u201eNevada\u201c postamentas yra puikus pasirinkimas visiems, norintiems sutvarkyti savo darbo viet\u0105 neaukojant estetikos. Gerai apgalvotas dizainas, prakti\u0161ki stal\u010diai ir patvarios med\u017eiagos paver\u010dia j\u012f nepakei\u010diamu biuro \u012frangos elementu, kuris patenkins net ir reikliausi\u0173 vartotoj\u0173 l\u016bkes\u010dius.<\/p>\n<p>Prek\u0117s kodas S599-KTN3S-DRI Plotis 40 cm Gylis 50 cm Auk\u0161tis 61 cm Kolekcija Nevada Spalva rivjeros \u0105\u017euolas Atspalvis \u0161viesus medis Stilius modernus Med\u017eiaga laminatas Dureli\u0173 skai\u010dius be dur\u0173 Stal\u010di\u0173 skai\u010dius 3 stal\u010diai Rankena su rankenomis Gamintojas Juoda Raudona Balta Baldo tipas Komodos PVM 23% EAN 5906123049665<\/p>","protected":false},"excerpt":{"rendered":"<p>\u201eNevada\u201c konteineris \u2013 biuro reikmenys po ranka. \u201eNevada\u201c biuro konteineris yra funkcionalus sprendimas, puikiai papildantis bet kurio biuro darbo viet\u0105. 40 x 61 x 50 cm matmen\u0173 stovas puikiai telpa po \u201eNevada\u201c stalu, sukurdamas darni\u0105 ir harmoning\u0105 darbo viet\u0105, kurioje visi reikalingi reikmenys visada yra po ranka. \u201eNevada\u201c stovo ypatyb\u0117s: [\u2026]<\/p>","protected":false},"featured_media":260308,"comment_status":"open","ping_status":"open","template":"","meta":[],"product_brand":[],"product_cat":[9200,9120],"product_tag":[],"class_list":{"0":"post-260307","1":"product","2":"type-product","3":"status-publish","4":"has-post-thumbnail","6":"product_cat-black-red-white","7":"product_cat-cabinets","9":"first","10":"instock","11":"purchasable","12":"product-type-simple"},"_links":{"self":[{"href":"https:\/\/baldumarket.lt\/lt\/wp-json\/wp\/v2\/product\/260307","targetHints":{"allow":["GET"]}}],"collection":[{"href":"https:\/\/baldumarket.lt\/lt\/wp-json\/wp\/v2\/product"}],"about":[{"href":"https:\/\/baldumarket.lt\/lt\/wp-json\/wp\/v2\/types\/product"}],"replies":[{"embeddable":true,"href":"https:\/\/baldumarket.lt\/lt\/wp-json\/wp\/v2\/comments?post=260307"}],"wp:featuredmedia":[{"embeddable":true,"href":"https:\/\/baldumarket.lt\/lt\/wp-json\/wp\/v2\/media\/260308"}],"wp:attachment":[{"href":"https:\/\/baldumarket.lt\/lt\/wp-json\/wp\/v2\/media?parent=260307"}],"wp:term":[{"taxonomy":"product_brand","embeddable":true,"href":"https:\/\/baldumarket.lt\/lt\/wp-json\/wp\/v2\/product_brand?post=260307"},{"taxonomy":"product_cat","embeddable":true,"href":"https:\/\/baldumarket.lt\/lt\/wp-json\/wp\/v2\/product_cat?post=260307"},{"taxonomy":"product_tag","embeddable":true,"href":"https:\/\/baldumarket.lt\/lt\/wp-json\/wp\/v2\/product_tag?post=260307"}],"curies":[{"name":"wp","href":"https:\/\/api.w.org\/{rel}","templated":true}]}}