{"id":260290,"date":"2026-01-13T22:55:23","date_gmt":"2026-01-13T19:55:23","guid":{"rendered":"https:\/\/baldumarket.lt\/product\/komplet-szarych-zaglowkow-do-lozka-indana-i-malcolm\/"},"modified":"2026-02-11T18:19:53","modified_gmt":"2026-02-11T15:19:53","slug":"komplet-szarych-zaglowkow-do-lozka-indana-i-malcolm","status":"publish","type":"product","link":"https:\/\/baldumarket.lt\/lt\/product\/komplet-szarych-zaglowkow-do-lozka-indana-i-malcolm\/","title":{"rendered":"Pilk\u0173 gal\u016bgali\u0173 komplektas Indana ir Malcolm lovai"},"content":{"rendered":"<p>\u201eIndiana and Malcolm Gray\u201c galv\u016bgalio komplektas. Jei m\u0117gstate keliones, \u017eem\u0117lapius, supakuotus lagaminus ir suvenyr\u0173 kolekcionavim\u0105 i\u0161 kelioni\u0173, kolonijinio stiliaus \u201eIndiana\u201c kolekcija nukels jus \u012f egzoti\u0161k\u0105 klimat\u0105. Paprasta bald\u0173 forma, pary\u0161kinta metalin\u0117mis detal\u0117mis ir rankenomis, suteikia jiems unikal\u0173 charakter\u012f. Jie ne tik stilingi, bet ir funkcional\u016bs. \u0160ie baldai pasi\u017eymi optimalia talpa, pad\u0117dami organizuoti, sutvarkyti ir laikyti asmeninius daiktus. \u201eIndiana and Malcolm\u201c kolekcijose yra \u012fvairi\u0173 dyd\u017ei\u0173 ir funkcij\u0173 bald\u0173, kuriuos galite laisvai derinti. Pagrindin\u0117s savyb\u0117s: dviej\u0173 prakti\u0161k\u0173 galv\u016bgali\u0173 komplektas yra papildomas \u010diu\u017einys lovoms i\u0161 \u201eIndiana and Malcolm\u201c kolekcij\u0173. Putplas\u010diu u\u017epildyti galv\u016bgaliai yra pakankamai mink\u0161ti, kad ant j\u0173 b\u016bt\u0173 patogu gul\u0117ti, ir u\u017etikrina optimali\u0105 galvos atram\u0105. Apmu\u0161al\u0173 audinys yra u\u017etrauktuku, tod\u0117l j\u012f lengva nuimti ir skalbti, pa\u0161alinant d\u0117mes ir ne\u0161varumus. \u201eIndiana and Malcolm\u201c kolekcij\u0173 baldus galima derinti \u012f \u012fvairias kompozicijas, atsi\u017evelgiant \u012f kambari\u0173 dyd\u012f, j\u0173 funkcij\u0105 ir vis\u0173 nam\u0173 \u016bkio nari\u0173 poreikius.<\/p>\n<p>Prek\u0117s kodas L07-ZAG-CARBO_750\/180\/180-SAWAN~00116589 Ilgis 75 cm Plotis 19 cm Auk\u0161tis 19 cm Kolekcija Carbo U\u017epildas poliuretano putos Nuimamas u\u017evalkalas Gamintojas Juoda Raudona Balta Bald\u0173 tipas Lovos PVM 23%<\/p>","protected":false},"excerpt":{"rendered":"<p>\u201eIndiana and Malcolm Gray\u201c lovos galv\u016bgalio komplektas. Jei m\u0117gstate keliones, \u017eem\u0117lapius, supakuotus lagaminus ir suvenyr\u0173 kolekcionavim\u0105 i\u0161 kelioni\u0173, kolonijinio stiliaus \u012fkv\u0117pta \u201eIndiana\u201c kolekcija nukels jus \u012f egzoti\u0161k\u0105 klimat\u0105. Paprasta bald\u0173 forma, pary\u0161kinta metalin\u0117mis detal\u0117mis ir rankenomis, suteikia jiems unikal\u0173 charakter\u012f. Jie ne tik stilingi, bet ir funkcional\u016bs. \u0160ie baldai si\u016blo optimal\u0173 [\u2026]<\/p>","protected":false},"featured_media":0,"comment_status":"open","ping_status":"open","template":"","meta":[],"product_brand":[],"product_cat":[9200,1043],"product_tag":[],"class_list":{"0":"post-260290","1":"product","2":"type-product","3":"status-publish","5":"product_cat-black-red-white","6":"product_cat-extras","8":"first","9":"instock","10":"purchasable","11":"product-type-simple"},"_links":{"self":[{"href":"https:\/\/baldumarket.lt\/lt\/wp-json\/wp\/v2\/product\/260290","targetHints":{"allow":["GET"]}}],"collection":[{"href":"https:\/\/baldumarket.lt\/lt\/wp-json\/wp\/v2\/product"}],"about":[{"href":"https:\/\/baldumarket.lt\/lt\/wp-json\/wp\/v2\/types\/product"}],"replies":[{"embeddable":true,"href":"https:\/\/baldumarket.lt\/lt\/wp-json\/wp\/v2\/comments?post=260290"}],"wp:attachment":[{"href":"https:\/\/baldumarket.lt\/lt\/wp-json\/wp\/v2\/media?parent=260290"}],"wp:term":[{"taxonomy":"product_brand","embeddable":true,"href":"https:\/\/baldumarket.lt\/lt\/wp-json\/wp\/v2\/product_brand?post=260290"},{"taxonomy":"product_cat","embeddable":true,"href":"https:\/\/baldumarket.lt\/lt\/wp-json\/wp\/v2\/product_cat?post=260290"},{"taxonomy":"product_tag","embeddable":true,"href":"https:\/\/baldumarket.lt\/lt\/wp-json\/wp\/v2\/product_tag?post=260290"}],"curies":[{"name":"wp","href":"https:\/\/api.w.org\/{rel}","templated":true}]}}