{"id":260246,"date":"2026-01-13T22:54:47","date_gmt":"2026-01-13T19:54:47","guid":{"rendered":"https:\/\/baldumarket.lt\/product\/komplet-2-polek-do-regalow-multdo-77-cm-dab-artisan-2\/"},"modified":"2026-02-11T18:19:53","modified_gmt":"2026-02-11T15:19:53","slug":"komplet-2-polek-do-regalow-multdo-77-cm-dab-artisan-2","status":"publish","type":"product","link":"https:\/\/baldumarket.lt\/lt\/product\/komplet-2-polek-do-regalow-multdo-77-cm-dab-artisan-2\/","title":{"rendered":"2 lentyn\u0173 rinkinys \u201eMultDo\u201c lentynoms, 77 cm, dirbtinio \u0105\u017euolo spalvos"},"content":{"rendered":"<p>\u201cLentyn\u0173 komplektas \u201eMultiDo\u201c lentynoms \u2013 tobulas erdv\u0117s i\u0161pl\u0117timas. Papildomos lentynos \u201eMultiDo\u201c 80 cm lentynoms yra puikus sprendimas tiems, kurie nori padidinti savo bald\u0173 funkcionalum\u0105 ir pritaikyti juos individualiems poreikiams. J\u0173 d\u0117ka galite lengvai sutvarkyti savo erdv\u0119, sukurdami tobul\u0105 daikt\u0173 laikymo viet\u0105. Lentynos puikiai tinka drabu\u017eiams, patalynei, rank\u0161luos\u010diams ir daugeliui kit\u0173 kasdieni\u0173 aksesuar\u0173 laikyti. Ypatyb\u0117s: 2 papildomos lentynos, skirtos \u201eMultiDo\u201c lentynoms, kuri\u0173 plotis yra 80 cm, o gylis \u2013 52 cm. Puikiai dera su \u201eMultiDo\u201c baldais, nes lentynos yra trij\u0173 spalv\u0173: dirbtinio \u0105\u017euolo, baltos ir grafito. Tai leid\u017eia sukurti darn\u0173 ir esteti\u0161k\u0105 interjero dizain\u0105. Erdv\u0117s organizavimo lankstumas: lentynas galima pritaikyti \u012fvairiems poreikiams, laikant visk\u0105 \u2013 nuo drabu\u017ei\u0173 iki nam\u0173 aksesuar\u0173. Santrauka: Papildom\u0173 lentyn\u0173 komplektas \u201eMultiDo\u201c lentynoms yra funkcionalus ir esteti\u0161kas sprendimas, leid\u017eiantis visapusi\u0161kai i\u0161naudoti erdv\u0119 j\u016bs\u0173 namuose. Lentynas galite lengvai pritaikyti savo poreikiams, nepriklausomai nuo to, ar jums reikia papildomos vietos drabu\u017eiams, patalynei ar kitiems daiktams. Lentynos. Jos tiks prie bet kokio i\u0161d\u0117stymo, tod\u0117l j\u016bs\u0173 lentyna...\u201c ne tik prakti\u0161ka, bet ir harmoningai deranti prie interjero dizaino. Per\u017ei\u016br\u0117kite \u201eMultiDo\u201c sistemos katalog\u0105 ir atraskite visas jos konfig\u016bravimo galimybes.<\/p>\n<p>Prek\u0117s kodas S588-POL\/80\/A-DASN Plotis 77 cm Gylis 48 cm Kolekcija MultiDo Spalva meni\u0161ko \u0105\u017euolo gaubtas \u0161viesios medienos Stilius modernus Med\u017eiaga laminatas Gamintojas Juoda Raudona Balta Bald\u0173 tipas Lentynos PVM 23% EAN 5906123048262<\/p>","protected":false},"excerpt":{"rendered":"<p>\u201cLentyn\u0173 komplektas \u201eMultiDo\u201c lentynoms \u2013 tobulas erdv\u0117s i\u0161pl\u0117timas. Papildomos lentynos \u201eMultiDo\u201c 80 cm lentynoms yra puikus sprendimas tiems, kurie nori padidinti savo bald\u0173 funkcionalum\u0105 ir pritaikyti juos individualiems poreikiams. J\u0173 d\u0117ka galite lengvai sutvarkyti savo erdv\u0119, sukurdami tobul\u0105 [\u2026]<\/p>","protected":false},"featured_media":260247,"comment_status":"open","ping_status":"open","template":"","meta":[],"product_brand":[],"product_cat":[9200,1043],"product_tag":[],"class_list":{"0":"post-260246","1":"product","2":"type-product","3":"status-publish","4":"has-post-thumbnail","6":"product_cat-black-red-white","7":"product_cat-extras","9":"first","10":"instock","11":"purchasable","12":"product-type-simple"},"_links":{"self":[{"href":"https:\/\/baldumarket.lt\/lt\/wp-json\/wp\/v2\/product\/260246","targetHints":{"allow":["GET"]}}],"collection":[{"href":"https:\/\/baldumarket.lt\/lt\/wp-json\/wp\/v2\/product"}],"about":[{"href":"https:\/\/baldumarket.lt\/lt\/wp-json\/wp\/v2\/types\/product"}],"replies":[{"embeddable":true,"href":"https:\/\/baldumarket.lt\/lt\/wp-json\/wp\/v2\/comments?post=260246"}],"wp:featuredmedia":[{"embeddable":true,"href":"https:\/\/baldumarket.lt\/lt\/wp-json\/wp\/v2\/media\/260247"}],"wp:attachment":[{"href":"https:\/\/baldumarket.lt\/lt\/wp-json\/wp\/v2\/media?parent=260246"}],"wp:term":[{"taxonomy":"product_brand","embeddable":true,"href":"https:\/\/baldumarket.lt\/lt\/wp-json\/wp\/v2\/product_brand?post=260246"},{"taxonomy":"product_cat","embeddable":true,"href":"https:\/\/baldumarket.lt\/lt\/wp-json\/wp\/v2\/product_cat?post=260246"},{"taxonomy":"product_tag","embeddable":true,"href":"https:\/\/baldumarket.lt\/lt\/wp-json\/wp\/v2\/product_tag?post=260246"}],"curies":[{"name":"wp","href":"https:\/\/api.w.org\/{rel}","templated":true}]}}