{"id":260203,"date":"2026-01-13T22:54:12","date_gmt":"2026-01-13T19:54:12","guid":{"rendered":"https:\/\/baldumarket.lt\/product\/komplet-2-polek-do-regalow-multdo-42-cm-biale\/"},"modified":"2026-02-11T18:19:54","modified_gmt":"2026-02-11T15:19:54","slug":"komplet-2-polek-do-regalow-multdo-42-cm-biale","status":"publish","type":"product","link":"https:\/\/baldumarket.lt\/lt\/product\/komplet-2-polek-do-regalow-multdo-42-cm-biale\/","title":{"rendered":"2 lentyn\u0173 rinkinys \u201eMultDo\u201c lentynoms, 42 cm, baltas"},"content":{"rendered":"<p>Lentyn\u0173 komplektas \u201eMultiDo\u201c lentynoms \u2013 puikus b\u016bdas i\u0161pl\u0117sti erdv\u0119. Papildomos lentynos \u201eMultiDo\u201c 45 cm lentynoms yra puikus sprendimas tiems, kurie nori padidinti savo bald\u0173 funkcionalum\u0105 ir pritaikyti juos individualiems poreikiams. Jos leid\u017eia lengvai sutvarkyti erdv\u0119, sukuriant tobul\u0105 daikt\u0173 laikymo viet\u0105. Lentynos puikiai tinka drabu\u017eiams, patalynei, rank\u0161luos\u010diams ir daugeliui kit\u0173 kasdieni\u0173 aksesuar\u0173 laikyti. Ypatyb\u0117s: 2 papildomos lentynos, skirtos 45 cm plo\u010dio ir 40 cm gylio \u201eMultiDo\u201c lentynoms. Puikiai dera su \u201eMultiDo\u201c baldais, nes lentynos yra trij\u0173 spalv\u0173: meni\u0161ko \u0105\u017euolo, baltos ir grafito. Tai leid\u017eia sukurti darn\u0173 ir esteti\u0161kai patraukl\u0173 interjero dizain\u0105. Lankstus erdv\u0117s organizavimas: lentynas galima pritaikyti \u012fvairiems poreikiams, laikant visk\u0105 \u2013 nuo drabu\u017ei\u0173 iki nam\u0173 aksesuar\u0173. Santrauka: Papildom\u0173 lentyn\u0173 komplektas \u201eMultiDo\u201c lentynoms yra funkcionalus ir esteti\u0161kas sprendimas, leid\u017eiantis visapusi\u0161kai i\u0161naudoti erdv\u0119 j\u016bs\u0173 namuose. Lentynas galite lengvai pritaikyti savo poreikiams, nepriklausomai nuo to, ar jums reikia papildomos vietos drabu\u017eiams, patalynei ar kitiems daiktams. Lentynos tiks prie bet kokio i\u0161d\u0117stymo, tod\u0117l j\u016bs\u0173 lentyna bus ne tik prakti\u0161ka, bet ir harmoningai der\u0117s prie j\u016bs\u0173 interjero dizaino. Per\u017ei\u016br\u0117kite \u201eMultiDo\u201c sistemos katalog\u0105 ir atraskite visas jo konfig\u016bracijos galimybes.<\/p>\n<p>Prek\u0117s kodas S588-POL\/45-BI Plotis 42 cm Gylis 36 cm Kolekcija MultiDo Spalva balta Atspalvis baltas Stilius modernus Med\u017eiaga laminatas Gamintojas Juoda Raudona Balta Bald\u0173 tipas Lentynos PVM 23% EAN 5906123048224<\/p>","protected":false},"excerpt":{"rendered":"<p>Lentyn\u0173 komplektas \u201eMultiDo\u201c lentynoms \u2013 puikus b\u016bdas i\u0161pl\u0117sti erdv\u0119. Papildomos lentynos \u201eMultiDo\u201c 45 cm lentynoms yra puikus sprendimas tiems, kurie nori padidinti savo bald\u0173 funkcionalum\u0105 ir pritaikyti juos individualiems poreikiams. Jos leid\u017eia lengvai sutvarkyti erdv\u0119, sukuriant [\u2026]<\/p>","protected":false},"featured_media":260204,"comment_status":"open","ping_status":"open","template":"","meta":[],"product_brand":[],"product_cat":[9200,1043],"product_tag":[],"class_list":{"0":"post-260203","1":"product","2":"type-product","3":"status-publish","4":"has-post-thumbnail","6":"product_cat-black-red-white","7":"product_cat-extras","9":"first","10":"instock","11":"purchasable","12":"product-type-simple"},"_links":{"self":[{"href":"https:\/\/baldumarket.lt\/lt\/wp-json\/wp\/v2\/product\/260203","targetHints":{"allow":["GET"]}}],"collection":[{"href":"https:\/\/baldumarket.lt\/lt\/wp-json\/wp\/v2\/product"}],"about":[{"href":"https:\/\/baldumarket.lt\/lt\/wp-json\/wp\/v2\/types\/product"}],"replies":[{"embeddable":true,"href":"https:\/\/baldumarket.lt\/lt\/wp-json\/wp\/v2\/comments?post=260203"}],"wp:featuredmedia":[{"embeddable":true,"href":"https:\/\/baldumarket.lt\/lt\/wp-json\/wp\/v2\/media\/260204"}],"wp:attachment":[{"href":"https:\/\/baldumarket.lt\/lt\/wp-json\/wp\/v2\/media?parent=260203"}],"wp:term":[{"taxonomy":"product_brand","embeddable":true,"href":"https:\/\/baldumarket.lt\/lt\/wp-json\/wp\/v2\/product_brand?post=260203"},{"taxonomy":"product_cat","embeddable":true,"href":"https:\/\/baldumarket.lt\/lt\/wp-json\/wp\/v2\/product_cat?post=260203"},{"taxonomy":"product_tag","embeddable":true,"href":"https:\/\/baldumarket.lt\/lt\/wp-json\/wp\/v2\/product_tag?post=260203"}],"curies":[{"name":"wp","href":"https:\/\/api.w.org\/{rel}","templated":true}]}}