{"id":260168,"date":"2026-01-13T22:53:43","date_gmt":"2026-01-13T19:53:43","guid":{"rendered":"https:\/\/baldumarket.lt\/product\/komoda-z-witrynami-i-szufladami-patras-153-cm-dab-april\/"},"modified":"2026-02-11T18:19:54","modified_gmt":"2026-02-11T15:19:54","slug":"komoda-z-witrynami-i-szufladami-patras-153-cm-dab-april","status":"publish","type":"product","link":"https:\/\/baldumarket.lt\/lt\/product\/komoda-z-witrynami-i-szufladami-patras-153-cm-dab-april\/","title":{"rendered":"Komoda su vitrinomis ir stal\u010diais PATRAS 153 cm, baland\u017eio spalvos \u0105\u017euolas"},"content":{"rendered":"<p>Komoda \u201ePatras\u201c. Ry\u0161kus ir erdvus \u201ePatras\u201c komoda suteiks j\u016bs\u0173 svetainei elegancijos, originalumo ir \u0161iltos atmosferos. \u0160i dviej\u0173 dur\u0173 \u201ePatras\u201c komoda si\u016blo daug vietos stilingiems daiktams eksponuoti. Joje yra keturi prakti\u0161ki stal\u010diai smulkiems daiktams ir dvi erdvios spintel\u0117s, kuri\u0173 vir\u0161utin\u0117 dalis yra stiklin\u0117, puikiai tinkanti papuo\u0161alams eksponuoti. Atvira lentyna leid\u017eia sud\u0117ti dekoratyvinius elementus, tokius kaip fig\u016br\u0117l\u0117s. Priekin\u0117 dalis, pagaminta i\u0161 gr\u016bdinto apsauginio stiklo, leid\u017eia efektyviai eksponuoti papuo\u0161alus, taip pat yra galimyb\u0117 naudoti energij\u0105 taupant\u012f LED ap\u0161vietim\u0105, kuris i\u0161ry\u0161kina j\u0173 gro\u017e\u012f. \u0160ilta baland\u017eio \u0105\u017euolo spalva apdailinta komoda i\u0161ry\u0161kina nat\u016brali\u0105 medienos tekst\u016br\u0105 ir suteikia pagrind\u0105 stilingoms kompozicijoms. Antikvariniai sidabro spalvos metaliniai belstukai suteikia kolekcijai charakterio ir palengvina prieig\u0105 prie turinio. \u0160velniai u\u017esidarantys vyriai u\u017etikrina tyl\u0173 fasad\u0173 u\u017edarym\u0105, taip padidindami komodos elegancij\u0105. Plati \u201ePatras\u201c kolekcija leid\u017eia visapusi\u0161kai i\u0161d\u0117styti patogi\u0105 ir funkcionali\u0105 svetain\u0119 bei miegam\u0105j\u012f.<\/p>\n<p>Prek\u0117s kodas S405-KOM2W4S-DARL Plotis 153 cm Gylis 44,5 cm Auk\u0161tis 129 cm Kolekcija Patras Spalva baland\u017eio spalvos \u0105\u017euolas Atspalvis tamsus medis Stilius modernus Med\u017eiaga laminatas Dureli\u0173 skai\u010dius 2 dur\u0173 Stal\u010di\u0173 skai\u010dius 4 stal\u010diai Rankena su ranken\u0117l\u0117mis Ap\u0161vietimas pasirinktinai Gamintojas Juoda Raudona Balta Baldo tipas Komodos PVM 23% EAN 5906123020381<\/p>","protected":false},"excerpt":{"rendered":"<p>Komoda \u201ePatras\u201c. Ry\u0161kus ir erdvus papildymas \u2013 komoda \u201ePatras\u201c suteiks j\u016bs\u0173 svetainei elegancijos, originalumo ir \u0161iltos atmosferos. \u0160i dviej\u0173 dur\u0173 komoda \u201ePatras\u201c si\u016blo daug vietos stilingiems daiktams eksponuoti. Joje yra keturi prakti\u0161ki stal\u010diai smulkiems daiktams ir dvi erdvios spintel\u0117s, vir\u0161utin\u0117 dalis [\u2026]<\/p>","protected":false},"featured_media":260169,"comment_status":"open","ping_status":"open","template":"","meta":[],"product_brand":[],"product_cat":[9200,1173],"product_tag":[],"class_list":{"0":"post-260168","1":"product","2":"type-product","3":"status-publish","4":"has-post-thumbnail","6":"product_cat-black-red-white","7":"product_cat-chests-of-drawers","9":"first","10":"instock","11":"purchasable","12":"product-type-simple"},"_links":{"self":[{"href":"https:\/\/baldumarket.lt\/lt\/wp-json\/wp\/v2\/product\/260168","targetHints":{"allow":["GET"]}}],"collection":[{"href":"https:\/\/baldumarket.lt\/lt\/wp-json\/wp\/v2\/product"}],"about":[{"href":"https:\/\/baldumarket.lt\/lt\/wp-json\/wp\/v2\/types\/product"}],"replies":[{"embeddable":true,"href":"https:\/\/baldumarket.lt\/lt\/wp-json\/wp\/v2\/comments?post=260168"}],"wp:featuredmedia":[{"embeddable":true,"href":"https:\/\/baldumarket.lt\/lt\/wp-json\/wp\/v2\/media\/260169"}],"wp:attachment":[{"href":"https:\/\/baldumarket.lt\/lt\/wp-json\/wp\/v2\/media?parent=260168"}],"wp:term":[{"taxonomy":"product_brand","embeddable":true,"href":"https:\/\/baldumarket.lt\/lt\/wp-json\/wp\/v2\/product_brand?post=260168"},{"taxonomy":"product_cat","embeddable":true,"href":"https:\/\/baldumarket.lt\/lt\/wp-json\/wp\/v2\/product_cat?post=260168"},{"taxonomy":"product_tag","embeddable":true,"href":"https:\/\/baldumarket.lt\/lt\/wp-json\/wp\/v2\/product_tag?post=260168"}],"curies":[{"name":"wp","href":"https:\/\/api.w.org\/{rel}","templated":true}]}}