{"id":260160,"date":"2026-01-13T22:53:36","date_gmt":"2026-01-13T19:53:36","guid":{"rendered":"https:\/\/baldumarket.lt\/product\/komoda-z-trzema-szufladami-zele-95-cm-dab-wotan-bialy-polysk\/"},"modified":"2026-02-11T18:19:54","modified_gmt":"2026-02-11T15:19:54","slug":"komoda-z-trzema-szufladami-zele-95-cm-dab-wotan-bialy-polysk","status":"publish","type":"product","link":"https:\/\/baldumarket.lt\/lt\/product\/komoda-z-trzema-szufladami-zele-95-cm-dab-wotan-bialy-polysk\/","title":{"rendered":"ZELE komoda su trimis stal\u010diais, 95 cm, \u0105\u017euolo spalvos, balta, blizgi"},"content":{"rendered":"<p>\u2019Zele\u2019 komoda \u2013 tobulas j\u016bs\u0173 daikt\u0173 organizatorius. Jei m\u0117gstate modern\u0173 interjero dizain\u0105, \u012fkv\u0117pt\u0105 ekologi\u0161ko gyvenimo b\u016bdo ir tradicini\u0173 sprendim\u0173, \u2019Zele\u201c kolekcija yra puikus pasirinkimas jums. Jos \u017evaig\u017ed\u0117 \u2013 \u201eZele\u201c komoda, puikiai tinkanti j\u016bs\u0173 daiktams sutvarkyti, nepriklausomai nuo to, k\u0105 norite viduje laikyti. Sukurta galvojant apie \u012fvairius daiktus, \u201eZele\u201c komoda turi tris erdvius stal\u010dius. Juose lengvai sutalpinsite drabu\u017eius, aksesuarus, dokumentus ir visokius nieku\u010dius. Tai pad\u0117s jums palaikyti tvark\u0105 erdv\u0117je ir lengvai rasti tai, ko jums reikia. \u201eZele\u201c komodos spalvos yra dar vienas \u0161io gaminio privalumas. Galite rinktis \u201eWotan Oak\u201c korpus\u0105 su blizgiais baltais fasadais, kurie suteikia komodai modern\u0173 ir eleganti\u0161k\u0105 charakter\u012f. Jei m\u0117gstate sant\u016bresnes spalvas, tikrai \u012fvertinsite spinteli\u0173, visi\u0161kai apdailint\u0173 \u201eWotan Oak\u201c, galimyb\u0119. J\u016bs sprend\u017eiate, kaip norite, kad atrodyt\u0173 j\u016bs\u0173 organizatorius. Minimalistin\u0117s ranken\u0117l\u0117s, integruotos \u012f fasad\u0173 vir\u0161\u0173, pabr\u0117\u017eia \u201eZele\u201c kolekcijos charakter\u012f. Jos suteikia komodai vientis\u0105 ir modern\u0173 vaizd\u0105. Komoda \u201eZele\u201c yra ne tik prakti\u0161ka organizatorius, bet ir gali b\u016bti dekoratyvinis elementas. Jei norite eksponuoti ornamentus, augalus ar kitus dekoratyvinius daiktus, platus komodos stalvir\u0161is yra puiki vieta jiems. Taip pat galite pasinaudoti \u201eZele\u201c komodos i\u0161d\u0117stymo galimyb\u0117mis, derindami j\u0105 su kitais kolekcijos elementais. Tai leis jums sukurti ergonomi\u0161k\u0105 erdv\u0119 svetain\u0117je, jaunimo kambaryje ar bet kuriame kitame kambaryje, atitinkant\u012f j\u016bs\u0173 poreikius ir l\u016bkes\u010dius. Trumpai tariant, komoda \u201eZele\u201c yra ne tik prakti\u0161ka organizatorius, bet ir stilingas baldas, suteikiantis j\u016bs\u0173 interjerui modernumo ir elegancijos. D\u0117l savo talpos, dizaino ir i\u0161d\u0117stymo galimybi\u0173 \u201eZele\u201c komoda tampa ne\u012fkainojama j\u016bs\u0173 kasdienio gyvenimo dalimi. I\u0161bandykite j\u0105 ir pamatysite, kaip ji gali pakeisti j\u016bs\u0173 aplink\u0105.<\/p>\n<p>Prek\u0117s kodas S383-KOM3S-DWO Simbolis ZM EAN Plotis 95 cm Gylis 41 cm Auk\u0161tis 86 cm Kolekcija Zele Spalva wotan \u0105\u017euolas Gaubtas \u0161viesi mediena Stilius modernus Med\u017eiaga laminatas Dureli\u0173 skai\u010dius be dur\u0173 Stal\u010di\u0173 skai\u010dius 3 stal\u010diai Rankena su rankenomis Gamintojas Juoda Raudona Balta Baldo tipas Komodos PVM 23% EAN 5906123928526<\/p>","protected":false},"excerpt":{"rendered":"<p>Zele Chest of Drawers &#8211; The Perfect Organizer for Your Belongings. If you&#8217;re a fan of modern interior design that draws inspiration from an eco-friendly lifestyle and traditional solutions, the Zele collection is the perfect choice for you. Its star is the Zele Chest of Drawers, which is perfect for organizing your belongings, regardless of [&hellip;]<\/p>","protected":false},"featured_media":260161,"comment_status":"open","ping_status":"open","template":"","meta":[],"product_brand":[],"product_cat":[9200,1173],"product_tag":[],"class_list":{"0":"post-260160","1":"product","2":"type-product","3":"status-publish","4":"has-post-thumbnail","6":"product_cat-black-red-white","7":"product_cat-chests-of-drawers","9":"first","10":"instock","11":"purchasable","12":"product-type-simple"},"_links":{"self":[{"href":"https:\/\/baldumarket.lt\/lt\/wp-json\/wp\/v2\/product\/260160","targetHints":{"allow":["GET"]}}],"collection":[{"href":"https:\/\/baldumarket.lt\/lt\/wp-json\/wp\/v2\/product"}],"about":[{"href":"https:\/\/baldumarket.lt\/lt\/wp-json\/wp\/v2\/types\/product"}],"replies":[{"embeddable":true,"href":"https:\/\/baldumarket.lt\/lt\/wp-json\/wp\/v2\/comments?post=260160"}],"wp:featuredmedia":[{"embeddable":true,"href":"https:\/\/baldumarket.lt\/lt\/wp-json\/wp\/v2\/media\/260161"}],"wp:attachment":[{"href":"https:\/\/baldumarket.lt\/lt\/wp-json\/wp\/v2\/media?parent=260160"}],"wp:term":[{"taxonomy":"product_brand","embeddable":true,"href":"https:\/\/baldumarket.lt\/lt\/wp-json\/wp\/v2\/product_brand?post=260160"},{"taxonomy":"product_cat","embeddable":true,"href":"https:\/\/baldumarket.lt\/lt\/wp-json\/wp\/v2\/product_cat?post=260160"},{"taxonomy":"product_tag","embeddable":true,"href":"https:\/\/baldumarket.lt\/lt\/wp-json\/wp\/v2\/product_tag?post=260160"}],"curies":[{"name":"wp","href":"https:\/\/api.w.org\/{rel}","templated":true}]}}