{"id":260152,"date":"2026-01-13T22:53:30","date_gmt":"2026-01-13T19:53:30","guid":{"rendered":"https:\/\/baldumarket.lt\/product\/komoda-z-trzema-szufladami-weston-90-cm-sosna-old-style-ciemna-matera\/"},"modified":"2026-02-11T18:19:54","modified_gmt":"2026-02-11T15:19:54","slug":"komoda-z-trzema-szufladami-weston-90-cm-sosna-old-style-ciemna-matera","status":"publish","type":"product","link":"https:\/\/baldumarket.lt\/lt\/product\/komoda-z-trzema-szufladami-weston-90-cm-sosna-old-style-ciemna-matera\/","title":{"rendered":"WESTON komoda su trimis stal\u010diais, 90 cm, senovinio stiliaus pu\u0161is, tamsi\/\u010diu\u017einys"},"content":{"rendered":"<p>\u2019Weston\u201c komoda \u2013 stilingas ir funkcionalus sprendimas vaiko kambariui. Projektuojant augan\u010dio vaiko kambar\u012f, ie\u0161kote bald\u0173, kurie b\u016bt\u0173 ne tik prakti\u0161ki, bet ir atspind\u0117t\u0173 minimalistin\u012f stili\u0173. \u201eWeston\u201c komoda tikrai pateisins j\u016bs\u0173 l\u016bkes\u010dius, suteikdama erdvei charakterio ir funkcionalumo. Tur\u0117dama tris prakti\u0161kus stal\u010dius ir atvir\u0105 i\u0161planavim\u0105, \u201eWeston\u201c komoda si\u016blo viet\u0105 drabu\u017eiams, vadov\u0117liams ir stalo \u017eaidimams. Pastorintos \u0161onin\u0117s sienel\u0117s, stalvir\u0161iai ir tvirtos rankenos suteikia komodai unikali\u0105 i\u0161vaizd\u0105, o meni\u0161ko \u0105\u017euolo fasad\u0173 ir tamsaus matera korpuso derinys puikiai atspindi lofto stiliaus esm\u0119. Komodos matmenys (90 x 40 x 91 cm) leid\u017eia jai tilpti tiek ma\u017eose erdv\u0117se, tiek didesn\u0117se ni\u0161ose. Tai baldas, kur\u012f galima derinti su spinta, knyg\u0173 lentyna, lova ar ra\u0161omuoju stalu, pritaikant j\u012f prie individuali\u0173 dizaino poreiki\u0173. \u201eWeston\u201c komoda ne tik talpina \u012fvairius daiktus, bet ir tampa stilingu jaunimo kambario papildymu. Galima rinktis i\u0161 dviej\u0173 spalv\u0173 (Old Style Pine\/Matera ir Artisan Oak\/Matera), tad j\u0105 galima priderinti prie kambario pageidavim\u0173 ir charakterio. Trumpai tariant, \u201eWeston\u201c komoda yra ne tik prakti\u0161kas daikt\u0173 laikymo sprendimas, bet ir dizainerio sukurtas baldas, suteikiantis vaiko kambariui modernumo. Tai puikus bald\u0173 kolekcijos papildymas tiems, kurie vertina ir funkcionalum\u0105, ir stili\u0173.<\/p>\n<p>Prek\u0117s kodas S483-KOM3S-SOSTC\/MTA Simbolis ZM EAN Plotis 90 cm Gylis 40 cm Auk\u0161tis 91 cm Kolekcija Weston Spalva senovinio stiliaus tamsi pu\u0161is\/matera Gaubtas tamsi mediena Stilius modernus Med\u017eiaga laminatas Dureli\u0173 skai\u010dius be dur\u0173 Stal\u010di\u0173 skai\u010dius 3 stal\u010diai Rankena su rankenomis Gamintojas Juoda Raudona Balta Baldo tipas Komodos PVM 23% EAN 5906123708289<\/p>","protected":false},"excerpt":{"rendered":"<p>\u201eWeston\u201c komoda \u2013 stilingas ir funkcionalus sprendimas vaiko kambariui. Kuriant augan\u010dio vaiko kambar\u012f, ie\u0161kote bald\u0173, kurie b\u016bt\u0173 ne tik prakti\u0161ki, bet ir atspind\u0117t\u0173 minimalistin\u012f stili\u0173. \u201eWeston\u201c komoda tikrai pateisins j\u016bs\u0173 l\u016bkes\u010dius, suteikdama erdvei charakterio ir funkcionalumo. Su trimis prakti\u0161kais stal\u010diais [\u2026]<\/p>","protected":false},"featured_media":260153,"comment_status":"open","ping_status":"open","template":"","meta":[],"product_brand":[],"product_cat":[9200,1173],"product_tag":[],"class_list":{"0":"post-260152","1":"product","2":"type-product","3":"status-publish","4":"has-post-thumbnail","6":"product_cat-black-red-white","7":"product_cat-chests-of-drawers","9":"first","10":"instock","11":"purchasable","12":"product-type-simple"},"_links":{"self":[{"href":"https:\/\/baldumarket.lt\/lt\/wp-json\/wp\/v2\/product\/260152","targetHints":{"allow":["GET"]}}],"collection":[{"href":"https:\/\/baldumarket.lt\/lt\/wp-json\/wp\/v2\/product"}],"about":[{"href":"https:\/\/baldumarket.lt\/lt\/wp-json\/wp\/v2\/types\/product"}],"replies":[{"embeddable":true,"href":"https:\/\/baldumarket.lt\/lt\/wp-json\/wp\/v2\/comments?post=260152"}],"wp:featuredmedia":[{"embeddable":true,"href":"https:\/\/baldumarket.lt\/lt\/wp-json\/wp\/v2\/media\/260153"}],"wp:attachment":[{"href":"https:\/\/baldumarket.lt\/lt\/wp-json\/wp\/v2\/media?parent=260152"}],"wp:term":[{"taxonomy":"product_brand","embeddable":true,"href":"https:\/\/baldumarket.lt\/lt\/wp-json\/wp\/v2\/product_brand?post=260152"},{"taxonomy":"product_cat","embeddable":true,"href":"https:\/\/baldumarket.lt\/lt\/wp-json\/wp\/v2\/product_cat?post=260152"},{"taxonomy":"product_tag","embeddable":true,"href":"https:\/\/baldumarket.lt\/lt\/wp-json\/wp\/v2\/product_tag?post=260152"}],"curies":[{"name":"wp","href":"https:\/\/api.w.org\/{rel}","templated":true}]}}