{"id":260140,"date":"2026-01-13T22:53:20","date_gmt":"2026-01-13T19:53:20","guid":{"rendered":"https:\/\/baldumarket.lt\/product\/komoda-z-trzema-szufladami-tetrix-75-cm-dab-wotan\/"},"modified":"2026-02-11T18:19:54","modified_gmt":"2026-02-11T15:19:54","slug":"komoda-z-trzema-szufladami-tetrix-75-cm-dab-wotan","status":"publish","type":"product","link":"https:\/\/baldumarket.lt\/lt\/product\/komoda-z-trzema-szufladami-tetrix-75-cm-dab-wotan\/","title":{"rendered":"Komoda su trimis stal\u010diais TETRIX 75 cm Wotan \u0105\u017euolas"},"content":{"rendered":"<p>\u2019Tetrix\u201c komoda \u2013 sprendimas j\u016bs\u0173 miegamojo poreikiams. Jei ie\u0161kote funkcionalaus ir stilingo baldo savo miegamajam, \u201eTetrix\u201c komoda yra puikus sprendimas. Tur\u0117dama tris kruop\u0161\u010diai suprojektuotus stal\u010dius, atidaromus be ranken\u0117li\u0173 ir b\u016bdama \u201eTetrix\u201c kolekcijos dalimi, \u0161i komoda si\u016blo daug privalum\u0173, kurie pagerins tiek j\u016bs\u0173 miegamojo i\u0161vaizd\u0105, tiek tvark\u0105. Pagrindinis \u201eTetrix\u201c komodos privalumas \u2013 trys funkcional\u016bs stal\u010diai. Tai puikus sprendimas drabu\u017eiams, apatiniams drabu\u017eiams ar kitiems daiktams, kuriuos nor\u0117tum\u0117te tur\u0117ti po ranka miegamajame, laikyti. Tai leis jums visus b\u016btiniausius daiktus tur\u0117ti vienoje vietoje, tod\u0117l bus lengviau sutvarkyti erdv\u0119 ir palaikyti tvark\u0105 miegamajame. Komodos atidarymas be ranken\u0117li\u0173 yra dar vienas \u201eTetrix\u201c komodos privalumas. \u0160is modernus sprendimas leid\u017eia nepaprastai lengvai ir patogiai atidaryti ir u\u017edaryti stal\u010dius. Tereikia lengvai paspausti arba patraukti, kad pasiektum\u0117te stal\u010di\u0173 vid\u0173. Tai ne tik suteikia komodai elegancijos, bet ir padaro j\u0105 maloni\u0105 bei ergonomi\u0161k\u0105. \u201eTetrix\u201c komoda taip pat yra to paties pavadinimo bald\u0173 kolekcijos dalis. Tai leid\u017eia sukurti darn\u0173 miegamojo i\u0161d\u0117stym\u0105, derinant \u012fvairius \u201eTetrix\u201c kolekcijos elementus, tokius kaip naktinis staliukas, lova ar drabu\u017ei\u0173 spinta. Tai puikus b\u016bdas u\u017etikrinti harmonij\u0105 ir viening\u0105 viso miegamojo erdv\u0117s vaizd\u0105. Taigi, jei svajojate apie miegam\u0105j\u012f, kuris b\u016bt\u0173 ne tik prakti\u0161kas, bet ir modernus bei eleganti\u0161kas, \u201eTetrix\u201c komoda yra puikus pasirinkimas. Ji ne tik suteiks papildomos vietos daiktams susid\u0117ti, bet ir pagerins j\u016bs\u0173 miegamojo estetin\u012f charakter\u012f. Neatid\u0117liokite sprendimo \u2013 rinkit\u0117s \u201eTetrix\u201c komod\u0105 ir m\u0117gaukit\u0117s jos daugybe privalum\u0173 kiekvien\u0105 dien\u0105.<\/p>\n<p>Prek\u0117s kodas S442-KOM3S-DWO Simbolis ZM EAN Plotis 75 cm Gylis 45 cm Auk\u0161tis 75,5 cm Kolekcija Tetrix Spalva wotan \u0105\u017euolas Gaubtas \u0161viesi mediena Stilius modernus Dureli\u0173 skai\u010dius be dureli\u0173 Stal\u010di\u0173 skai\u010dius 3 stal\u010diai Rankena be ranken\u0117li\u0173 Gamintojas Juoda Raudona Balta Baldo tipas Komodos PVM 23% EAN 5906123605786<\/p>","protected":false},"excerpt":{"rendered":"<p>\u201eTetrix\u201c komoda \u2013 sprendimas j\u016bs\u0173 miegamojo poreikiams. Jei ie\u0161kote funkcionalaus ir stilingo baldo savo miegamajam, \u201eTetrix\u201c komoda yra puikus sprendimas. Tur\u0117dama tris kruop\u0161\u010diai suprojektuotus stal\u010dius, atidarym\u0105 be ranken\u0117li\u0173 ir b\u016bdama \u201eTetrix\u201c kolekcijos dalimi, \u0161i komoda si\u016blo daug privalum\u0173 [\u2026]<\/p>","protected":false},"featured_media":260141,"comment_status":"open","ping_status":"open","template":"","meta":[],"product_brand":[],"product_cat":[9200,1173],"product_tag":[],"class_list":{"0":"post-260140","1":"product","2":"type-product","3":"status-publish","4":"has-post-thumbnail","6":"product_cat-black-red-white","7":"product_cat-chests-of-drawers","9":"first","10":"instock","11":"purchasable","12":"product-type-simple"},"_links":{"self":[{"href":"https:\/\/baldumarket.lt\/lt\/wp-json\/wp\/v2\/product\/260140","targetHints":{"allow":["GET"]}}],"collection":[{"href":"https:\/\/baldumarket.lt\/lt\/wp-json\/wp\/v2\/product"}],"about":[{"href":"https:\/\/baldumarket.lt\/lt\/wp-json\/wp\/v2\/types\/product"}],"replies":[{"embeddable":true,"href":"https:\/\/baldumarket.lt\/lt\/wp-json\/wp\/v2\/comments?post=260140"}],"wp:featuredmedia":[{"embeddable":true,"href":"https:\/\/baldumarket.lt\/lt\/wp-json\/wp\/v2\/media\/260141"}],"wp:attachment":[{"href":"https:\/\/baldumarket.lt\/lt\/wp-json\/wp\/v2\/media?parent=260140"}],"wp:term":[{"taxonomy":"product_brand","embeddable":true,"href":"https:\/\/baldumarket.lt\/lt\/wp-json\/wp\/v2\/product_brand?post=260140"},{"taxonomy":"product_cat","embeddable":true,"href":"https:\/\/baldumarket.lt\/lt\/wp-json\/wp\/v2\/product_cat?post=260140"},{"taxonomy":"product_tag","embeddable":true,"href":"https:\/\/baldumarket.lt\/lt\/wp-json\/wp\/v2\/product_tag?post=260140"}],"curies":[{"name":"wp","href":"https:\/\/api.w.org\/{rel}","templated":true}]}}