{"id":260124,"date":"2026-01-13T22:53:05","date_gmt":"2026-01-13T19:53:05","guid":{"rendered":"https:\/\/baldumarket.lt\/product\/komoda-z-trzema-szufladami-nuis-90-cm-dab-wotan-bialy-polysk\/"},"modified":"2026-02-11T18:19:55","modified_gmt":"2026-02-11T15:19:55","slug":"komoda-z-trzema-szufladami-nuis-90-cm-dab-wotan-bialy-polysk","status":"publish","type":"product","link":"https:\/\/baldumarket.lt\/lt\/product\/komoda-z-trzema-szufladami-nuis-90-cm-dab-wotan-bialy-polysk\/","title":{"rendered":"Komoda su trimis stal\u010diais NUIS 90 cm Wotan \u0105\u017euolas\/blizgi balta"},"content":{"rendered":"<p>\u201eNuis\u201c komoda \u2013 prakti\u0161kumo ir stiliaus derinys. \u201eNuis\u201c komoda \u2013 tai unikalus modernaus dizaino ir klasikin\u0117s komodos funkcionalumo derinys. Trimis erdviais stal\u010diais ji puikiai tinka miegamajam, svetainei ar valgomajam, nes yra prakti\u0161ka ir eleganti\u0161ka. Nepaprastas \u201eNuis\u201c serijos bald\u0173 gro\u017eis kyla i\u0161 \u012fsp\u016bdingo komodos ir cokolio derinio \u0161ilto Wotano \u0105\u017euolo atspalvio su moderniais, blizgiais baltais fasadais. \u0160is med\u017eiag\u0173 ir spalv\u0173 derinys suteikia komodai modernumo ir jaukumo interjerui. Trys komodos stal\u010diai si\u016blo daug vietos daiktams laikyti \u2013 juose telpa drabu\u017eiai, patalyn\u0117, dokumentai ir papildomi stalo \u012frankiai. D\u0117l prakti\u0161k\u0173 matmen\u0173 (90\/39,5\/91,5 cm) komoda puikiai tinka tiek ma\u017eesniems, tiek didesniems kambariams. Vir\u0161utin\u0117 dalis gali b\u016bti naudojama kaip veidrodis, dekoratyviniai daiktai ar net televizorius. \u201eNuis\u201c komoda puikiai dera prie modernaus skandinavi\u0161ko stiliaus interjero. J\u0105 taip pat galite derinti su kitais \u201eNuis\u201c serijos baldais, sukurdami darn\u0173 ir \u012fsp\u016bding\u0105 kambario i\u0161d\u0117stym\u0105. Tai puikus prakti\u0161kumo ir stiliaus derinys tiems, kurie ie\u0161ko eleganti\u0161ko ir funkcionalaus sprendimo savo namams.<\/p>\n<p>Prek\u0117s kodas S396-KOM3S-DWO\/BIP Simbolis ZM EAN Plotis 90 cm Gylis 39,5 cm Auk\u0161tis 91,5 cm Kolekcija \u201eNuis\u201c Spalva wotan \u0105\u017euolas\/blizgi balta Gaubtas \u0161viesus medis Stilius modernus Med\u017eiaga laminatas Dureli\u0173 skai\u010dius be dureli\u0173 Stal\u010di\u0173 skai\u010dius 3 stal\u010diai Rankena be ranken\u0117li\u0173 Gamintojas Juoda Raudona Balta Baldo tipas Komodos PVM 23% EAN 5906123929516<\/p>","protected":false},"excerpt":{"rendered":"<p>\u201eNuis\u201c komoda \u2013 prakti\u0161kumo ir stiliaus derinys. \u201eNuis\u201c komoda \u2013 tai unikalus modernaus dizaino ir klasikin\u0117s komodos funkcionalumo derinys. Tur\u0117dama tris erdvius stal\u010dius, ji puikiai tinka miegamajam, svetainei ar valgomajam, nes yra prakti\u0161ka ir eleganti\u0161ka. [\u2026]<\/p>","protected":false},"featured_media":260125,"comment_status":"open","ping_status":"open","template":"","meta":[],"product_brand":[],"product_cat":[9200,1173],"product_tag":[],"class_list":{"0":"post-260124","1":"product","2":"type-product","3":"status-publish","4":"has-post-thumbnail","6":"product_cat-black-red-white","7":"product_cat-chests-of-drawers","9":"first","10":"instock","11":"purchasable","12":"product-type-simple"},"_links":{"self":[{"href":"https:\/\/baldumarket.lt\/lt\/wp-json\/wp\/v2\/product\/260124","targetHints":{"allow":["GET"]}}],"collection":[{"href":"https:\/\/baldumarket.lt\/lt\/wp-json\/wp\/v2\/product"}],"about":[{"href":"https:\/\/baldumarket.lt\/lt\/wp-json\/wp\/v2\/types\/product"}],"replies":[{"embeddable":true,"href":"https:\/\/baldumarket.lt\/lt\/wp-json\/wp\/v2\/comments?post=260124"}],"wp:featuredmedia":[{"embeddable":true,"href":"https:\/\/baldumarket.lt\/lt\/wp-json\/wp\/v2\/media\/260125"}],"wp:attachment":[{"href":"https:\/\/baldumarket.lt\/lt\/wp-json\/wp\/v2\/media?parent=260124"}],"wp:term":[{"taxonomy":"product_brand","embeddable":true,"href":"https:\/\/baldumarket.lt\/lt\/wp-json\/wp\/v2\/product_brand?post=260124"},{"taxonomy":"product_cat","embeddable":true,"href":"https:\/\/baldumarket.lt\/lt\/wp-json\/wp\/v2\/product_cat?post=260124"},{"taxonomy":"product_tag","embeddable":true,"href":"https:\/\/baldumarket.lt\/lt\/wp-json\/wp\/v2\/product_tag?post=260124"}],"curies":[{"name":"wp","href":"https:\/\/api.w.org\/{rel}","templated":true}]}}