{"id":260116,"date":"2026-01-13T22:52:59","date_gmt":"2026-01-13T19:52:59","guid":{"rendered":"https:\/\/baldumarket.lt\/product\/komoda-z-trzema-szufladami-matos-80-cm-dab-wotan-bialy\/"},"modified":"2026-02-11T18:19:55","modified_gmt":"2026-02-11T15:19:55","slug":"komoda-z-trzema-szufladami-matos-80-cm-dab-wotan-bialy","status":"publish","type":"product","link":"https:\/\/baldumarket.lt\/lt\/product\/komoda-z-trzema-szufladami-matos-80-cm-dab-wotan-bialy\/","title":{"rendered":"Komoda su trimis stal\u010diais MATOS 80 cm Wotan \u0105\u017euolas\/balta"},"content":{"rendered":"<p>\u201eMatos\u201c komoda yra ne tik prakti\u0161kas daikt\u0173 laikymo sprendimas, bet ir eleganti\u0161kas miegamojo dekoro elementas, sukuriantis jauki\u0105 atmosfer\u0105. Trys erdv\u016bs \u201eMatos\u201c komodos stal\u010diai leid\u017eia lengvai palaikyti tvark\u0105 miegamajame, juose galite laikyti drabu\u017eius ir kitus smulkius daiktus. Komoda yra puiki vieta eksponuoti \u0161eimos nuotraukas ar dekoratyvinius elementus, suteikian\u010dius asmeni\u0161kumo. \u0160ilto Wotano \u0105\u017euolo atspalvio korpuso ir matin\u0117s baltos spalvos fasad\u0173 derinys sukuria neutral\u0173 pagrind\u0105, kuris lengvai integruojasi \u012f \u012fvairius miegamojo dizainus. Nat\u016bralaus med\u017eio ra\u0161to imitacija suteikia nat\u016bralaus \u017eavesio. Paprastos sidabrin\u0117s ranken\u0117l\u0117s ne tik suteikia prakti\u0161kumo, palengvindamos stal\u010di\u0173 atidarym\u0105, bet ir suteikia subtil\u0173 metalin\u012f akcent\u0105. Derindami \u012fvairius \u201eMatos\u201c kolekcijos elementus, galite sukurti darni\u0105 ir funkcionali\u0105 miegamojo erdv\u0119, pritaikyt\u0105 j\u016bs\u0173 pageidavimams ir poreikiams.<\/p>\n<p>Prek\u0117s kodas S414-KOM3S-DWO\/BI Simbolis ZM EAN Plotis 80 cm Gylis 34 cm Auk\u0161tis 78,5 cm Kolekcija Matos Spalva wotan \u0105\u017euolas\/balta Gaubtas \u0161viesi mediena Stilius modernus Med\u017eiaga laminatas Dureli\u0173 skai\u010dius be dur\u0173 Stal\u010di\u0173 skai\u010dius 3 stal\u010diai Rankena su rankenomis Gamintojas Juoda Raudona Balta Baldo tipas Komodos PVM 23% EAN 5906123945479<\/p>","protected":false},"excerpt":{"rendered":"<p>\u201eMatos\u201c komoda yra ne tik prakti\u0161kas daikt\u0173 laikymo sprendimas, bet ir eleganti\u0161kas miegamojo dekoro elementas, sukuriantis jauki\u0105 atmosfer\u0105. Trys erdv\u016bs \u201eMatos\u201c komodos stal\u010diai leid\u017eia lengvai palaikyti tvark\u0105 miegamajame, nes juose galite laikyti drabu\u017eius ir kitus smulkius daiktus. Komoda [\u2026]<\/p>","protected":false},"featured_media":260117,"comment_status":"open","ping_status":"open","template":"","meta":[],"product_brand":[],"product_cat":[9200,1173],"product_tag":[],"class_list":{"0":"post-260116","1":"product","2":"type-product","3":"status-publish","4":"has-post-thumbnail","6":"product_cat-black-red-white","7":"product_cat-chests-of-drawers","9":"first","10":"instock","11":"purchasable","12":"product-type-simple"},"_links":{"self":[{"href":"https:\/\/baldumarket.lt\/lt\/wp-json\/wp\/v2\/product\/260116","targetHints":{"allow":["GET"]}}],"collection":[{"href":"https:\/\/baldumarket.lt\/lt\/wp-json\/wp\/v2\/product"}],"about":[{"href":"https:\/\/baldumarket.lt\/lt\/wp-json\/wp\/v2\/types\/product"}],"replies":[{"embeddable":true,"href":"https:\/\/baldumarket.lt\/lt\/wp-json\/wp\/v2\/comments?post=260116"}],"wp:featuredmedia":[{"embeddable":true,"href":"https:\/\/baldumarket.lt\/lt\/wp-json\/wp\/v2\/media\/260117"}],"wp:attachment":[{"href":"https:\/\/baldumarket.lt\/lt\/wp-json\/wp\/v2\/media?parent=260116"}],"wp:term":[{"taxonomy":"product_brand","embeddable":true,"href":"https:\/\/baldumarket.lt\/lt\/wp-json\/wp\/v2\/product_brand?post=260116"},{"taxonomy":"product_cat","embeddable":true,"href":"https:\/\/baldumarket.lt\/lt\/wp-json\/wp\/v2\/product_cat?post=260116"},{"taxonomy":"product_tag","embeddable":true,"href":"https:\/\/baldumarket.lt\/lt\/wp-json\/wp\/v2\/product_tag?post=260116"}],"curies":[{"name":"wp","href":"https:\/\/api.w.org\/{rel}","templated":true}]}}