{"id":260104,"date":"2026-01-13T22:52:50","date_gmt":"2026-01-13T19:52:50","guid":{"rendered":"https:\/\/baldumarket.lt\/product\/komoda-z-trzema-szufladami-gent-115-cm-dab-stirling\/"},"modified":"2026-02-11T18:19:55","modified_gmt":"2026-02-11T15:19:55","slug":"komoda-z-trzema-szufladami-gent-115-cm-dab-stirling","status":"publish","type":"product","link":"https:\/\/baldumarket.lt\/lt\/product\/komoda-z-trzema-szufladami-gent-115-cm-dab-stirling\/","title":{"rendered":"GENT komoda 115 cm, Stirling \u0105\u017euolas"},"content":{"rendered":"<p>\u201eGent\u201c komoda \u2013 \u012fsimyl\u0117kite funkcionalum\u0105. \u201eGent\u201c kolekcija \u2013 tikras perlas stilingo ir modernaus interjero m\u0117g\u0117jams, o \u201eGent\u201c komoda i\u0161siskiria ne tik eleganti\u0161ka i\u0161vaizda, bet ir i\u0161skirtiniu funkcionalumu. Leiskite man pristatyti visus \u0161io baldo privalumus, kurie privers jus j\u012f \u012fsimyl\u0117ti i\u0161 pirmo \u017evilgsnio. Vienas i\u0161 pagrindini\u0173 \u201eGent\u201c komodos bruo\u017e\u0173 \u2013 erdvumas. Tai puiki vieta pasl\u0117pti \u012fvairius nam\u0173 apyvokos daiktus ir tuo pa\u010diu metu demonstruoti m\u0117gstamiausias dekoracijas. \u0160i komoda turi \u0161e\u0161is prakti\u0161kus stal\u010dius ir funkcionalias lentynas, kuriose galite susid\u0117ti \u012fvairius papuo\u0161alus, knygas ir kitus daiktus. Tai suteikia daugyb\u0119 galimybi\u0173 tvarkyti savo namus. Stabilus stalvir\u0161is yra dar vienas \u201eGent\u201c komodos privalumas. J\u012f galite laisvai naudoti kurdami dekoratyvines kompozicijas arba d\u0117dami ant jo prakti\u0161kus daiktus. Laminuotas stalvir\u0161is yra atsparus \u012fbr\u0117\u017eimams ir kitiems mechaniniams pa\u017eeidimams, o tai svarbu kasdieniam naudojimui. J\u016bs\u0173 baldas ilgai i\u0161laikys patraukli\u0105 i\u0161vaizd\u0105. Kalbant apie i\u0161vaizd\u0105, \u201eGent\u201c indauja yra \u0161iltos Stirlingo \u0105\u017euolo spalvos su matomu ra\u0161tu ir juntama tikros medienos tekst\u016bra. \u0160i apdaila suteikia baldui elegancijos ir klasikinio \u017eavesio, kuris tikrai prad\u017eiugins j\u016bs\u0173 sve\u010dius. Modern\u0173 indaujai b\u016bding\u0105 dizain\u0105 papildo plat\u016bs korpus\u0105 juosiantys lipdiniai, plieno spalvos rankenos ir stikliniai fasadai, pagaminti i\u0161 auk\u0161tos kokyb\u0117s gr\u016bdinto apsauginio stiklo. \u0160ios subtilios, bet efektyvios detal\u0117s suteikia baldui charakterio ir paver\u010dia j\u012f dekoratyviniu elementu bet kuriame kambaryje. \u201eGent\u201c indauja taip pat turi energij\u0105 taupant\u012f LED ap\u0161vietim\u0105 po lentynomis. Tai ne tik prakti\u0161ka, bet ir sukuria jauki\u0105 atmosfer\u0105 kambaryje, i\u0161ry\u0161kindama eksponuojam\u0173 dekoracij\u0173 gro\u017e\u012f. Taip pat svarbu ir patogumas naudoti. Firminiai vyriai ir kreipian\u010diosios su \u0161velnaus u\u017edarymo sistema garantuoja skland\u0173 ir tyl\u0173 stal\u010di\u0173 bei dureli\u0173 atidarym\u0105 ir u\u017edarym\u0105. \u0160ie sprendimai padidina kasdienio naudojimo komfort\u0105. \u201eGent\u201c kolekcija si\u016blo plat\u0173 element\u0173 pasirinkim\u0105, kuriuos galite laisvai derinti ir sukurti unikalius i\u0161d\u0117stymus savo namuose ar bute. Tai suteikia jums visi\u0161k\u0105 laisv\u0119 kurti erdv\u0119, atspindin\u010di\u0105 j\u016bs\u0173 asmenin\u012f stili\u0173 ir poreikius. Trumpai tariant, komoda \u201eGent\u201c \u2013 tai baldas, kuris jus d\u017eiugins ne tik savo i\u0161vaizda, bet ir funkcionalumu. Erdvumas, stabilumas, eleganti\u0161kas dizainas ir didelis naudojimo patogumas paver\u010dia j\u0105 puikiu j\u016bs\u0173 interjero papildymu. Derindami \u012fvairius \u201eGent\u201c kolekcijos elementus, galite sukurti unikalius i\u0161d\u0117stymus, kurie atitiks visus j\u016bs\u0173 l\u016bkes\u010dius.<\/p>\n<p>Prek\u0117s kodas S228-KOM3S\/9\/12-DAST Simbolis ZM EAN Plotis 115 cm Gylis 45 cm Auk\u0161tis 85 cm Kolekcija Gent Spalva stirling \u0105\u017euolas Atspalvis tamsi mediena Stilius modernus Dureli\u0173 skai\u010dius be dur\u0173 Stal\u010di\u0173 skai\u010dius 3 stal\u010diai Rankena su rankenomis Gamintojas Juoda Raudona Balta Baldo tipas Komodos PVM 23% EAN 5906123922784<\/p>","protected":false},"excerpt":{"rendered":"<p>The Gent Chest of Drawers \u2013 Fall in Love with Functionality. The Gent collection is a true gem for lovers of stylish and modern interiors, and the Gent Chest of Drawers stands out not only for its elegant appearance but also for its exceptional functionality. Let me introduce you to all the advantages of this [&hellip;]<\/p>","protected":false},"featured_media":260105,"comment_status":"open","ping_status":"open","template":"","meta":[],"product_brand":[],"product_cat":[9200,1173],"product_tag":[],"class_list":{"0":"post-260104","1":"product","2":"type-product","3":"status-publish","4":"has-post-thumbnail","6":"product_cat-black-red-white","7":"product_cat-chests-of-drawers","9":"first","10":"instock","11":"purchasable","12":"product-type-simple"},"_links":{"self":[{"href":"https:\/\/baldumarket.lt\/lt\/wp-json\/wp\/v2\/product\/260104","targetHints":{"allow":["GET"]}}],"collection":[{"href":"https:\/\/baldumarket.lt\/lt\/wp-json\/wp\/v2\/product"}],"about":[{"href":"https:\/\/baldumarket.lt\/lt\/wp-json\/wp\/v2\/types\/product"}],"replies":[{"embeddable":true,"href":"https:\/\/baldumarket.lt\/lt\/wp-json\/wp\/v2\/comments?post=260104"}],"wp:featuredmedia":[{"embeddable":true,"href":"https:\/\/baldumarket.lt\/lt\/wp-json\/wp\/v2\/media\/260105"}],"wp:attachment":[{"href":"https:\/\/baldumarket.lt\/lt\/wp-json\/wp\/v2\/media?parent=260104"}],"wp:term":[{"taxonomy":"product_brand","embeddable":true,"href":"https:\/\/baldumarket.lt\/lt\/wp-json\/wp\/v2\/product_brand?post=260104"},{"taxonomy":"product_cat","embeddable":true,"href":"https:\/\/baldumarket.lt\/lt\/wp-json\/wp\/v2\/product_cat?post=260104"},{"taxonomy":"product_tag","embeddable":true,"href":"https:\/\/baldumarket.lt\/lt\/wp-json\/wp\/v2\/product_tag?post=260104"}],"curies":[{"name":"wp","href":"https:\/\/api.w.org\/{rel}","templated":true}]}}