{"id":260092,"date":"2026-01-13T22:52:40","date_gmt":"2026-01-13T19:52:40","guid":{"rendered":"https:\/\/baldumarket.lt\/product\/komoda-z-trzema-szufladami-forn-106-cm-bialy-polysk\/"},"modified":"2026-02-11T18:19:55","modified_gmt":"2026-02-11T15:19:55","slug":"komoda-z-trzema-szufladami-forn-106-cm-bialy-polysk","status":"publish","type":"product","link":"https:\/\/baldumarket.lt\/lt\/product\/komoda-z-trzema-szufladami-forn-106-cm-bialy-polysk\/","title":{"rendered":"Komoda su trimis stal\u010diais FORN 106 cm balta blizgi"},"content":{"rendered":"<p>\u2019Forn\u2019 komoda \u2013 modernumo ir funkcionalumo sinonimas. Jei j\u016bs\u0173 namams svarbiausia kokyb\u0117 ir dizainas, \u2019Forn\u201c komoda bus puikus pasirinkimas. \u0160is baldas ne tik atliks savo praktines funkcijas, bet ir suteiks j\u016bs\u0173 erdvei unikalaus \u017eavesio ir elegancijos. Leiskite man pristatyti visus \u201eForn\u201c komodos privalumus ir kod\u0117l ji yra modernumo ir funkcionalumo sinonimas. Vienas i\u0161 pagrindini\u0173 \u201eForn\u201c komodos i\u0161skirtinumo element\u0173 yra modernus ir i\u0161skirtinai stilingas dizainas. \u0160is baldas suteiks charakterio ir patrauklumo bet kuriai svetainei, miegamajam ar sve\u010di\u0173 kambariui. Paprastos linijos ir geometrin\u0117s formos sukuria minimalistin\u012f, ta\u010diau ry\u0161k\u0173 vaizd\u0105, kuris dera prie \u012fvairi\u0173 interjero dizain\u0173. Su \u201eForn\u201c komoda galite sukurti erdv\u0119, kuri d\u017eiugins visus j\u016bs\u0173 sve\u010dius. Ta\u010diau dizainas yra tik viena medalio pus\u0117. \u201eForn\u201c komoda pagaminta i\u0161 auk\u0161\u010diausios kokyb\u0117s med\u017eiag\u0173, atkreipiant d\u0117mes\u012f \u012f kiekvien\u0105 detal\u0119. Tai garantuoja patvarum\u0105 ir patikimum\u0105 daugeliui met\u0173. Komod\u0173 fasadai pasi\u017eymi subtiliais frezuotais ra\u0161tais, suteikian\u010diais elegancijos ir unikalaus charakterio. \u0160is baldas ne tik atliks praktin\u0119 funkcij\u0105, bet ir praturtins j\u016bs\u0173 erdv\u0119. Prakti\u0161kumas yra dar vienas \u201eForn\u201c komodos privalumas. Ji turi tris erdvius stal\u010dius, kuriuose galima tvarkingai laikyti \u012fvairius daiktus. Dar svarbiau, kad stal\u010diai turi \u0161velnaus u\u017edarymo funkcij\u0105, leid\u017eian\u010di\u0105 jiems skland\u017eiai ir tyliai atsidaryti ir u\u017esidaryti. Tai ypa\u010d naudinga laikant daiktus nakt\u012f, kai norite i\u0161vengti triuk\u0161mo. Storas komodos stal\u010dius ne tik suteikia patvarumo, bet ir yra ideali vieta dekoracijoms, \u017evak\u0117ms ar nuotrauk\u0173 r\u0117meliui eksponuoti. \u201eForn\u201c komodos spalv\u0173 gama pabr\u0117\u017eia jos modern\u0173 charakter\u012f ir yra keturi\u0173 variant\u0173: blizgi balta, tamsaus \u201eDelano\u201c \u0105\u017euolo \/ matin\u0117s juodos, tamsaus \u201eDelano\u201c \u0105\u017euolo \/ blizgios baltos ir blizgios baltos \/ matin\u0117s juodos. D\u0117l \u0161ios \u012fvairov\u0117s kiekvienas gali rasti tobul\u0105 spalv\u0105, papildan\u010di\u0105 jo interjer\u0105 ir stili\u0173. \u201eForn\u201c komoda yra ne tik baldas; tai taip pat b\u016bdas suteikti namams moderni\u0105 atmosfer\u0105 ir funkcionalum\u0105. Pasirinkdami baldus i\u0161 \u201eForn\u201c kolekcijos, investuojate \u012f kokyb\u0119 ir dizain\u0105, kurie jus d\u017eiugins ilgus metus. Tegul j\u016bs\u0173 interjeras tampa vieta, kur komfortas dera su elegancija, o modernumas \u2013 su funkcionalumu. Pasirinkite \u201eForn\u201c komod\u0105 ir m\u0117gaukit\u0117s tobulai suprojektuotu interjeru.<\/p>\n<p>Prek\u0117s kodas S471-KOM3S-BIP Simbolis ZM EAN Plotis 106 cm Gylis 42,5 cm Auk\u0161tis 93 cm Kolekcija Forn Spalva balta blizgi Atspalvis balta Stilius modernus Dureli\u0173 skai\u010dius be dur\u0173 Stal\u010di\u0173 skai\u010dius 3 stal\u010diai Rankena su rankenomis Gamintojas Juoda Raudona Balta Baldo tipas Komodos PVM 23% EAN 5906123705479<\/p>","protected":false},"excerpt":{"rendered":"<p>\u201eForn\u201c komoda \u2013 modernumo ir funkcionalumo sinonimas. Jei j\u016bs\u0173 namams svarbiausia kokyb\u0117 ir dizainas, \u201eForn\u201c komoda bus puikus pasirinkimas. \u0160is baldas ne tik atliks savo praktines funkcijas, bet ir suteiks j\u016bs\u0173 erdvei unikalaus \u017eavesio ir elegancijos. [\u2026]<\/p>","protected":false},"featured_media":260093,"comment_status":"open","ping_status":"open","template":"","meta":[],"product_brand":[],"product_cat":[9200,1173],"product_tag":[],"class_list":{"0":"post-260092","1":"product","2":"type-product","3":"status-publish","4":"has-post-thumbnail","6":"product_cat-black-red-white","7":"product_cat-chests-of-drawers","9":"first","10":"instock","11":"purchasable","12":"product-type-simple"},"_links":{"self":[{"href":"https:\/\/baldumarket.lt\/lt\/wp-json\/wp\/v2\/product\/260092","targetHints":{"allow":["GET"]}}],"collection":[{"href":"https:\/\/baldumarket.lt\/lt\/wp-json\/wp\/v2\/product"}],"about":[{"href":"https:\/\/baldumarket.lt\/lt\/wp-json\/wp\/v2\/types\/product"}],"replies":[{"embeddable":true,"href":"https:\/\/baldumarket.lt\/lt\/wp-json\/wp\/v2\/comments?post=260092"}],"wp:featuredmedia":[{"embeddable":true,"href":"https:\/\/baldumarket.lt\/lt\/wp-json\/wp\/v2\/media\/260093"}],"wp:attachment":[{"href":"https:\/\/baldumarket.lt\/lt\/wp-json\/wp\/v2\/media?parent=260092"}],"wp:term":[{"taxonomy":"product_brand","embeddable":true,"href":"https:\/\/baldumarket.lt\/lt\/wp-json\/wp\/v2\/product_brand?post=260092"},{"taxonomy":"product_cat","embeddable":true,"href":"https:\/\/baldumarket.lt\/lt\/wp-json\/wp\/v2\/product_cat?post=260092"},{"taxonomy":"product_tag","embeddable":true,"href":"https:\/\/baldumarket.lt\/lt\/wp-json\/wp\/v2\/product_tag?post=260092"}],"curies":[{"name":"wp","href":"https:\/\/api.w.org\/{rel}","templated":true}]}}