{"id":260076,"date":"2026-01-13T22:52:27","date_gmt":"2026-01-13T19:52:27","guid":{"rendered":"https:\/\/baldumarket.lt\/product\/komoda-z-szufladami-patras-93-cm-dab-april\/"},"modified":"2026-02-11T18:19:55","modified_gmt":"2026-02-11T15:19:55","slug":"komoda-z-szufladami-patras-93-cm-dab-april","status":"publish","type":"product","link":"https:\/\/baldumarket.lt\/lt\/product\/komoda-z-szufladami-patras-93-cm-dab-april\/","title":{"rendered":"PATRAS komoda 93 cm baland\u017eio \u0105\u017euolo spalvos"},"content":{"rendered":"<p>Komoda \u201ePatras\u201c \u2013 prakti\u0161kas ir kompakti\u0161kas sprendimas klasikinio interjero dizaino m\u0117g\u0117jams. D\u0117l funkcionalaus dizaino ji puikiai tinka j\u016bs\u0173 erdvei sutvarkyti. Penki\u0173 skirting\u0173 stal\u010di\u0173, \u012fskaitant du kompakti\u0161kus ma\u017eesniems daiktams ir tris erdvius didesniems daiktams, derinys leid\u017eia efektyviai organizuoti daiktus. Med\u017eio ra\u0161tas ir \u0161ilta baland\u017eio \u0105\u017euolo spalva suteikia komodai eleganti\u0161k\u0105 ir jauk\u0173 charakter\u012f. Antikvarinio sidabro spalvos metaliniai belstukai ne tik palengvina stal\u010di\u0173 atidarym\u0105, bet ir suteikia \u012fsp\u016bding\u0105 i\u0161vaizd\u0105. Be to, dalinio i\u0161traukimo stal\u010diai apsaugo turin\u012f nuo atsitiktinio i\u0161kritimo. Derindami komod\u0105 \u201ePatras\u201c su kitais kolekcijos baldais, galite sukurti rafinuot\u0105 interjero dizain\u0105, puikiai tinkant\u012f klasikinio stiliaus m\u0117g\u0117jams.<\/p>\n<p>Prek\u0117s kodas S405-KOM5S-DARL Simbolis ZM EAN Plotis 93 cm Gylis 44,5 cm Auk\u0161tis 93 cm Kolekcija Patras Spalva baland\u017eio spalvos \u0105\u017euolas Atspalvis tamsi mediena Stilius modernus Med\u017eiaga laminatas Dureli\u0173 skai\u010dius be dureli\u0173 Stal\u010di\u0173 skai\u010dius 5 ir daugiau stal\u010di\u0173 Rankena su rankenomis Gamintojas Juoda Raudona Balta Baldo tipas Komodos PVM mokestis 23% EAN 5906123944120<\/p>","protected":false},"excerpt":{"rendered":"<p>\u201ePatras\u201c komoda \u2013 prakti\u0161kas ir kompakti\u0161kas sprendimas klasikinio interjero dizaino m\u0117g\u0117jams. D\u0117l funkcionalaus dizaino ji puikiai tinka j\u016bs\u0173 erdvei sutvarkyti. Penki\u0173 skirting\u0173 stal\u010di\u0173 derinys, \u012fskaitant du kompakti\u0161kus ma\u017eesniems daiktams ir tris erdvius didesniems daiktams, leid\u017eia efektyviai organizuoti daiktus. Med\u017eio ra\u0161tas [\u2026]<\/p>","protected":false},"featured_media":260077,"comment_status":"open","ping_status":"open","template":"","meta":[],"product_brand":[],"product_cat":[9200,1173],"product_tag":[],"class_list":{"0":"post-260076","1":"product","2":"type-product","3":"status-publish","4":"has-post-thumbnail","6":"product_cat-black-red-white","7":"product_cat-chests-of-drawers","9":"first","10":"instock","11":"purchasable","12":"product-type-simple"},"_links":{"self":[{"href":"https:\/\/baldumarket.lt\/lt\/wp-json\/wp\/v2\/product\/260076","targetHints":{"allow":["GET"]}}],"collection":[{"href":"https:\/\/baldumarket.lt\/lt\/wp-json\/wp\/v2\/product"}],"about":[{"href":"https:\/\/baldumarket.lt\/lt\/wp-json\/wp\/v2\/types\/product"}],"replies":[{"embeddable":true,"href":"https:\/\/baldumarket.lt\/lt\/wp-json\/wp\/v2\/comments?post=260076"}],"wp:featuredmedia":[{"embeddable":true,"href":"https:\/\/baldumarket.lt\/lt\/wp-json\/wp\/v2\/media\/260077"}],"wp:attachment":[{"href":"https:\/\/baldumarket.lt\/lt\/wp-json\/wp\/v2\/media?parent=260076"}],"wp:term":[{"taxonomy":"product_brand","embeddable":true,"href":"https:\/\/baldumarket.lt\/lt\/wp-json\/wp\/v2\/product_brand?post=260076"},{"taxonomy":"product_cat","embeddable":true,"href":"https:\/\/baldumarket.lt\/lt\/wp-json\/wp\/v2\/product_cat?post=260076"},{"taxonomy":"product_tag","embeddable":true,"href":"https:\/\/baldumarket.lt\/lt\/wp-json\/wp\/v2\/product_tag?post=260076"}],"curies":[{"name":"wp","href":"https:\/\/api.w.org\/{rel}","templated":true}]}}