{"id":260060,"date":"2026-01-13T22:52:14","date_gmt":"2026-01-13T19:52:14","guid":{"rendered":"https:\/\/baldumarket.lt\/product\/komoda-z-szescioma-szufladami-tetrix-150-cm-dab-sonoma\/"},"modified":"2026-02-11T18:19:56","modified_gmt":"2026-02-11T15:19:56","slug":"komoda-z-szescioma-szufladami-tetrix-150-cm-dab-sonoma","status":"publish","type":"product","link":"https:\/\/baldumarket.lt\/lt\/product\/komoda-z-szescioma-szufladami-tetrix-150-cm-dab-sonoma\/","title":{"rendered":"Komoda su \u0161e\u0161iais stal\u010diais TETRIX 150 cm, Sonoma \u0105\u017euolas"},"content":{"rendered":"<p>\u2019Tetrix\u2019 komoda \u2013 puikus sprendimas daiktams susid\u0117ti. Jei miegamajame tr\u016bksta vietos daiktams susid\u0117ti, \u201eTetrix\u201c komoda yra puikus sprendimas. \u0160i \u201eTetrix\u201c kolekcijos komoda su \u0161e\u0161iais funkcionaliais stal\u010diais, atidaroma priekine dalimi be ranken\u0117li\u0173 ir prakti\u0161ku stalvir\u0161iu yra puikus baldas, pad\u0117siantis sutvarkyti ir palaikyti tvark\u0105 miegamajame. Did\u017eiausias \u201eTetrix\u201c komodos privalumas \u2013 jos talpa. \u0160e\u0161iuose erdviuose stal\u010diuose yra daug vietos \u012fvairiems daiktams laikyti. Nuo drabu\u017ei\u0173, apatini\u0173 drabu\u017ei\u0173 ir patalyn\u0117s iki knyg\u0173, aksesuar\u0173 ir kit\u0173 nieku\u010di\u0173 \u2013 \u0161ioje komodoje tilps viskas, ko reikia j\u016bs\u0173 miegamajame. Tai puikus pasirinkimas, jei norite, kad j\u016bs\u0173 erdv\u0117 b\u016bt\u0173 tvarkinga ir organizuota. Atsidarymas be ranken\u0117li\u0173 yra dar vienas \u201eTetrix\u201c komodos privalumas. Tai modernus ir eleganti\u0161kas sprendimas, kur\u012f lengva naudoti. Atidarant ir u\u017edarant stal\u010dius nereikia r\u016bpintis tradicin\u0117mis rankenomis ar mygtukais. Pakanka \u0161velniai paspausti arba patraukti, kad pasiektum\u0117te stal\u010di\u0173 turin\u012f. Tai ne tik suteikia komodai estetinio patrauklumo, bet ir u\u017etikrina paprast\u0105 naudojim\u0105. Papildomas \u201eTetrix\u201c komodos privalumas \u2013 prakti\u0161kas stalvir\u0161is. Ant jo galite pasid\u0117ti naktin\u0119 lemp\u0105, dekoratyvinius daiktus ar kitus b\u016btinus daiktus, kuriuos norite laikyti po ranka. \u0160i erdv\u0117 gali atlikti kelias funkcijas ir padidinti komodos funkcionalum\u0105. \u201eTetrix\u201c komoda taip pat priklauso to paties pavadinimo bald\u0173 kolekcijai, leid\u017eian\u010diai sukurti darn\u0173 miegamojo interjer\u0105, derinant \u012fvairius \u201eTetrix\u201c kolekcijos elementus, tokius kaip naktinis staliukas, lova ar drabu\u017ei\u0173 spinta. Tai sukurs harmoning\u0105 ir eleganti\u0161k\u0105 miegamojo erdv\u0119. Trumpai tariant, \u201eTetrix\u201c komoda yra puikus sprendimas daikt\u0173 laikymui j\u016bs\u0173 miegamajame. Erdvumas, modernus dizainas ir prakti\u0161kas stalvir\u0161is paver\u010dia j\u0105 baldu, kuris ne tik palengvina tvark\u0105, bet ir pagerina miegamojo estetik\u0105. Pasirink\u0119 \u201eTetrix\u201c komod\u0105, \u012fgysite daugiau erdv\u0117s ir tvarkos, i\u0161laikydami elegancij\u0105 ir stili\u0173 savo interjere. Nelaukite ilgiau \u2013 rinkit\u0117s \u201eTetrix\u201c komod\u0105 ir m\u0117gaukit\u0117s daugybe jos privalum\u0173.<\/p>\n<p>Prek\u0117s kodas S442-KOM6S-DSO Simbolis ZM EAN Plotis 150 cm Gylis 45 cm Auk\u0161tis 75,5 cm Kolekcija Tetrix Spalva sonoma \u0105\u017euolas Atspalvis \u0161viesus medis Stilius modernus Dureli\u0173 skai\u010dius be dureli\u0173 Stal\u010di\u0173 skai\u010dius 5 ir daugiau stal\u010di\u0173 Rankena be ranken\u0117li\u0173 Gamintojas Juoda Raudona Balta Baldo tipas Komodos PVM 23% EAN 5906123605854<\/p>","protected":false},"excerpt":{"rendered":"<p>\u201eTetrix\u201c komoda \u2013 puikus sprendimas daiktams susid\u0117ti. Jei miegamajame tr\u016bksta vietos daiktams susid\u0117ti, \u201eTetrix\u201c komoda yra puikus sprendimas. \u0160i \u201eTetrix\u201c kolekcijos komoda su \u0161e\u0161iais funkcionaliais stal\u010diais, atidaroma priekine dalimi be ranken\u0117li\u0173 ir prakti\u0161ku stalvir\u0161iu yra puikus sprendimas [\u2026]<\/p>","protected":false},"featured_media":260061,"comment_status":"open","ping_status":"open","template":"","meta":[],"product_brand":[],"product_cat":[9200,1173],"product_tag":[],"class_list":{"0":"post-260060","1":"product","2":"type-product","3":"status-publish","4":"has-post-thumbnail","6":"product_cat-black-red-white","7":"product_cat-chests-of-drawers","9":"first","10":"instock","11":"purchasable","12":"product-type-simple"},"_links":{"self":[{"href":"https:\/\/baldumarket.lt\/lt\/wp-json\/wp\/v2\/product\/260060","targetHints":{"allow":["GET"]}}],"collection":[{"href":"https:\/\/baldumarket.lt\/lt\/wp-json\/wp\/v2\/product"}],"about":[{"href":"https:\/\/baldumarket.lt\/lt\/wp-json\/wp\/v2\/types\/product"}],"replies":[{"embeddable":true,"href":"https:\/\/baldumarket.lt\/lt\/wp-json\/wp\/v2\/comments?post=260060"}],"wp:featuredmedia":[{"embeddable":true,"href":"https:\/\/baldumarket.lt\/lt\/wp-json\/wp\/v2\/media\/260061"}],"wp:attachment":[{"href":"https:\/\/baldumarket.lt\/lt\/wp-json\/wp\/v2\/media?parent=260060"}],"wp:term":[{"taxonomy":"product_brand","embeddable":true,"href":"https:\/\/baldumarket.lt\/lt\/wp-json\/wp\/v2\/product_brand?post=260060"},{"taxonomy":"product_cat","embeddable":true,"href":"https:\/\/baldumarket.lt\/lt\/wp-json\/wp\/v2\/product_cat?post=260060"},{"taxonomy":"product_tag","embeddable":true,"href":"https:\/\/baldumarket.lt\/lt\/wp-json\/wp\/v2\/product_tag?post=260060"}],"curies":[{"name":"wp","href":"https:\/\/api.w.org\/{rel}","templated":true}]}}