{"id":260048,"date":"2026-01-13T22:52:03","date_gmt":"2026-01-13T19:52:03","guid":{"rendered":"https:\/\/baldumarket.lt\/product\/komoda-z-szescioma-szufladami-kaspian-1045-cm-bialy-dab-sonoma\/"},"modified":"2026-02-11T18:19:56","modified_gmt":"2026-02-11T15:19:56","slug":"komoda-z-szescioma-szufladami-kaspian-1045-cm-bialy-dab-sonoma","status":"publish","type":"product","link":"https:\/\/baldumarket.lt\/lt\/product\/komoda-z-szescioma-szufladami-kaspian-1045-cm-bialy-dab-sonoma\/","title":{"rendered":"Komoda su \u0161e\u0161iais stal\u010diais KASPIAN 104.5 cm balta\/sonoma \u0105\u017euolas"},"content":{"rendered":"<p>\u2019Kaspian\u201c komoda \u2013 \u0161e\u0161i stal\u010diai ranka pasiekiami. Moderniame interjere svarbiausia funkcionalumas, o \u201eKaspian\u201c kolekcija \u2013 puikus atsakymas tiems, kurie vertina paprastum\u0105 ir gerai suplanuot\u0105 erdv\u0119. \u0160e\u0161i prakti\u0161ki stal\u010diai \u201eKaspian\u201c komodoje puikiai dera funkcionalumas ir modernus dizainas. Svarstant, kaip susitvarkyti daiktus, kad juos b\u016bt\u0173 lengva pasiekti, \u201eKaspian\u201c komoda yra puikus sprendimas. \u0160e\u0161i erdv\u016bs stal\u010diai idealiai tinka \u012fvairiems daiktams, pavyzd\u017eiui, apatiniams drabu\u017eiams, \u017eaislams ar dokumentams, laikyti. Be to, jos vir\u0161uje yra vietos dekoratyvinei vazai, m\u0117gstamoms nuotraukoms ar dizainerio \u017eibintui. Subtiliai pastorinti komodos \u0161onai ne tik sustiprina jos strukt\u016br\u0105, bet ir pagerina vizualin\u012f patrauklum\u0105, suteikdami baldui solidumo ir i\u0161skirtinumo. Rinkdamiesi \u201eKaspian\u201c komod\u0105, galite rinktis i\u0161 keli\u0173 spalv\u0173 variant\u0173. Fanera, atkartojanti nat\u016brali\u0105 medienos tekst\u016br\u0105, suteikia baldui unikal\u0173 charakter\u012f ir harmoningai dera prie \u012fvairi\u0173 interjero stili\u0173. \u201eKaspian\u201c kolekcija leid\u017eia lanks\u010diai derinti \u012fvairius elementus, taip sukuriant ergonomi\u0161k\u0105 interjer\u0105. \u201eKaspian\u201c komod\u0105 galite derinti su kitais \u0161ios kolekcijos baldais, taip sukurdami darn\u0173 ir suasmenint\u0105 interjer\u0105. Trumpai tariant, \u201eKaspian\u201c komoda su 6 stal\u010diais si\u016blo daug vietos daiktams susid\u0117ti ir kartu suteikia j\u016bs\u0173 interjerui modernumo bei elegancijos. Funkcionalumas, tvirta konstrukcija ir spalv\u0173 \u012fvairov\u0117 daro j\u0105 puikiu pasirinkimu tiems, kurie vertina tvark\u0105 ir estetik\u0105 savo namuose. Su \u201eKaspian\u201c komoda lengviau sutvarkyti erdv\u0119, o j\u016bs\u0173 interjeras \u012fgauna nauj\u0105 charakter\u012f.<\/p>\n<p>Prek\u0117s kodas S128-KOM6S-BI\/DSO Simbolis ZM EAN Plotis 104,5 cm Gylis 40 cm Auk\u0161tis 112 cm Kolekcija Kaspian Spalva balta\/sonoma \u0105\u017euolas Gaubtas \u0161viesus medis Stilius modernus Dureli\u0173 skai\u010dius be dureli\u0173 Stal\u010di\u0173 skai\u010dius 5 ir daugiau stal\u010di\u0173 Rankena be ranken\u0117li\u0173 Gamintojas Juoda Raudona Balta Baldo tipas Komodos PVM mokestis 23% EAN 5906123883313<\/p>","protected":false},"excerpt":{"rendered":"<p>\u201eKaspian\u201c komoda \u2013 \u0161e\u0161i stal\u010diai ranka pasiekiami. Moderniame interjere funkcionalumas yra svarbiausia, o \u201eKaspian\u201c kolekcija puikiai patenkina paprastum\u0105 ir gerai suplanuot\u0105 erdv\u0119 vertinan\u010di\u0173 \u017emoni\u0173 poreikius. Tur\u0117dama \u0161e\u0161is prakti\u0161kus stal\u010dius, \u201eKaspian\u201c komoda puikiai derina funkcionalum\u0105 ir modern\u0173 dizain\u0105. Svarstant, kaip [\u2026]<\/p>","protected":false},"featured_media":260049,"comment_status":"open","ping_status":"open","template":"","meta":[],"product_brand":[],"product_cat":[9200,1173],"product_tag":[],"class_list":{"0":"post-260048","1":"product","2":"type-product","3":"status-publish","4":"has-post-thumbnail","6":"product_cat-black-red-white","7":"product_cat-chests-of-drawers","9":"first","10":"instock","11":"purchasable","12":"product-type-simple"},"_links":{"self":[{"href":"https:\/\/baldumarket.lt\/lt\/wp-json\/wp\/v2\/product\/260048","targetHints":{"allow":["GET"]}}],"collection":[{"href":"https:\/\/baldumarket.lt\/lt\/wp-json\/wp\/v2\/product"}],"about":[{"href":"https:\/\/baldumarket.lt\/lt\/wp-json\/wp\/v2\/types\/product"}],"replies":[{"embeddable":true,"href":"https:\/\/baldumarket.lt\/lt\/wp-json\/wp\/v2\/comments?post=260048"}],"wp:featuredmedia":[{"embeddable":true,"href":"https:\/\/baldumarket.lt\/lt\/wp-json\/wp\/v2\/media\/260049"}],"wp:attachment":[{"href":"https:\/\/baldumarket.lt\/lt\/wp-json\/wp\/v2\/media?parent=260048"}],"wp:term":[{"taxonomy":"product_brand","embeddable":true,"href":"https:\/\/baldumarket.lt\/lt\/wp-json\/wp\/v2\/product_brand?post=260048"},{"taxonomy":"product_cat","embeddable":true,"href":"https:\/\/baldumarket.lt\/lt\/wp-json\/wp\/v2\/product_cat?post=260048"},{"taxonomy":"product_tag","embeddable":true,"href":"https:\/\/baldumarket.lt\/lt\/wp-json\/wp\/v2\/product_tag?post=260048"}],"curies":[{"name":"wp","href":"https:\/\/api.w.org\/{rel}","templated":true}]}}