{"id":260036,"date":"2026-01-13T22:51:54","date_gmt":"2026-01-13T19:51:54","guid":{"rendered":"https:\/\/baldumarket.lt\/product\/komoda-z-szescioma-szufladami-holten-985-cm-bialy-dab-wotan\/"},"modified":"2026-02-11T18:19:56","modified_gmt":"2026-02-11T15:19:56","slug":"komoda-z-szescioma-szufladami-holten-985-cm-bialy-dab-wotan","status":"publish","type":"product","link":"https:\/\/baldumarket.lt\/lt\/product\/komoda-z-szescioma-szufladami-holten-985-cm-bialy-dab-wotan\/","title":{"rendered":"HOLTEN komoda su \u0161e\u0161iais stal\u010diais, 98,5 cm, balta\/wotan \u0105\u017euolas"},"content":{"rendered":"<p>\u201eHolten\u201c komoda \u2013 unikali erdv\u0117 daiktams laikyti ir dekoruoti. Jei ie\u0161kote bald\u0173, kurie pad\u0117t\u0173 sutvarkyti miegam\u0105j\u012f ir kartu b\u016bt\u0173 esteti\u0161kai patrauklus dekoratyvinis elementas, \u201eHolten\u201c komoda yra puikus sprendimas. \u0160i moderni linija derina funkcionalum\u0105 ir gamtos \u012fkv\u0117pim\u0105, sukurdama prakti\u0161k\u0105 ir gra\u017e\u0173 bald\u0105. \u0160tai kod\u0117l tur\u0117tum\u0117te apsvarstyti \u201eHolten\u201c komod\u0105: \u201eHolten\u201c komodoje yra \u0161e\u0161i prakti\u0161ki stal\u010diai, leid\u017eiantys efektyviai susitvarkyti drabu\u017eius, apatinius, papuo\u0161alus ar kitus smulkius daiktus. Tai leid\u017eia palaikyti tvark\u0105 miegamajame ir tur\u0117ti visus b\u016btiniausius daiktus po ranka. Platus stalvir\u0161is \u2013 puiki vieta suasmeninimui. Ant jo galite laikyti \u0161eimos nuotraukas, g\u0117li\u0173 vazon\u0105, vaz\u0105 ar nieku\u010di\u0173 d\u0117\u017eut\u0119. Tai puikus b\u016bdas suteikti miegamajam asmeni\u0161kumo. \u201eWaterford Oak\u201c apdaila su i\u0161skirtine medienos tekst\u016bra suteikia komodai nat\u016brali\u0105 ir \u0161ilt\u0105 i\u0161vaizd\u0105. Ra\u0161t\u0173 \u012fvairov\u0117 kiekvien\u0105 komod\u0105 daro unikali\u0105 ir pabr\u0117\u017eia jos charakter\u012f. Komodos fasadai be ranken\u0117li\u0173 atrodo eleganti\u0161kai ir moderniai. Lygus pavir\u0161ius ir minimalistinis dizainas sukuria darni\u0105 visum\u0105. \u0160velnaus u\u017edarymo b\u0117geliai: Erdv\u016bs stal\u010diai tvirtinami ant \u0161velnaus u\u017edarymo b\u0117geli\u0173, tod\u0117l juos atidaryti ir u\u017edaryti beveik negirdima, o tai ypa\u010d patogu miegamajame. \u201eHolten\u201c komoda puikiai dera su kitais \u201eHolten\u201c kolekcijos elementais, leisdama sukurti darn\u0173 ir \u012fsp\u016bding\u0105 miegamojo i\u0161planavim\u0105. Interjer\u0105 galite pritaikyti pagal savo poreikius ir skon\u012f, sukurdami eleganti\u0161k\u0105 ir funkcionali\u0105 erdv\u0119. \u201eHolten\u201c komoda yra ne tik daikt\u0173 laikymo vieta, bet ir dekoratyvinis elementas j\u016bs\u0173 miegamajame. D\u0117l savo funkcionalumo ir estetikos galite sukurti erdv\u0119, kuri ne tik d\u017eiugins sve\u010dius, bet ir supaprastins j\u016bs\u0173 kasdien\u012f gyvenim\u0105.<\/p>\n<p>Prek\u0117s kodas S440-KOM6S\/A-BI\/DWO\/BIP Simbolis ZM EAN Plotis 98,5 cm Gylis 42 cm Auk\u0161tis 129,5 cm Kolekcija Holten Spalva balta\/wotan \u0105\u017euolas\/blizgi balta Atspalvis baltas Stilius modernus Dureli\u0173 skai\u010dius be dureli\u0173 Stal\u010di\u0173 skai\u010dius 5 ir daugiau stal\u010di\u0173 Rankena be ranken\u0117li\u0173 Gamintojas Juoda Raudona Balta Baldo tipas Komodos PVM 23% EAN 5906123951722<\/p>","protected":false},"excerpt":{"rendered":"<p>\u201eHolten\u201c komoda \u2013 unikali erdv\u0117 daiktams laikyti ir dekoruoti. Jei ie\u0161kote bald\u0173, kurie pad\u0117t\u0173 sutvarkyti miegam\u0105j\u012f ir kartu b\u016bt\u0173 esteti\u0161kai patrauklus dekoratyvinis elementas, \u201eHolten\u201c komoda yra puikus sprendimas. \u0160i moderni linija derina funkcionalum\u0105 ir gamtos \u012fkv\u0117pim\u0105, sukurdama bald\u0105, kuris [\u2026]<\/p>","protected":false},"featured_media":260037,"comment_status":"open","ping_status":"open","template":"","meta":[],"product_brand":[],"product_cat":[9200,1173],"product_tag":[],"class_list":{"0":"post-260036","1":"product","2":"type-product","3":"status-publish","4":"has-post-thumbnail","6":"product_cat-black-red-white","7":"product_cat-chests-of-drawers","9":"first","10":"instock","11":"purchasable","12":"product-type-simple"},"_links":{"self":[{"href":"https:\/\/baldumarket.lt\/lt\/wp-json\/wp\/v2\/product\/260036","targetHints":{"allow":["GET"]}}],"collection":[{"href":"https:\/\/baldumarket.lt\/lt\/wp-json\/wp\/v2\/product"}],"about":[{"href":"https:\/\/baldumarket.lt\/lt\/wp-json\/wp\/v2\/types\/product"}],"replies":[{"embeddable":true,"href":"https:\/\/baldumarket.lt\/lt\/wp-json\/wp\/v2\/comments?post=260036"}],"wp:featuredmedia":[{"embeddable":true,"href":"https:\/\/baldumarket.lt\/lt\/wp-json\/wp\/v2\/media\/260037"}],"wp:attachment":[{"href":"https:\/\/baldumarket.lt\/lt\/wp-json\/wp\/v2\/media?parent=260036"}],"wp:term":[{"taxonomy":"product_brand","embeddable":true,"href":"https:\/\/baldumarket.lt\/lt\/wp-json\/wp\/v2\/product_brand?post=260036"},{"taxonomy":"product_cat","embeddable":true,"href":"https:\/\/baldumarket.lt\/lt\/wp-json\/wp\/v2\/product_cat?post=260036"},{"taxonomy":"product_tag","embeddable":true,"href":"https:\/\/baldumarket.lt\/lt\/wp-json\/wp\/v2\/product_tag?post=260036"}],"curies":[{"name":"wp","href":"https:\/\/api.w.org\/{rel}","templated":true}]}}