{"id":260032,"date":"2026-01-13T22:51:51","date_gmt":"2026-01-13T19:51:51","guid":{"rendered":"https:\/\/baldumarket.lt\/product\/komoda-z-szescioma-szufladami-hesen-101-cm-modrzew-sibiu-jasny-sosna-larico\/"},"modified":"2026-02-11T18:19:56","modified_gmt":"2026-02-11T15:19:56","slug":"komoda-z-szescioma-szufladami-hesen-101-cm-modrzew-sibiu-jasny-sosna-larico","status":"publish","type":"product","link":"https:\/\/baldumarket.lt\/lt\/product\/komoda-z-szescioma-szufladami-hesen-101-cm-modrzew-sibiu-jasny-sosna-larico\/","title":{"rendered":"HESEN komoda su \u0161e\u0161iais stal\u010diais, 101 cm, \u0161viesus Sibiu maumedis\/larico pu\u0161is"},"content":{"rendered":"<p>\u201eHesen\u201c komoda \u2013 prakti\u0161ka ir stilinga vieta aksesuarams. \u201eHesen\u201c kolekcijoje derinamos rafinuotos detal\u0117s su sant\u016bria elegancija, sukuriant unikal\u0173 svetain\u0117s charakter\u012f. \u201eHesen\u201c baldai yra puikus interjero dizaino pagrindas, leid\u017eiantis dr\u0105sius spalv\u0173 akcentus. \u201eHesen\u201c komoda yra baldo, kuris ne tik \u017eavi originaliu dizainu, bet ir atlieka praktin\u0119 funkcij\u0105, pavyzdys. \u201eHesen\u201c komoda yra puiki vieta laikyti \u012fvairius aksesuarus, tokius kaip dir\u017eai, \u0161alikai, skaros, \u017eiemin\u0117s kepur\u0117s ir pir\u0161tin\u0117s. \u0160is baldas si\u016blo daugyb\u0119 organizavimo galimybi\u0173 d\u0117l \u0161e\u0161i\u0173 stal\u010di\u0173, \u012fskaitant keturis didelius ir du ma\u017eesnius, puikiai tinkan\u010dius smulkiems daiktams, pavyzd\u017eiui, papuo\u0161alams ar plauk\u0173 aksesuarams. Tai leid\u017eia tvarkingai laikyti aksesuarus, visada juos turint po ranka. Komoda yra dviej\u0173 spalv\u0173. Grafito spalvos korpusas ir meni\u0161ko \u0105\u017euolo stalvir\u0161is sukuria rami\u0105 harmonij\u0105, kuri yra pagrindas kitoms spalvoms ir akcentams svetain\u0117je. Antroji spalv\u0173 versija su \u0161viesaus Sibiu maumed\u017eio r\u0117mais ir Larico pu\u0161ies stalvir\u0161iu suteikia interjerui \u0161ilumos ir nat\u016bralumo. Smailios ranken\u0117l\u0117s, tokios pa\u010dios kaip ir fasadai, suteikia elegancijos. \u201eHesen\u201c komodos turi pilno i\u0161traukimo b\u0117gelius, tod\u0117l lengvai ir patogiai pasieksite turin\u012f. \u201eHesen\u201c komoda yra ne tik prakti\u0161kas sprendimas, bet ir stilingas dekoratyvinis elementas. Jei ie\u0161kote darnos savo interjero dizaine, apsvarstykite galimyb\u0119 prid\u0117ti kit\u0173 \u201eHesen\u201c kolekcijos element\u0173, kad sukurtum\u0117te harmoning\u0105 ir eleganti\u0161k\u0105 interjer\u0105 savo svetain\u0117je, miegamajame ar kitame kambaryje. Leiskite \u201eHesen\u201c komodai pad\u0117ti palaikyti tvark\u0105 ir suteikti j\u016bs\u0173 namams stiliaus.<\/p>\n<p>Prek\u0117s kodas S515-KOM6S\/15\/10-MSJ\/SOL Simbolis ZM EAN Plotis 101 cm Gylis 44 cm Auk\u0161tis 145 cm Kolekcija Hesen Spalva \u0161viesi sibiu maumedis\/larico pu\u0161is Gaubtas \u0161viesi mediena Stilius Skandinavi\u0161kas Dureli\u0173 skai\u010dius be dureli\u0173 Stal\u010di\u0173 skai\u010dius 5 ir daugiau stal\u010di\u0173 Rankena su rankenomis Gamintojas Juoda Raudona Balta Baldo tipas Komodos PVM 23% EAN 5906123812092<\/p>","protected":false},"excerpt":{"rendered":"<p>\u201eHesen\u201c komoda \u2013 prakti\u0161ka ir stilinga vieta aksesuarams. \u201eHesen\u201c kolekcijoje derinamos rafinuotos detal\u0117s su sant\u016bria elegancija, sukuriant unikal\u0173 svetain\u0117s charakter\u012f. \u201eHesen\u201c baldai yra puikus interjero dizaino pagrindas, leid\u017eiantis dr\u0105sius spalv\u0173 akcentus. \u201eHesen\u201c komoda yra baldo, kuris [\u2026], pavyzdys.<\/p>","protected":false},"featured_media":260033,"comment_status":"open","ping_status":"open","template":"","meta":[],"product_brand":[],"product_cat":[9200,1173],"product_tag":[],"class_list":{"0":"post-260032","1":"product","2":"type-product","3":"status-publish","4":"has-post-thumbnail","6":"product_cat-black-red-white","7":"product_cat-chests-of-drawers","9":"first","10":"instock","11":"purchasable","12":"product-type-simple"},"_links":{"self":[{"href":"https:\/\/baldumarket.lt\/lt\/wp-json\/wp\/v2\/product\/260032","targetHints":{"allow":["GET"]}}],"collection":[{"href":"https:\/\/baldumarket.lt\/lt\/wp-json\/wp\/v2\/product"}],"about":[{"href":"https:\/\/baldumarket.lt\/lt\/wp-json\/wp\/v2\/types\/product"}],"replies":[{"embeddable":true,"href":"https:\/\/baldumarket.lt\/lt\/wp-json\/wp\/v2\/comments?post=260032"}],"wp:featuredmedia":[{"embeddable":true,"href":"https:\/\/baldumarket.lt\/lt\/wp-json\/wp\/v2\/media\/260033"}],"wp:attachment":[{"href":"https:\/\/baldumarket.lt\/lt\/wp-json\/wp\/v2\/media?parent=260032"}],"wp:term":[{"taxonomy":"product_brand","embeddable":true,"href":"https:\/\/baldumarket.lt\/lt\/wp-json\/wp\/v2\/product_brand?post=260032"},{"taxonomy":"product_cat","embeddable":true,"href":"https:\/\/baldumarket.lt\/lt\/wp-json\/wp\/v2\/product_cat?post=260032"},{"taxonomy":"product_tag","embeddable":true,"href":"https:\/\/baldumarket.lt\/lt\/wp-json\/wp\/v2\/product_tag?post=260032"}],"curies":[{"name":"wp","href":"https:\/\/api.w.org\/{rel}","templated":true}]}}