{"id":260020,"date":"2026-01-13T22:51:36","date_gmt":"2026-01-13T19:51:36","guid":{"rendered":"https:\/\/baldumarket.lt\/product\/komoda-z-szescioma-szufladami-forn-90-cm-dab-delano-ciemny-bialy-polysk\/"},"modified":"2026-02-11T18:19:57","modified_gmt":"2026-02-11T15:19:57","slug":"komoda-z-szescioma-szufladami-forn-90-cm-dab-delano-ciemny-bialy-polysk","status":"publish","type":"product","link":"https:\/\/baldumarket.lt\/lt\/product\/komoda-z-szescioma-szufladami-forn-90-cm-dab-delano-ciemny-bialy-polysk\/","title":{"rendered":"FORN komoda su \u0161e\u0161iais stal\u010diais 90 cm, Delano tamsaus \u0105\u017euolo\/blizgios baltos spalvos"},"content":{"rendered":"<p>\u2019Forn\u201c komoda \u2013 rinkit\u0117s auk\u0161t\u0105 kokyb\u0119, kuri\u0105 \u012fvertinsite. Jei ie\u0161kote bald\u0173, kurie b\u016bt\u0173 ne tik stilingi, bet ir pasi\u017eym\u0117t\u0173 auk\u0161tos kokyb\u0117s meistri\u0161kumu, \u201eForn\u201c komoda pateisins j\u016bs\u0173 l\u016bkes\u010dius. \u0160is baldas ne tik tarnaus jums daugel\u012f met\u0173, bet ir taps unikaliu j\u016bs\u0173 modernaus interjero papildymu, nesvarbu, ar tai svetain\u0117, miegamasis, sve\u010di\u0173 kambarys ar jaunimo kambarys. \u201eForn\u201c komoda vis\u0173 pirma i\u0161siskiria savo funkcionalumu. Joje yra \u0161e\u0161i erdv\u016bs stal\u010diai, kiekvienas i\u0161 j\u0173 turi \u0161velnaus u\u017edarymo funkcij\u0105. Tai leid\u017eia kasdien naudotis komoda maloniai ir patogiai, o stal\u010diai atsidaro ir u\u017esidaro skland\u017eiai ir tyliai. Tai puikus sprendimas, ypa\u010d miegamajame, kur bet koks judesys gali sutrikdyti ramyb\u0119. Pastorintas komodos vir\u0161us ne tik suteikia patvarumo, bet ir yra prakti\u0161kas pavir\u0161ius \u012fvairioms dekoracijoms, naktinei lempai ar kitiems daiktams, kuriuos norite tur\u0117ti po ranka, pasid\u0117ti. Be to, frezuoti ra\u0161tai komod\u0173 fasaduose suteikia jai unikal\u0173 charakter\u012f ir dekoratyv\u0173 akcent\u0105 kambariui. Tai detal\u0117, kuri patraukia d\u0117mes\u012f ir pabr\u0117\u017eia baldo elegancij\u0105. \u201eForn\u201c kolekcija taip pat pasi\u017eymi moderniu dizainu, kuris dera prie \u012fvairi\u0173 interjero stili\u0173. J\u0105 galima \u012fsigyti keturi\u0173 spalv\u0173: blizgios baltos, tamsaus \u201eDelano\u201c \u0105\u017euolo \/ matin\u0117s juodos, tamsaus \u201eDelano\u201c \u0105\u017euolo \/ blizgios baltos ir blizgios baltos \/ matin\u0117s juodos. \u0160is universalumas leid\u017eia pasirinkti spalv\u0105, kuri geriausiai atitinka j\u016bs\u0173 pageidavimus ir interjero stili\u0173. \u201eForn\u201c indauja yra ne tik baldas; tai taip pat kolekcijos dalis, leid\u017eianti darniai suprojektuoti vis\u0105 interjer\u0105. Per\u017ei\u016br\u0117kite kitus \u201eForn\u201c kolekcijos baldus ir sukurkite savo svajoni\u0173 interjer\u0105, derindami modernum\u0105, funkcionalum\u0105 ir unikal\u0173 stili\u0173. Tai investicija, kuri suteiks jums didel\u012f pasitenkinim\u0105 ir padarys j\u016bs\u0173 interjer\u0105 dar patrauklesn\u012f ir patogesn\u012f.<\/p>\n<p>Prek\u0117s kodas S471-KOM6S-DDC\/BIP Simbolis ZM EAN Plotis 90 cm Gylis 42,5 cm Auk\u0161tis 130,5 cm Kolekcija Forn Spalva tamsus Delano \u0105\u017euolas\/balta blizgi Atspalvis tamsus medis Stilius modernus Dureli\u0173 skai\u010dius be dur\u0173 Stal\u010di\u0173 skai\u010dius 5 ir daugiau stal\u010di\u0173 Rankena su rankenomis Gamintojas Juoda Raudona Balta Baldo tipas Komodos PVM 23% EAN 5906123705585<\/p>","protected":false},"excerpt":{"rendered":"<p>\u201eForn\u201c komoda \u2013 rinkit\u0117s auk\u0161t\u0105 kokyb\u0119, kuri\u0105 \u012fvertinsite. Jei ie\u0161kote bald\u0173, kurie b\u016bt\u0173 ne tik stilingi, bet ir pasi\u017eym\u0117t\u0173 auk\u0161tos kokyb\u0117s meistri\u0161kumu, \u201eForn\u201c komoda pateisins j\u016bs\u0173 l\u016bkes\u010dius. \u0160is baldas ne tik tarnaus jums daugel\u012f met\u0173, bet ir taps unikaliu j\u016bs\u0173 nam\u0173 [\u2026]<\/p>","protected":false},"featured_media":260021,"comment_status":"open","ping_status":"open","template":"","meta":[],"product_brand":[],"product_cat":[9200,1173],"product_tag":[],"class_list":{"0":"post-260020","1":"product","2":"type-product","3":"status-publish","4":"has-post-thumbnail","6":"product_cat-black-red-white","7":"product_cat-chests-of-drawers","9":"first","10":"instock","11":"purchasable","12":"product-type-simple"},"_links":{"self":[{"href":"https:\/\/baldumarket.lt\/lt\/wp-json\/wp\/v2\/product\/260020","targetHints":{"allow":["GET"]}}],"collection":[{"href":"https:\/\/baldumarket.lt\/lt\/wp-json\/wp\/v2\/product"}],"about":[{"href":"https:\/\/baldumarket.lt\/lt\/wp-json\/wp\/v2\/types\/product"}],"replies":[{"embeddable":true,"href":"https:\/\/baldumarket.lt\/lt\/wp-json\/wp\/v2\/comments?post=260020"}],"wp:featuredmedia":[{"embeddable":true,"href":"https:\/\/baldumarket.lt\/lt\/wp-json\/wp\/v2\/media\/260021"}],"wp:attachment":[{"href":"https:\/\/baldumarket.lt\/lt\/wp-json\/wp\/v2\/media?parent=260020"}],"wp:term":[{"taxonomy":"product_brand","embeddable":true,"href":"https:\/\/baldumarket.lt\/lt\/wp-json\/wp\/v2\/product_brand?post=260020"},{"taxonomy":"product_cat","embeddable":true,"href":"https:\/\/baldumarket.lt\/lt\/wp-json\/wp\/v2\/product_cat?post=260020"},{"taxonomy":"product_tag","embeddable":true,"href":"https:\/\/baldumarket.lt\/lt\/wp-json\/wp\/v2\/product_tag?post=260020"}],"curies":[{"name":"wp","href":"https:\/\/api.w.org\/{rel}","templated":true}]}}