{"id":260008,"date":"2026-01-13T22:51:26","date_gmt":"2026-01-13T19:51:26","guid":{"rendered":"https:\/\/baldumarket.lt\/product\/komoda-z-piecioma-szufladami-tetrix-50-cm-kaszmir\/"},"modified":"2026-02-11T18:19:57","modified_gmt":"2026-02-11T15:19:57","slug":"komoda-z-piecioma-szufladami-tetrix-50-cm-kaszmir","status":"publish","type":"product","link":"https:\/\/baldumarket.lt\/lt\/product\/komoda-z-piecioma-szufladami-tetrix-50-cm-kaszmir\/","title":{"rendered":"Komoda su penkiais stal\u010diais TETRIX 50 cm ka\u0161myro spalvos"},"content":{"rendered":"<p>\u2019Tetrix\u201c komoda \u2013 b\u016btinas j\u016bs\u0173 miegamojo baldas. \u201eTetrix\u201c kolekcija \u2013 tai moderni bald\u0173 linija, sukurta atsi\u017evelgiant \u012f funkcionalum\u0105 ir kasdien\u0119 estetik\u0105. Minimalistin\u0117s formos, platus spalv\u0173 pasirinkimas \u2013 \u012fskaitant eleganti\u0161k\u0105 ka\u0161myr\u0105 \u2013 ir prakti\u0161ki sprendimai daro \u0161i\u0105 kolekcij\u0105 idealia moderniam, harmoningai suprojektuotam interjerui. Funkcionalumas ir konfig\u016bracija: \u201eTetrix\u201c komoda \u2013 puikus baldas drabu\u017eiams, aksesuarams ir dokumentams laikyti. Penki funkcional\u016bs stal\u010diai leid\u017eia palaikyti tvark\u0105 ir lengvai pasiekti b\u016btiniausius daiktus. Fasad\u0173 atidarymas be ranken\u0117li\u0173 pabr\u0117\u017eia modern\u0173 ir minimalistin\u012f komodos charakter\u012f, o d\u0117l proporcij\u0173 ji puikiai tinka miegamiesiems, svetain\u0117ms ir paaugli\u0173 kambariams. Pagaminta i\u0161 patvarios laminuotos plok\u0161t\u0117s, ji yra atspari kasdieniam naudojimui ir lengvai pri\u017ei\u016brima. Savyb\u0117s: Matmenys: Gylis: 45 cm, Plotis: 50 cm, Auk\u0161tis: 115 cm, Spalva: Ka\u0161myro, Penki funkcional\u016bs stal\u010diai patogiam laikymui, Atidarymas be ranken\u0117li\u0173 minimalistiniam vaizdui, Laminuota plok\u0161t\u0117, atspari kasdieniam naudojimui, Paprastas, modernus dizainas, tinkantis \u012fvairiems i\u0161d\u0117stymams, Tvirta konstrukcija garantuoja ilgaam\u017ei\u0161kum\u0105, Lengvai valomas pavir\u0161ius, Galima derinti su kitais \u201eTetrix\u201c baldais, Puikiai tinka miegamajam, svetainei ar jaunimo kambariui. Santrauka: \u201eTetrix\u201c komoda yra prakti\u0161kas ir stilingas baldas, kuris d\u0117l trij\u0173 stal\u010di\u0173, ka\u0161myro spalvos ir tvirtos konstrukcijos puikiai atitiks j\u016bs\u0173 poreikius. Sukurkite darni\u0105 erdv\u0119 derindami j\u0105 su kitais \u201eTetrix\u201c kolekcijos baldais.<\/p>\n<p>Prek\u0117s kodas S442-KOM5S-UKA Plotis 50 cm Gylis 45 cm Auk\u0161tis 115 cm Kolekcija \u201eTetrix\u201c Spalva ka\u0161myro Atspalvis sm\u0117lio Stilius modernus Med\u017eiaga laminatas Dureli\u0173 skai\u010dius be dureli\u0173 Stal\u010di\u0173 skai\u010dius 5 ir daugiau stal\u010di\u0173 Rankena be ranken\u0117li\u0173 Gamintojas Juoda Raudona Balta Baldo tipas Komodos PVM 23% EAN 5906123128612<\/p>","protected":false},"excerpt":{"rendered":"<p>\u201eTetrix\u201c komoda \u2013 b\u016btinas j\u016bs\u0173 miegamojo atributas. \u201eTetrix\u201c kolekcija \u2013 tai moderni bald\u0173 linija, sukurta atsi\u017evelgiant \u012f funkcionalum\u0105 ir kasdien\u0119 estetik\u0105. Minimalistin\u0117s formos, platus spalv\u0173 pasirinkimas \u2013 \u012fskaitant eleganti\u0161k\u0105 ka\u0161myr\u0105 \u2013 ir prakti\u0161ki sprendimai daro kolekcij\u0105 idealia moderniam, harmoningai suprojektuotam interjerui. Funkcionalumas ir konfig\u016bracija: [\u2026]<\/p>","protected":false},"featured_media":260009,"comment_status":"open","ping_status":"open","template":"","meta":[],"product_brand":[],"product_cat":[9200,1173],"product_tag":[],"class_list":{"0":"post-260008","1":"product","2":"type-product","3":"status-publish","4":"has-post-thumbnail","6":"product_cat-black-red-white","7":"product_cat-chests-of-drawers","9":"first","10":"instock","11":"purchasable","12":"product-type-simple"},"_links":{"self":[{"href":"https:\/\/baldumarket.lt\/lt\/wp-json\/wp\/v2\/product\/260008","targetHints":{"allow":["GET"]}}],"collection":[{"href":"https:\/\/baldumarket.lt\/lt\/wp-json\/wp\/v2\/product"}],"about":[{"href":"https:\/\/baldumarket.lt\/lt\/wp-json\/wp\/v2\/types\/product"}],"replies":[{"embeddable":true,"href":"https:\/\/baldumarket.lt\/lt\/wp-json\/wp\/v2\/comments?post=260008"}],"wp:featuredmedia":[{"embeddable":true,"href":"https:\/\/baldumarket.lt\/lt\/wp-json\/wp\/v2\/media\/260009"}],"wp:attachment":[{"href":"https:\/\/baldumarket.lt\/lt\/wp-json\/wp\/v2\/media?parent=260008"}],"wp:term":[{"taxonomy":"product_brand","embeddable":true,"href":"https:\/\/baldumarket.lt\/lt\/wp-json\/wp\/v2\/product_brand?post=260008"},{"taxonomy":"product_cat","embeddable":true,"href":"https:\/\/baldumarket.lt\/lt\/wp-json\/wp\/v2\/product_cat?post=260008"},{"taxonomy":"product_tag","embeddable":true,"href":"https:\/\/baldumarket.lt\/lt\/wp-json\/wp\/v2\/product_tag?post=260008"}],"curies":[{"name":"wp","href":"https:\/\/api.w.org\/{rel}","templated":true}]}}