{"id":260000,"date":"2026-01-13T22:51:19","date_gmt":"2026-01-13T19:51:19","guid":{"rendered":"https:\/\/baldumarket.lt\/product\/komoda-z-piecioma-szufladami-tetrix-50-cm-dab-sonoma\/"},"modified":"2026-02-11T18:19:57","modified_gmt":"2026-02-11T15:19:57","slug":"komoda-z-piecioma-szufladami-tetrix-50-cm-dab-sonoma","status":"publish","type":"product","link":"https:\/\/baldumarket.lt\/lt\/product\/komoda-z-piecioma-szufladami-tetrix-50-cm-dab-sonoma\/","title":{"rendered":"TETRIX komoda su penkiais stal\u010diais, 50 cm, Sonoma \u0105\u017euolas"},"content":{"rendered":"<p>\u2019Tetrix\u201c komoda \u2013 tobula vieta j\u016bs\u0173 daiktams. Ie\u0161kote baldo, kuris ne tik suteikt\u0173 papildomos vietos daiktams susid\u0117ti, bet ir pagerint\u0173 j\u016bs\u0173 miegamojo estetik\u0105? \u201eTetrix\u201c komoda tikrai pateisins j\u016bs\u0173 l\u016bkes\u010dius. \u0160is erdvus baldas turi penkis funkcionalius stal\u010dius, atidaromas priekyje be ranken\u0117li\u0173, ir yra \u201eTetrix\u201c kolekcijos dalis, tod\u0117l yra ne tik prakti\u0161kas, bet ir stilingas. Pagrindinis \u201eTetrix\u201c komodos privalumas \u2013 jos talpa. D\u0117l penki\u0173 kruop\u0161\u010diai suprojektuot\u0173 stal\u010di\u0173 gausite daug vietos \u012fvairiems daiktams susid\u0117ti. Galite susid\u0117ti drabu\u017eius, apatinius drabu\u017eius, aksesuarus, net knygas ar kitus daiktus, kuriuos norite tur\u0117ti lengvai pasiekiamoje vietoje savo miegamajame. Tai puikus sprendimas, jei r\u016bpinat\u0117s tvarka ir organizuotumu savo gyvenamojoje erdv\u0117je. Be ranken\u0117li\u0173 atidaromas priekis yra dar vienas \u201eTetrix\u201c komodos privalumas. \u0160is modernus sprendimas ne tik suteikia baldui elegancijos, bet ir yra ne\u012ftik\u0117tinai patogus naudoti. Atidarant ir u\u017edarant stal\u010dius nereikia ie\u0161koti ranken\u0173 ar spausti mygtuk\u0173. Tereikia lengvai paspausti arba patraukti, kad pasiektum\u0117te stal\u010diaus vid\u0173. \u0160is ergonomi\u0161kas sprendimas tikrai bus \u012fvertintas kasdien naudojant. \u201eTetrix\u201c komoda taip pat yra to paties pavadinimo bald\u0173 kolekcijos dalis. Tai leid\u017eia jums sukurti darn\u0173 ir harmoning\u0105 miegamojo i\u0161d\u0117stym\u0105, derinant \u012fvairius \u201eTetrix\u201c kolekcijos elementus, tokius kaip naktinis staliukas, lova ar drabu\u017ei\u0173 spinta. Tai puikus b\u016bdas u\u017etikrinti viening\u0105 viso miegamojo i\u0161vaizd\u0105. Trumpai tariant, \u201eTetrix\u201c komoda yra ne tik prakti\u0161kas daikt\u0173 laikymo baldas, bet ir eleganti\u0161kas dekoratyvinis elementas, kuris pakeis j\u016bs\u0173 miegamojo i\u0161vaizd\u0105. D\u0117l savo funkcionalumo ir estetikos gausite daugiau vietos daiktams laikyti neprarandant modernaus dizaino. Rinkit\u0117s \u201eTetrix\u201c komod\u0105 dabar ir m\u0117gaukit\u0117s daugybe jos privalum\u0173 kasdien naudojant.<\/p>\n<p>Prek\u0117s kodas S442-KOM5S-DSO Simbolis ZM EAN Plotis 50 cm Gylis 45 cm Auk\u0161tis 115 cm Kolekcija Tetrix Spalva sonoma \u0105\u017euolas Atspalvis \u0161viesus medis Stilius modernus Dureli\u0173 skai\u010dius be dureli\u0173 Stal\u010di\u0173 skai\u010dius 5 ir daugiau stal\u010di\u0173 Rankena be ranken\u0117li\u0173 Gamintojas Juoda Raudona Balta Baldo tipas Komodos PVM 23% EAN 5906123605816<\/p>","protected":false},"excerpt":{"rendered":"<p>\u201eTetrix\u201c komoda \u2013 tobula vieta j\u016bs\u0173 daiktams. Ie\u0161kote baldo, kuris ne tik suteikt\u0173 papildomos vietos daiktams susid\u0117ti, bet ir pagerint\u0173 j\u016bs\u0173 miegamojo estetik\u0105? \u201eTetrix\u201c komoda tikrai pateisins j\u016bs\u0173 l\u016bkes\u010dius. \u0160is erdvus baldas turi penkis funkcionalius stal\u010dius, atidaromas priekyje be ranken\u0117li\u0173 ir yra [\u2026]<\/p>","protected":false},"featured_media":260001,"comment_status":"open","ping_status":"open","template":"","meta":[],"product_brand":[],"product_cat":[9200,1173],"product_tag":[],"class_list":{"0":"post-260000","1":"product","2":"type-product","3":"status-publish","4":"has-post-thumbnail","6":"product_cat-black-red-white","7":"product_cat-chests-of-drawers","9":"first","10":"instock","11":"purchasable","12":"product-type-simple"},"_links":{"self":[{"href":"https:\/\/baldumarket.lt\/lt\/wp-json\/wp\/v2\/product\/260000","targetHints":{"allow":["GET"]}}],"collection":[{"href":"https:\/\/baldumarket.lt\/lt\/wp-json\/wp\/v2\/product"}],"about":[{"href":"https:\/\/baldumarket.lt\/lt\/wp-json\/wp\/v2\/types\/product"}],"replies":[{"embeddable":true,"href":"https:\/\/baldumarket.lt\/lt\/wp-json\/wp\/v2\/comments?post=260000"}],"wp:featuredmedia":[{"embeddable":true,"href":"https:\/\/baldumarket.lt\/lt\/wp-json\/wp\/v2\/media\/260001"}],"wp:attachment":[{"href":"https:\/\/baldumarket.lt\/lt\/wp-json\/wp\/v2\/media?parent=260000"}],"wp:term":[{"taxonomy":"product_brand","embeddable":true,"href":"https:\/\/baldumarket.lt\/lt\/wp-json\/wp\/v2\/product_brand?post=260000"},{"taxonomy":"product_cat","embeddable":true,"href":"https:\/\/baldumarket.lt\/lt\/wp-json\/wp\/v2\/product_cat?post=260000"},{"taxonomy":"product_tag","embeddable":true,"href":"https:\/\/baldumarket.lt\/lt\/wp-json\/wp\/v2\/product_tag?post=260000"}],"curies":[{"name":"wp","href":"https:\/\/api.w.org\/{rel}","templated":true}]}}