{"id":259988,"date":"2026-01-13T22:51:09","date_gmt":"2026-01-13T19:51:09","guid":{"rendered":"https:\/\/baldumarket.lt\/product\/komoda-z-piecioma-szufladami-kent-61-cm-kasztan\/"},"modified":"2026-02-11T18:19:57","modified_gmt":"2026-02-11T15:19:57","slug":"komoda-z-piecioma-szufladami-kent-61-cm-kasztan","status":"publish","type":"product","link":"https:\/\/baldumarket.lt\/lt\/product\/komoda-z-piecioma-szufladami-kent-61-cm-kasztan\/","title":{"rendered":"KENT komoda su penkiais stal\u010diais, 61 cm, ka\u0161tonin\u0117"},"content":{"rendered":"<p>Kent komoda \u2013 eleganti\u0161ka tvarkos palaikymo meistr\u0117. Svarbiausi Kent modulin\u0117s sistemos bald\u0173 bruo\u017eai \u2013 eleganti\u0161ka i\u0161vaizda ir ilgaam\u017eis gro\u017eis. Kent komoda puikiai atlieka kasdieni\u0173 daikt\u0173 laikymo ir organizavimo funkcij\u0105. Penki prakti\u0161ki stal\u010diai sukuria funkcionali\u0105 erdv\u0119, kurioje galite susitvarkyti visus svarbiausius aksesuarus.<br \/>\nD\u0117l kompakti\u0161ko dyd\u017eio komod\u0105 lengva pastatyti net ir ribotos erdv\u0117s kambariuose.<br \/>\nI\u0161skirtinis faneros sluoksnis, nuosekliai naudojamas visoje kolekcijoje, puikiai perteikia nat\u016bral\u0173 medienos charakter\u012f ir strukt\u016br\u0105, o stulbinant\u012f k\u016brinio efekt\u0105 suteikia \u0161ilta ka\u0161tonin\u0117 spalva.<br \/>\nKent komodai su stal\u010diais nesenstant\u012f charakter\u012f suteikia rai\u017eyti cokoliai, fasadai ir originalios, dekoratyvin\u0117s rankenos, kurios traukia d\u0117mes\u012f ir didina interjero presti\u017e\u0105.<br \/>\nKomoda puikiai dera prie svetain\u0117s, valgomojo, miegamojo ir biuro interjero. Kartu su kitais \u201eKent\u201c kolekcijos elementais ji sukuria unikalius klasikinio stiliaus i\u0161d\u0117stymus.<\/p>\n<p>Prek\u0117s kodas S10-EKOM5S\/6-KA Simbolis ZM EAN Plotis 61,5 cm Gylis 45 cm Auk\u0161tis 108,5 cm Kolekcija Kent Spalva ka\u0161tonin\u0117 Atspalvis tamsi mediena Stilius klasikinis Med\u017eiaga laminatas Dureli\u0173 skai\u010dius be dureli\u0173 Stal\u010di\u0173 skai\u010dius 5 ir daugiau stal\u010di\u0173 Rankena su rankenomis Gamintojas Juoda Raudona Balta Baldo tipas Komodos PVM 23% EAN 5906123882088<\/p>","protected":false},"excerpt":{"rendered":"<p>Kent komoda \u2013 eleganti\u0161ka tvarkos palaikymo meistr\u0117. Svarbiausi Kent modulin\u0117s sistemos bald\u0173 bruo\u017eai \u2013 eleganti\u0161ka i\u0161vaizda ir ilgaam\u017eis gro\u017eis. Kent komoda puikiai atlieka kasdieni\u0173 daikt\u0173 laikymo ir organizavimo funkcij\u0105. Penki prakti\u0161ki stal\u010diai sukuria funkcionali\u0105 erdv\u0119, kurioje galite susitvarkyti visus savo [\u2026]<\/p>","protected":false},"featured_media":259989,"comment_status":"open","ping_status":"open","template":"","meta":[],"product_brand":[],"product_cat":[9200,1173],"product_tag":[],"class_list":{"0":"post-259988","1":"product","2":"type-product","3":"status-publish","4":"has-post-thumbnail","6":"product_cat-black-red-white","7":"product_cat-chests-of-drawers","9":"first","10":"instock","11":"purchasable","12":"product-type-simple"},"_links":{"self":[{"href":"https:\/\/baldumarket.lt\/lt\/wp-json\/wp\/v2\/product\/259988","targetHints":{"allow":["GET"]}}],"collection":[{"href":"https:\/\/baldumarket.lt\/lt\/wp-json\/wp\/v2\/product"}],"about":[{"href":"https:\/\/baldumarket.lt\/lt\/wp-json\/wp\/v2\/types\/product"}],"replies":[{"embeddable":true,"href":"https:\/\/baldumarket.lt\/lt\/wp-json\/wp\/v2\/comments?post=259988"}],"wp:featuredmedia":[{"embeddable":true,"href":"https:\/\/baldumarket.lt\/lt\/wp-json\/wp\/v2\/media\/259989"}],"wp:attachment":[{"href":"https:\/\/baldumarket.lt\/lt\/wp-json\/wp\/v2\/media?parent=259988"}],"wp:term":[{"taxonomy":"product_brand","embeddable":true,"href":"https:\/\/baldumarket.lt\/lt\/wp-json\/wp\/v2\/product_brand?post=259988"},{"taxonomy":"product_cat","embeddable":true,"href":"https:\/\/baldumarket.lt\/lt\/wp-json\/wp\/v2\/product_cat?post=259988"},{"taxonomy":"product_tag","embeddable":true,"href":"https:\/\/baldumarket.lt\/lt\/wp-json\/wp\/v2\/product_tag?post=259988"}],"curies":[{"name":"wp","href":"https:\/\/api.w.org\/{rel}","templated":true}]}}