{"id":259984,"date":"2026-01-13T22:51:06","date_gmt":"2026-01-13T19:51:06","guid":{"rendered":"https:\/\/baldumarket.lt\/product\/komoda-z-piecioma-szufladami-kent-101-cm-kasztan\/"},"modified":"2026-02-11T18:19:57","modified_gmt":"2026-02-11T15:19:57","slug":"komoda-z-piecioma-szufladami-kent-101-cm-kasztan","status":"publish","type":"product","link":"https:\/\/baldumarket.lt\/lt\/product\/komoda-z-piecioma-szufladami-kent-101-cm-kasztan\/","title":{"rendered":"KENT komoda su penkiais stal\u010diais, 101 cm, ka\u0161tonin\u0117"},"content":{"rendered":"<p>Kent indauja \u2013 tvarkos banga stal\u010diuose. Pagrindiniai klasikin\u0117s Kent modulin\u0117s kolekcijos bruo\u017eai \u2013 eleganti\u0161ka i\u0161vaizda ir nesenstantis gro\u017eis. Kent indauja \u2013 puikus sprendimas daikt\u0173 sutvarkymui, puikiai tinkantis svetainei, valgomajam ar miegamajam. Viduje yra penki stal\u010diai, \u012fskaitant du ma\u017eesnius, leid\u017eiantys palaikyti tvark\u0105 ir susisteminti laikomus daiktus pagal savo poreikius.<\/p>\n<p>I\u0161skirtinis faneros sluoksnis, derantis prie visos kolekcijos, gra\u017eiai perteikia nat\u016bral\u0173 medienos charakter\u012f ir strukt\u016br\u0105, o stulbinantis gaminio efektas \u2013 \u0161ilta ka\u0161tonin\u0117 spalva.<\/p>\n<p>Eleganti\u0161kos, brangakmenius primenan\u010dios rankenos, rai\u017eyti fasadai ir cokolin\u0117s dalys suteikia \u201eKent\u201c indaujai nesenstant\u012f charakter\u012f, puikiai atspindint\u012f klasikin\u012f \u0161io baldo stili\u0173.<\/p>\n<p>\u0160\u012f bald\u0105 galima laisvai derinti su kitais \u201eKent\u201c kolekcijos baldais. Pasirink\u0119 indauja, stal\u0105 ir patogias k\u0117des, galite sukurti unikali\u0105, stiling\u0105 valgomojo aplink\u0105.<\/p>\n<p>Prek\u0117s kodas S10-EKOM5S\/10-KA Simbolis ZM EAN Plotis 101 cm Gylis 45 cm Auk\u0161tis 90,5 cm Kolekcija Kent Spalva ka\u0161tonin\u0117 Atspalvis tamsi mediena Stilius klasikinis Med\u017eiaga laminatas Dureli\u0173 skai\u010dius be dur\u0173 Stal\u010di\u0173 skai\u010dius 5 ir daugiau stal\u010di\u0173 Rankena su rankenomis Gamintojas Juoda Raudona Balta Baldo tipas Komodos PVM 23% EAN 5906123882057<\/p>","protected":false},"excerpt":{"rendered":"<p>Kent indauja \u2013 stal\u010di\u0173 gausa. Pagrindiniai klasikin\u0117s Kent modulin\u0117s kolekcijos bruo\u017eai \u2013 eleganti\u0161ka i\u0161vaizda ir nesenstantis gro\u017eis. Kent indauja \u2013 puikus sprendimas daikt\u0173 tvarkymui, puikiai tinkanti svetainei, valgomajam ar miegamajam. Viduje yra penki stal\u010diai, \u012fskaitant du ma\u017eesnius, tod\u0117l galite [\u2026]<\/p>","protected":false},"featured_media":259985,"comment_status":"open","ping_status":"open","template":"","meta":[],"product_brand":[],"product_cat":[9200,1173],"product_tag":[],"class_list":{"0":"post-259984","1":"product","2":"type-product","3":"status-publish","4":"has-post-thumbnail","6":"product_cat-black-red-white","7":"product_cat-chests-of-drawers","9":"first","10":"instock","11":"purchasable","12":"product-type-simple"},"_links":{"self":[{"href":"https:\/\/baldumarket.lt\/lt\/wp-json\/wp\/v2\/product\/259984","targetHints":{"allow":["GET"]}}],"collection":[{"href":"https:\/\/baldumarket.lt\/lt\/wp-json\/wp\/v2\/product"}],"about":[{"href":"https:\/\/baldumarket.lt\/lt\/wp-json\/wp\/v2\/types\/product"}],"replies":[{"embeddable":true,"href":"https:\/\/baldumarket.lt\/lt\/wp-json\/wp\/v2\/comments?post=259984"}],"wp:featuredmedia":[{"embeddable":true,"href":"https:\/\/baldumarket.lt\/lt\/wp-json\/wp\/v2\/media\/259985"}],"wp:attachment":[{"href":"https:\/\/baldumarket.lt\/lt\/wp-json\/wp\/v2\/media?parent=259984"}],"wp:term":[{"taxonomy":"product_brand","embeddable":true,"href":"https:\/\/baldumarket.lt\/lt\/wp-json\/wp\/v2\/product_brand?post=259984"},{"taxonomy":"product_cat","embeddable":true,"href":"https:\/\/baldumarket.lt\/lt\/wp-json\/wp\/v2\/product_cat?post=259984"},{"taxonomy":"product_tag","embeddable":true,"href":"https:\/\/baldumarket.lt\/lt\/wp-json\/wp\/v2\/product_tag?post=259984"}],"curies":[{"name":"wp","href":"https:\/\/api.w.org\/{rel}","templated":true}]}}