{"id":259976,"date":"2026-01-13T22:50:59","date_gmt":"2026-01-13T19:50:59","guid":{"rendered":"https:\/\/baldumarket.lt\/product\/komoda-z-piecioma-szufladami-kaspian-56-cm-kaszmir\/"},"modified":"2026-02-11T18:19:57","modified_gmt":"2026-02-11T15:19:57","slug":"komoda-z-piecioma-szufladami-kaspian-56-cm-kaszmir","status":"publish","type":"product","link":"https:\/\/baldumarket.lt\/lt\/product\/komoda-z-piecioma-szufladami-kaspian-56-cm-kaszmir\/","title":{"rendered":"Komoda KASPIAN su penkiais stal\u010diais 56 cm ka\u0161myro spalvos"},"content":{"rendered":"<p>\u201eKaspian\u201c komoda \u2013 eleganti\u0161ka ir erdvi i\u0161 ka\u0161myro. \u201eKaspian\u201c komoda \u2013 puikus sprendimas interjerams, kuriuose svarbiausia tvarkingumas ir vietos taupymas. Plonas dizainas kartu su madinga ka\u0161myro spalva suteikia baldui lengvumo ir eleganti\u0161kumo, tuo pa\u010diu u\u017etikrindamas steb\u0117tinai didel\u0119 talp\u0105. Tai puikus pasirinkimas modernioms ir funkcionalioms svetain\u0117ms, miegamiesiems, valgomiesiems ar biurams. Patogumas ir funkcionalumas: komodoje yra penki prakti\u0161ki stal\u010diai, leid\u017eiantys patogiai susitvarkyti daiktus. Drabu\u017eiai, dokumentai, aksesuarai ir smulk\u016bs baldai turi savo nuolatines vietas, tod\u0117l lengva palaikyti tvark\u0105. Kompakti\u0161ki matmenys taip pat puikiai tinka ma\u017eoms erdv\u0117ms ir taupo viet\u0105. Dizainas ir spalvos: unikal\u0173 komodos charakter\u012f pabr\u0117\u017eia ka\u0161myro fanera, kuri suteikia interjerui elegancijos ir subtilaus \u0161velnumo. Be ranken\u0117li\u0173 fasadai sustiprina modern\u0173 vaizd\u0105 ir u\u017etikrina patog\u0173 naudojim\u0105. Paprasta, vertikali forma puikiai dera su kitais \u201eKaspian\u201c sistemos elementais. Savyb\u0117s: Plona komoda su penkiais erdviais stal\u010diais, Fasadai be ranken\u0117li\u0173 pabr\u0117\u017eia modern\u0173 charakter\u012f, Kompakti\u0161kas dizainas, idealiai tinka ma\u017eesniems interjerams, Funkcionali daikt\u0173 laikymo ir organizavimo erdv\u0117, Pagaminta i\u0161 ka\u0161myro spalvos laminuotos plok\u0161t\u0117s, Matmenys: 56 x 40,5 x 112,5 cm, Lengvas ir greitas surinkimas, Galima derinti su kitais \u201eKaspian\u201c kolekcijos elementais. Santrauka: \u201eKaspian\u201c komoda yra prakti\u0161kas baldas, pasi\u017eymintis liekna forma, puikiai derinan\u010dia estetik\u0105 ir funkcionalum\u0105. Penki stal\u010diai u\u017etikrina patog\u0173 daikt\u0173 laikym\u0105, o neutrali ka\u0161myro spalva leid\u017eia komodai lengvai prisitaikyti prie \u012fvairi\u0173 interjero dizain\u0173. Tai puikus pasirinkimas ie\u0161kantiems erdvaus, ta\u010diau kompakti\u0161ko sprendimo moderniam interjerui.<\/p>\n<p>Prek\u0117s kodas S128-KOM5S-UKA Plotis 56 cm Gylis 40,5 cm Auk\u0161tis 112,5 cm Kolekcija Kaspian Spalva ka\u0161myro Atspalvis sm\u0117lio Stilius modernus Med\u017eiaga laminatas Dureli\u0173 skai\u010dius be dureli\u0173 Stal\u010di\u0173 skai\u010dius 5 ir daugiau stal\u010di\u0173 Rankena be ranken\u0117li\u0173 Gamintojas Juoda Raudona Balta Baldo tipas Komodos PVM 23% EAN 5906123128827<\/p>","protected":false},"excerpt":{"rendered":"<p>Kaspian komoda \u2013 eleganti\u0161ka ir erdvi i\u0161 ka\u0161myro. Kaspian komoda \u2013 puikus sprendimas interjerui, kuriame svarbiausia tvarkingumas ir vietos taupymas. Plonas dizainas kartu su madinga ka\u0161myro spalva suteikia baldui lengvumo ir eleganti\u0161kumo, tuo pa\u010diu u\u017etikrindamas steb\u0117tinai didel\u0119 talp\u0105 daiktams susid\u0117ti. Tai puikus pasirinkimas [\u2026]<\/p>","protected":false},"featured_media":259977,"comment_status":"open","ping_status":"open","template":"","meta":[],"product_brand":[],"product_cat":[9200,1173],"product_tag":[],"class_list":{"0":"post-259976","1":"product","2":"type-product","3":"status-publish","4":"has-post-thumbnail","6":"product_cat-black-red-white","7":"product_cat-chests-of-drawers","9":"first","10":"instock","11":"purchasable","12":"product-type-simple"},"_links":{"self":[{"href":"https:\/\/baldumarket.lt\/lt\/wp-json\/wp\/v2\/product\/259976","targetHints":{"allow":["GET"]}}],"collection":[{"href":"https:\/\/baldumarket.lt\/lt\/wp-json\/wp\/v2\/product"}],"about":[{"href":"https:\/\/baldumarket.lt\/lt\/wp-json\/wp\/v2\/types\/product"}],"replies":[{"embeddable":true,"href":"https:\/\/baldumarket.lt\/lt\/wp-json\/wp\/v2\/comments?post=259976"}],"wp:featuredmedia":[{"embeddable":true,"href":"https:\/\/baldumarket.lt\/lt\/wp-json\/wp\/v2\/media\/259977"}],"wp:attachment":[{"href":"https:\/\/baldumarket.lt\/lt\/wp-json\/wp\/v2\/media?parent=259976"}],"wp:term":[{"taxonomy":"product_brand","embeddable":true,"href":"https:\/\/baldumarket.lt\/lt\/wp-json\/wp\/v2\/product_brand?post=259976"},{"taxonomy":"product_cat","embeddable":true,"href":"https:\/\/baldumarket.lt\/lt\/wp-json\/wp\/v2\/product_cat?post=259976"},{"taxonomy":"product_tag","embeddable":true,"href":"https:\/\/baldumarket.lt\/lt\/wp-json\/wp\/v2\/product_tag?post=259976"}],"curies":[{"name":"wp","href":"https:\/\/api.w.org\/{rel}","templated":true}]}}