{"id":259964,"date":"2026-01-13T22:50:49","date_gmt":"2026-01-13T19:50:49","guid":{"rendered":"https:\/\/baldumarket.lt\/product\/komoda-z-piecioma-szufladami-kaspian-56-cm-bialy-dab-sonoma\/"},"modified":"2026-02-11T18:19:57","modified_gmt":"2026-02-11T15:19:57","slug":"komoda-z-piecioma-szufladami-kaspian-56-cm-bialy-dab-sonoma","status":"publish","type":"product","link":"https:\/\/baldumarket.lt\/lt\/product\/komoda-z-piecioma-szufladami-kaspian-56-cm-bialy-dab-sonoma\/","title":{"rendered":"KASPIAN komoda su penkiais stal\u010diais, 56 cm, balta\/sonoma \u0105\u017euolas"},"content":{"rendered":"<p>Kaspian komoda \u2013 penki erdv\u016bs stal\u010diai. Kaspian komoda su penkiais prakti\u0161kais stal\u010diais ne tik suteikia daug vietos daiktams susid\u0117ti, bet ir suteikia j\u016bs\u0173 interjerui modern\u0173 bei funkcional\u0173 akcent\u0105. Paprasto dizaino, beranki\u0173 fasad\u0173 ir subtiliai pastorint\u0173 \u0161on\u0173 d\u0117ka ji puikiai tinka tiek miegamiesiems, tiek kitiems kambariams. Unikal\u0173 Kaspian komodos charakter\u012f lemia fanera, kuri puikiai perteikia nat\u016bralios medienos strukt\u016br\u0105 ir ra\u0161t\u0105. \u0160is unikalus dizainas suteikia baldui i\u0161skirtinumo, kuris gali tapti bet kurio kambario interjero akcentu. \u0160i fanera suteikia interjerui \u0161ilumos ir jaukumo. Penki prakti\u0161ki stal\u010diai yra tikras lobis tiems, kurie vertina tvark\u0105 ir organizuotum\u0105. Tai leid\u017eia susisteminti daiktus ir palengvina tvarkos palaikym\u0105 kambaryje. Nesvarbu, ar jums reikia laikyti drabu\u017eius, dokumentus ar kitus aksesuarus, Kaspian komoda suteiks jums reikiamos vietos. Komodos fasadai be ranken\u0117li\u0173 ne tik pabr\u0117\u017eia jos modern\u0173 charakter\u012f, bet ir u\u017etikrina paprast\u0105 naudojim\u0105. Stal\u010di\u0173 atidarymas ir u\u017edarymas yra paprastas ir malonus, tod\u0117l padid\u0117ja naudojimo komfortas. \u2019Kaspian\u201c komoda yra kompakti\u0161ko dyd\u017eio, tod\u0117l telpa net ir ma\u017eose erdv\u0117se. Tai puikus sprendimas tiems, kurie nori maksimaliai i\u0161naudoti erdv\u0119 neu\u017eimdami per daug vietos. \u201eKaspian\u201c bald\u0173 kolekcija si\u016blo plat\u0173 spalv\u0173 pasirinkim\u0105, suteikdama pasirinkimo laisv\u0119 ir leisdama pritaikyti baldus pagal individualius dizaino pageidavimus. Komod\u0105 taip pat galite derinti su kitais \u201eBlack Red White\u201c kolekcijos elementais, taip sukurdami darn\u0173 ir suasmenint\u0105 interjer\u0105. Trumpai tariant, \u201eKaspian\u201c komoda su penkiais erdviais stal\u010diais yra baldas, kuriame dera funkcionalumas, elegancija ir modernus dizainas. Unikali fanera, tvirta konstrukcija ir daug vietos daiktams susid\u0117ti daro j\u0105 puikiu pasirinkimu tiems, kurie vertina stili\u0173 ir tvark\u0105 savo interjere. Su \u201eKaspian\u201c komoda j\u016bs\u0173 kambarys tampa funkcionalesnis ir tuo pa\u010diu esteti\u0161kesnis.<\/p>\n<p>Prek\u0117s kodas S128-KOM5S-BI\/DSO Simbolis ZM EAN Plotis 56 cm Gylis 40,5 cm Auk\u0161tis 112,5 cm Kolekcija Kaspian Spalva balta\/sonoma \u0105\u017euolas Gaubtas \u0161viesus medis Stilius modernus Dureli\u0173 skai\u010dius be dureli\u0173 Stal\u010di\u0173 skai\u010dius 5 ir daugiau stal\u010di\u0173 Rankena be ranken\u0117li\u0173 Gamintojas Juoda Raudona Balta Baldo tipas Komodos PVM 23% EAN 5906123883207<\/p>","protected":false},"excerpt":{"rendered":"<p>Kaspian komoda \u2013 penki erdv\u016bs stal\u010diaiKaspian komoda su penkiais prakti\u0161kais stal\u010diais ne tik suteikia daug vietos daiktams susid\u0117ti, bet ir suteikia j\u016bs\u0173 interjerui modern\u0173 bei funkcional\u0173 akcent\u0105. Paprasto dizaino, be ranken\u0117li\u0173 fasadais ir subtiliai pastorintais \u0161onais ji puikiai tinka tiek miegamiesiems, tiek kitiems kambariams. [\u2026]<\/p>","protected":false},"featured_media":259965,"comment_status":"open","ping_status":"open","template":"","meta":[],"product_brand":[],"product_cat":[9200,1173],"product_tag":[],"class_list":{"0":"post-259964","1":"product","2":"type-product","3":"status-publish","4":"has-post-thumbnail","6":"product_cat-black-red-white","7":"product_cat-chests-of-drawers","9":"first","10":"instock","11":"purchasable","12":"product-type-simple"},"_links":{"self":[{"href":"https:\/\/baldumarket.lt\/lt\/wp-json\/wp\/v2\/product\/259964","targetHints":{"allow":["GET"]}}],"collection":[{"href":"https:\/\/baldumarket.lt\/lt\/wp-json\/wp\/v2\/product"}],"about":[{"href":"https:\/\/baldumarket.lt\/lt\/wp-json\/wp\/v2\/types\/product"}],"replies":[{"embeddable":true,"href":"https:\/\/baldumarket.lt\/lt\/wp-json\/wp\/v2\/comments?post=259964"}],"wp:featuredmedia":[{"embeddable":true,"href":"https:\/\/baldumarket.lt\/lt\/wp-json\/wp\/v2\/media\/259965"}],"wp:attachment":[{"href":"https:\/\/baldumarket.lt\/lt\/wp-json\/wp\/v2\/media?parent=259964"}],"wp:term":[{"taxonomy":"product_brand","embeddable":true,"href":"https:\/\/baldumarket.lt\/lt\/wp-json\/wp\/v2\/product_brand?post=259964"},{"taxonomy":"product_cat","embeddable":true,"href":"https:\/\/baldumarket.lt\/lt\/wp-json\/wp\/v2\/product_cat?post=259964"},{"taxonomy":"product_tag","embeddable":true,"href":"https:\/\/baldumarket.lt\/lt\/wp-json\/wp\/v2\/product_tag?post=259964"}],"curies":[{"name":"wp","href":"https:\/\/api.w.org\/{rel}","templated":true}]}}