{"id":259956,"date":"2026-01-13T22:50:42","date_gmt":"2026-01-13T19:50:42","guid":{"rendered":"https:\/\/baldumarket.lt\/product\/komoda-z-piecioma-szufladami-gent-70-cm-dab-stirling\/"},"modified":"2026-02-11T18:19:58","modified_gmt":"2026-02-11T15:19:58","slug":"komoda-z-piecioma-szufladami-gent-70-cm-dab-stirling","status":"publish","type":"product","link":"https:\/\/baldumarket.lt\/lt\/product\/komoda-z-piecioma-szufladami-gent-70-cm-dab-stirling\/","title":{"rendered":"GENT komoda su penkiais stal\u010diais, 70 cm, \u0105\u017euolo spalvos, Stirlingo mediena"},"content":{"rendered":"<p>\u2019Gent\u201c komoda \u2013 funkcionalus organizatorius. \u201eGent\u201c kolekcija \u2013 puikus pasirinkimas modernaus dizaino ir prakti\u0161k\u0173 sprendim\u0173 m\u0117g\u0117jams. \u201eGent\u201c komoda ne tik \u017eavi savo i\u0161vaizda, bet ir si\u016blo daugyb\u0119 erdv\u0117s organizavimo galimybi\u0173. Leiskite man pristatyti visus jos, kaip funkcionalaus organizatoriaus, privalumus. \u201eGent\u201c komoda \u2013 tikras malonumas modernaus dizaino m\u0117g\u0117jams. Minimalistin\u0117 forma ir eleganti\u0161ka apdaila puikiai papildo modern\u0173 interjer\u0105. Ta\u010diau svarbu ne tik estetika \u2013 \u0161i komoda taip pat yra ne\u012ftik\u0117tinai funkcionali. Penki patog\u016bs \u201eGent\u201c komodos stal\u010diai \u2013 puikus b\u016bdas laikyti nam\u0173 apyvokos daiktus ir nieku\u010dius. Kiekvien\u0105 i\u0161 \u0161i\u0173 stal\u010di\u0173 galite prakti\u0161kai panaudoti tvarkai namuose palaikyti. Tai puikus sprendimas, jei jums reikia vietos kasdieniams daiktams, kuriuos visada norite tur\u0117ti po ranka. Stabilus komodos stal\u010dius padengtas laminatu, kuris sukuria nematom\u0105 dang\u0105, padidinan\u010di\u0105 atsparum\u0105 \u012fbr\u0117\u017eimams ir kitiems mechaniniams pa\u017eeidimams, atsirandantiems d\u0117l kasdienio naudojimo. Tai leid\u017eia laisvai naudoti stalvir\u0161\u012f \u012fvairiems tikslams \u2013 kurti dekoratyvinius elementus, pastatyti televizori\u0173 ar i\u0161d\u0117styti kitus prakti\u0161kus daiktus. \u201eGent\u201c indauja yra \u0161iltos Stirlingo \u0105\u017euolo spalvos su matomu ra\u0161tu ir lytima tikros medienos tekst\u016bra. \u0160i apdaila suteikia baldui eleganti\u0161ko ir klasikinio \u017eavesio, kuris dera prie \u012fvairi\u0173 interjero stili\u0173. Tai taip pat universali spalva, lengvai deranti su kitais dekoro elementais. \u201eGent\u201c indauja pasi\u017eymi maksimaliu komfortu d\u0117l \u0161velnaus u\u017edarymo b\u0117geli\u0173. Tai leid\u017eia stal\u010diams skland\u017eiai ir tyliai atsidaryti ir u\u017esidaryti, o tai ypa\u010d svarbu miegamajame ar svetain\u0117je. \u201eGent\u201c kolekcija si\u016blo plat\u0173 element\u0173 pasirinkim\u0105, kuriuos galite laisvai derinti ir sukurti unikalius i\u0161d\u0117stymus savo namuose ar bute. Tai puikus sprendimas, jei norite sukurti erdv\u0119, kuri atspind\u0117t\u0173 j\u016bs\u0173 asmenin\u012f stili\u0173 ir poreikius. Trumpai tariant, \u201eGent\u201c indauja yra ne tik baldas, bet ir funkcionalus organizatorius, pad\u0117siantis palaikyti tvark\u0105 namuose. Modernus dizainas, stabilumas, eleganti\u0161ka apdaila ir didelis naudojimo patogumas \u2013 tai savyb\u0117s, d\u0117l kuri\u0173 ji puikiai dera prie j\u016bs\u0173 interjero. D\u0117l galimyb\u0117s derinti skirtingus \u201eGent\u201c kolekcijos elementus galite sukurti unikalius i\u0161d\u0117stymus, kurie atitiks visus j\u016bs\u0173 l\u016bkes\u010dius.<\/p>\n<p>Prek\u0117s kodas S228-KOM5S\/10\/7-DAST Simbolis ZM EAN Plotis 70 cm Gylis 45 cm Auk\u0161tis 110 cm Kolekcija Gent Spalva stirling \u0105\u017euolas Atspalvis tamsi mediena Stilius modernus Dureli\u0173 skai\u010dius be dureli\u0173 Stal\u010di\u0173 skai\u010dius 5 ir daugiau stal\u010di\u0173 Rankena su rankenomis Gamintojas Juoda Raudona Balta Baldo tipas Komodos PVM 23% EAN 5906123922807<\/p>","protected":false},"excerpt":{"rendered":"<p>\u201eGent\u201c komoda \u2013 funkcionalus organizatorius. \u201eGent\u201c kolekcija \u2013 puikus pasirinkimas modernaus dizaino ir prakti\u0161k\u0173 sprendim\u0173 m\u0117g\u0117jams. \u201eGent\u201c komoda ne tik \u017eavi savo i\u0161vaizda, bet ir si\u016blo daugyb\u0119 erdv\u0117s organizavimo galimybi\u0173. Leiskite man pristatyti visus jos, kaip funkcionalaus organizatoriaus, privalumus. \u201eGent\u201c [\u2026]<\/p>","protected":false},"featured_media":259957,"comment_status":"open","ping_status":"open","template":"","meta":[],"product_brand":[],"product_cat":[9200,1173],"product_tag":[],"class_list":{"0":"post-259956","1":"product","2":"type-product","3":"status-publish","4":"has-post-thumbnail","6":"product_cat-black-red-white","7":"product_cat-chests-of-drawers","9":"first","10":"instock","11":"purchasable","12":"product-type-simple"},"_links":{"self":[{"href":"https:\/\/baldumarket.lt\/lt\/wp-json\/wp\/v2\/product\/259956","targetHints":{"allow":["GET"]}}],"collection":[{"href":"https:\/\/baldumarket.lt\/lt\/wp-json\/wp\/v2\/product"}],"about":[{"href":"https:\/\/baldumarket.lt\/lt\/wp-json\/wp\/v2\/types\/product"}],"replies":[{"embeddable":true,"href":"https:\/\/baldumarket.lt\/lt\/wp-json\/wp\/v2\/comments?post=259956"}],"wp:featuredmedia":[{"embeddable":true,"href":"https:\/\/baldumarket.lt\/lt\/wp-json\/wp\/v2\/media\/259957"}],"wp:attachment":[{"href":"https:\/\/baldumarket.lt\/lt\/wp-json\/wp\/v2\/media?parent=259956"}],"wp:term":[{"taxonomy":"product_brand","embeddable":true,"href":"https:\/\/baldumarket.lt\/lt\/wp-json\/wp\/v2\/product_brand?post=259956"},{"taxonomy":"product_cat","embeddable":true,"href":"https:\/\/baldumarket.lt\/lt\/wp-json\/wp\/v2\/product_cat?post=259956"},{"taxonomy":"product_tag","embeddable":true,"href":"https:\/\/baldumarket.lt\/lt\/wp-json\/wp\/v2\/product_tag?post=259956"}],"curies":[{"name":"wp","href":"https:\/\/api.w.org\/{rel}","templated":true}]}}