{"id":259916,"date":"2026-01-13T22:50:08","date_gmt":"2026-01-13T19:50:08","guid":{"rendered":"https:\/\/baldumarket.lt\/product\/komoda-z-drzwiami-i-szuflada-multido-45-cm-dab-artisan\/"},"modified":"2026-02-11T18:29:45","modified_gmt":"2026-02-11T15:29:45","slug":"komoda-z-drzwiami-i-szuflada-multido-45-cm-dab-artisan","status":"publish","type":"product","link":"https:\/\/baldumarket.lt\/lt\/product\/komoda-z-drzwiami-i-szuflada-multido-45-cm-dab-artisan\/","title":{"rendered":"Komoda su durel\u0117mis ir stal\u010diumi MultiDo 45 cm, dirbtinio \u0105\u017euolo spalvos"},"content":{"rendered":"<p>\u201eMultiDo\u201c \u2013 funkcionali komoda kiekvienam kambariui. 1D1S\/45 cm \u201eMultiDo\u201c komoda yra modernus ir prakti\u0161kas baldas, puikiai tiksiantis \u012fvairiuose interjeruose. D\u0117l minimalistinio dizaino ir trij\u0173 spalv\u0173 (baltos, dirbtinio \u0105\u017euolo, grafito) j\u0105 lengvai priderinsite prie savo svetain\u0117s, miegamojo, darbo kambario, prie\u0161kambario, vonios kambario, biuro ar jaunimo kambario. \u201eMultiDo\u201c komoda derina estetik\u0105 ir funkcionalum\u0105, leisdama daiktus laikyti tvarkingai ir stilingai. Ypatyb\u0117s:<br \/>\nModernus dizainas su trimis apdailos variantais: balta, meni\u0161ko \u0105\u017euolo ir grafito, tod\u0117l galite j\u012f priderinti prie \u012fvairi\u0173 interjero dizain\u0173. Funkcionalumas ir talpa: \u201eMultiDo\u201c komoda si\u016blo erdv\u0119 \u012fvairiems daiktams, prisitaikydama prie kiekvieno kambario specifikos. Svetain\u0117je ji tilps dekoracijose ir aksesuaruose, miegamajame \u2013 patalyn\u0117je ir drabu\u017eiuose, vonios kambaryje \u2013 rank\u0161luos\u010diuose ir kosmetikoje, koridoriuje puikiai tiks batai ir nieku\u010diai, o biure ar darbo kambaryje \u2013 dokumentai. J\u0105 galima naudoti mokyklin\u0117ms prek\u0117ms ir elektronikai laikyti. Lankstus dureli\u0173 atidarymas: D\u0117l ergonomi\u0161k\u0173 ranken\u0117li\u0173 ir galimyb\u0117s atidaryti dureles \u012f de\u0161in\u0119 arba \u012f kair\u0119, komoda u\u017etikrina patog\u0173 naudojim\u0105 ir i\u0161d\u0117stymo laisv\u0119. Prakti\u0161kas stal\u010dius: erdvus stal\u010dius ant ritinini\u0173 b\u0117geli\u0173. Reguliuojamos lentynos: dar geresnis pritaikymas. Universalus naudojimas: \u201eMultiDo\u201c puikiai tiks \u012fvairiuose kambariuose \u2013 nuo svetain\u0117s iki vonios kambario, iki biuro, prisitaikydama prie naudotojo poreiki\u0173. Modulin\u0117 \u201eMultiDo\u201c sistema: galimyb\u0117 kurti \u012fvairius i\u0161d\u0117stymus su daugiau nei 50 galim\u0173 element\u0173, suteikiant didel\u0119 laisv\u0119 suasmeninti erdv\u0119. Santrauka: \u201eMultiDo\u201c komoda yra universalus ir prakti\u0161kas baldas, kuris palengvins nam\u0173 tvarkym\u0105. D\u0117l \u012fvairi\u0173 spalv\u0173 variant\u0173 ir galimyb\u0117s pasirinkti dur\u0173 atidarymo krypt\u012f, ji puikiai tiks bet kuriame kambaryje \u2013 nuo svetain\u0117s ir miegamojo, per biur\u0105 iki vonios kambario ar jaunimo kambario. Per\u017ei\u016br\u0117kite \u201eMultiDo\u201c sistemos katalog\u0105 ir atraskite visas jos konfig\u016bravimo galimybes.<\/p>\n<p>Prek\u0117s kodas S588-KOM1D1S\/45\/80\/40-DASN Plotis 45 cm Gylis 40 cm Auk\u0161tis 83 cm Kolekcija MultiDo Spalva meni\u0161kas \u0105\u017euolas Gaubtas \u0161viesi mediena Stilius modernus Med\u017eiaga laminatas Dureli\u0173 skai\u010dius 1 dur\u0173 Stal\u010di\u0173 skai\u010dius 1 stal\u010dius Rankena su ranken\u0117l\u0117mis Gamintojas Juoda Raudona Balta Baldo tipas Komodos PVM 23%<\/p>","protected":false},"excerpt":{"rendered":"<p>\u201eMultiDo\u201c \u2013 funkcionali komoda kiekvienam kambariui. 1D1S\/45 cm \u201eMultiDo\u201c komoda yra modernus ir prakti\u0161kas baldas, puikiai tiksiantis \u012fvairiuose interjeruose. D\u0117l minimalistinio dizaino ir trij\u0173 spalv\u0173 variant\u0173 (baltos, dirbtinio \u0105\u017euolo, grafito) j\u0105 lengvai priderinsite prie savo gyvenamojo kambario [\u2026]<\/p>","protected":false},"featured_media":259917,"comment_status":"open","ping_status":"open","template":"","meta":[],"product_brand":[],"product_cat":[9200,1173],"product_tag":[],"class_list":{"0":"post-259916","1":"product","2":"type-product","3":"status-publish","4":"has-post-thumbnail","6":"product_cat-black-red-white","7":"product_cat-chests-of-drawers","9":"first","10":"instock","11":"purchasable","12":"product-type-simple"},"_links":{"self":[{"href":"https:\/\/baldumarket.lt\/lt\/wp-json\/wp\/v2\/product\/259916","targetHints":{"allow":["GET"]}}],"collection":[{"href":"https:\/\/baldumarket.lt\/lt\/wp-json\/wp\/v2\/product"}],"about":[{"href":"https:\/\/baldumarket.lt\/lt\/wp-json\/wp\/v2\/types\/product"}],"replies":[{"embeddable":true,"href":"https:\/\/baldumarket.lt\/lt\/wp-json\/wp\/v2\/comments?post=259916"}],"wp:featuredmedia":[{"embeddable":true,"href":"https:\/\/baldumarket.lt\/lt\/wp-json\/wp\/v2\/media\/259917"}],"wp:attachment":[{"href":"https:\/\/baldumarket.lt\/lt\/wp-json\/wp\/v2\/media?parent=259916"}],"wp:term":[{"taxonomy":"product_brand","embeddable":true,"href":"https:\/\/baldumarket.lt\/lt\/wp-json\/wp\/v2\/product_brand?post=259916"},{"taxonomy":"product_cat","embeddable":true,"href":"https:\/\/baldumarket.lt\/lt\/wp-json\/wp\/v2\/product_cat?post=259916"},{"taxonomy":"product_tag","embeddable":true,"href":"https:\/\/baldumarket.lt\/lt\/wp-json\/wp\/v2\/product_tag?post=259916"}],"curies":[{"name":"wp","href":"https:\/\/api.w.org\/{rel}","templated":true}]}}