{"id":259872,"date":"2026-01-13T22:49:30","date_gmt":"2026-01-13T19:49:30","guid":{"rendered":"https:\/\/baldumarket.lt\/product\/komoda-z-czterema-szufladami-ostia-1165-cm-dab-artisan-czarny-blask\/"},"modified":"2026-02-11T18:29:46","modified_gmt":"2026-02-11T15:29:46","slug":"komoda-z-czterema-szufladami-ostia-1165-cm-dab-artisan-czarny-blask","status":"publish","type":"product","link":"https:\/\/baldumarket.lt\/lt\/product\/komoda-z-czterema-szufladami-ostia-1165-cm-dab-artisan-czarny-blask\/","title":{"rendered":"OSTIA komoda su keturiais stal\u010diais, 116,5 cm, Artisan \u0105\u017euolas \/ juoda blizgi spalva"},"content":{"rendered":"<p>\u201eOstia\u201c komoda \u2013 eleganti\u0161ka ir funkcionali j\u016bs\u0173 nam\u0173 organizatoriaus priemon\u0117. Jei svajojate sukurti eleganti\u0161k\u0105, nesenstant\u012f ir funkcional\u0173 daikt\u0173 laikymo sprendim\u0105 savo namams, \u201eOstia\u201c kolekcija neabejotinai yra puikus sprendimas. \u0160i bald\u0173 linija atspindi tvirt\u0105 stili\u0173, pasi\u017eymin\u010di\u0105 i\u0161skirtine estetika, tvirtomis detal\u0117mis, ry\u0161kiomis \u0161onin\u0117mis detal\u0117mis ir ry\u0161kia dekoratyvine juostele su LED ap\u0161vietimu. Visa tai leis jums unikaliai papuo\u0161ti savo miegam\u0105j\u012f, svetain\u0119 ar valgom\u0105j\u012f. \u201eOstia\u201c komoda yra tikras erdv\u0117s organizavimo meistras. Tur\u0117damas keturis prakti\u0161kus stal\u010dius, joje galite laikyti \u012fvairius daiktus \u2013 nuo drabu\u017ei\u0173 iki dokument\u0173, sezonini\u0173 dekoracij\u0173 ir daug daugiau. Vir\u0161utin\u0117 dalis yra puiki vieta knygoms, \u017eibintams, \u017evak\u0117ms ar \u0161eimos nuotraukoms eksponuoti. Komoda taip pat turi dvi atviras ertmes, tod\u0117l galite lanks\u010diai organizuoti savo erdv\u0119 taip, kaip norite. Ta\u010diau \u201eOstia\u201c komod\u0105 ak\u012f traukia ne tik funkcionalumas. \u012esp\u016bdinga ir jos i\u0161vaizda. Ry\u0161kios korpuso \u0161onin\u0117s detal\u0117s, meni\u0161ko \u0105\u017euolo spalv\u0173 gama ir degintos medienos spalvos dekoratyvin\u0117 juostel\u0117 sukuria unikal\u0173 dizain\u0105. LED ap\u0161vietimas i\u0161ry\u0161kina \u0161i\u0105 dekoratyvin\u0119 juostel\u0119, suteikdamas baldui unikalaus \u017eavesio. Juodas pagrindas suteikia komodai charakterio ir kontrasto bendram dizainui. Naudotojo patogumas taip pat yra svarbus. Patogios juodos ranken\u0117l\u0117s ir \u0161velniai u\u017esidaran\u010dios, visi\u0161kai i\u0161traukiamos stal\u010di\u0173 b\u0117gel\u0117s leid\u017eia ne tik patogiai, bet ir maloniai naudotis stal\u010diais. \u201eOstia\u201c komod\u0105 galima pastatyti \u0161alia kit\u0173 kolekcijos element\u0173, toki\u0173 kaip lova, spinta, stalas, televizoriaus staliukas ar lentynos. D\u0117l \u012fvairi\u0173 \u201eOstia\u201c linijos form\u0173 galite sukurti darn\u0173 ir funkcional\u0173 i\u0161d\u0117stym\u0105 bet kuriame kambaryje \u2013 svetain\u0117je, valgomajame ar miegamajame. Trumpai tariant, \u201eOstia\u201c komoda yra ne tik daikt\u0173 laikymo spintel\u0117; tai tikra erdv\u0117s organizatorius, derinantis funkcionalum\u0105 ir estetik\u0105. Unikalus dizainas ir tvirta konstrukcija padarys j\u016bs\u0173 namus eleganti\u0161kesnius ir tvarkingesnius. Tai puikus pasirinkimas tiems, kurie vertina ir stili\u0173, ir prakti\u0161kum\u0105 savo interjere.<\/p>\n<p>Prek\u0117s kodas S467-KOM4S-DASN\/CABL Simbolis ZM EAN Plotis 116,5 cm Gylis 42 cm Auk\u0161tis 101 cm Kolekcija Ostia Spalva meni\u0161kas \u0105\u017euolas\/juoda blizgi Gaubtas \u0161viesi mediena Stilius modernus Dureli\u0173 skai\u010dius be dur\u0173 Stal\u010di\u0173 skai\u010dius 4 stal\u010diai Rankena su rankenomis Gamintojas Juoda Raudona Balta Baldo tipas Komodos PVM 23% EAN 5906123608428<\/p>","protected":false},"excerpt":{"rendered":"<p>The Ostia Chest of Drawers \u2013 An Elegant and Functional Organizer for Your Home. If you dream of creating an elegant, timeless, and functional storage solution for your home, the Ostia collection is undoubtedly the perfect solution. This furniture line reflects the solid style, featuring exceptional aesthetics, solid details, bold sides, and a striking decorative [&hellip;]<\/p>","protected":false},"featured_media":259873,"comment_status":"open","ping_status":"open","template":"","meta":[],"product_brand":[],"product_cat":[9200,1173],"product_tag":[],"class_list":{"0":"post-259872","1":"product","2":"type-product","3":"status-publish","4":"has-post-thumbnail","6":"product_cat-black-red-white","7":"product_cat-chests-of-drawers","9":"first","10":"instock","11":"purchasable","12":"product-type-simple"},"_links":{"self":[{"href":"https:\/\/baldumarket.lt\/lt\/wp-json\/wp\/v2\/product\/259872","targetHints":{"allow":["GET"]}}],"collection":[{"href":"https:\/\/baldumarket.lt\/lt\/wp-json\/wp\/v2\/product"}],"about":[{"href":"https:\/\/baldumarket.lt\/lt\/wp-json\/wp\/v2\/types\/product"}],"replies":[{"embeddable":true,"href":"https:\/\/baldumarket.lt\/lt\/wp-json\/wp\/v2\/comments?post=259872"}],"wp:featuredmedia":[{"embeddable":true,"href":"https:\/\/baldumarket.lt\/lt\/wp-json\/wp\/v2\/media\/259873"}],"wp:attachment":[{"href":"https:\/\/baldumarket.lt\/lt\/wp-json\/wp\/v2\/media?parent=259872"}],"wp:term":[{"taxonomy":"product_brand","embeddable":true,"href":"https:\/\/baldumarket.lt\/lt\/wp-json\/wp\/v2\/product_brand?post=259872"},{"taxonomy":"product_cat","embeddable":true,"href":"https:\/\/baldumarket.lt\/lt\/wp-json\/wp\/v2\/product_cat?post=259872"},{"taxonomy":"product_tag","embeddable":true,"href":"https:\/\/baldumarket.lt\/lt\/wp-json\/wp\/v2\/product_tag?post=259872"}],"curies":[{"name":"wp","href":"https:\/\/api.w.org\/{rel}","templated":true}]}}