{"id":259868,"date":"2026-01-13T22:49:27","date_gmt":"2026-01-13T19:49:27","guid":{"rendered":"https:\/\/baldumarket.lt\/product\/komoda-z-czterema-szufladami-nepo-plus-80-cm-dab-sonoma-2\/"},"modified":"2026-02-11T18:29:46","modified_gmt":"2026-02-11T15:29:46","slug":"komoda-z-czterema-szufladami-nepo-plus-80-cm-dab-sonoma-2","status":"publish","type":"product","link":"https:\/\/baldumarket.lt\/lt\/product\/komoda-z-czterema-szufladami-nepo-plus-80-cm-dab-sonoma-2\/","title":{"rendered":"Komoda su keturiais stal\u010diais NEPO PLUS 80 cm, Sonoma \u0105\u017euolas"},"content":{"rendered":"<p>\u2019Nepo Plus\u201c komoda \u2013 organizuotumas ir stilius paauglio kambaryje. Paauglio kambario dekoravimas n\u0117ra lengvas \u017eygdarbis, ta\u010diau \u201eNepo Plus\u201c kolekcija gali labai pad\u0117ti. \u201eNepo Plus\u201c komoda derina kokyb\u0119, funkcionalum\u0105 ir estetik\u0105, tod\u0117l tai puikus pasirinkimas norint sukurti nesenstant\u012f dizain\u0105. \u0160tai keli aspektai, \u012f kuriuos reikia atsi\u017evelgti planuojant paauglio kambar\u012f: vienas i\u0161 pagrindini\u0173 i\u0161\u0161\u016bki\u0173 paauglio kambaryje yra efektyvus erdv\u0117s organizavimas. \u201eNepo Plus\u201c komoda turi keturis erdvius stal\u010dius, kurie pad\u0117s palaikyti tvark\u0105. Juose lengvai sutalpinsite stalo \u017eaidimus, dail\u0117s reikmenis ir net drabu\u017eius. Tai puikus sprendimas, jei jums reikia funkcionalios daikt\u0173 laikymo vietos. Pagaminti i\u0161 laminuotos plok\u0161t\u0117s, baldai pasi\u017eymi padidintu atsparumu \u012fbr\u0117\u017eimams ir temperat\u016bros poky\u010diams. Tai ypa\u010d svarbu paauglio kambaryje, kur baldai gali b\u016bti labiau pa\u017eeid\u017eiami. \u201eNepo Plus\u201c komoda daugel\u012f met\u0173 i\u0161laikys savo patraukli\u0105 i\u0161vaizd\u0105. \u201eNepo Plus\u201c kolekcija si\u016blo \u012fvairi\u0173 mading\u0173 spalv\u0173 variant\u0173, tod\u0117l galite pritaikyti komod\u0105 pagal savo skon\u012f ir kambario dizain\u0105. Galite pasirinkti spalv\u0105, kuri papildyt\u0173 esam\u0105 interjero spalv\u0173 gam\u0105, arba sukurti kontrasting\u0105 kompozicij\u0105, kuri suteiks kambariui charakterio. Lyg\u016bs komodos fasadai yra perskirstyti horizontalia rankena, kuri ne tik suteikia baldui modernumo, bet ir palengvina prieig\u0105 prie stal\u010di\u0173 turinio. \u0160\u012f sprendim\u0105 \u012fvertins kiekvienas vartotojas, ypa\u010d kai reikia greitai k\u0105 nors rasti. \u201eNepo Plus\u201c kolekcijoje si\u016blomi \u012fvair\u016bs baldai, tokie kaip spintos, lentynos ir ra\u0161omieji stalai. Tai leid\u017eia sukurti funkcional\u0173 jaunimo kambario i\u0161d\u0117stym\u0105, kuriame visi elementai puikiai papildo vienas kit\u0105, sukurdami darni\u0105 erdv\u0119. Trumpai tariant, \u201eNepo Plus\u201c komoda yra ne tik daikt\u0173 laikymo \u012frenginys, bet ir svarbus jaunimo kambario dizaino elementas. Jos organizacin\u0117s galimyb\u0117s, patvarumas ir stilingas dizainas daro j\u0105 puikiu pasirinkimu tokio tipo interjerui. D\u0117l \u012fvairi\u0173 spalv\u0173 variant\u0173 ir suderinamumo su kitais kolekcijos elementais galite sukurti funkcional\u0173 ir esteti\u0161kai patraukl\u0173 jaunimo kambar\u012f, kuris atitiks j\u016bs\u0173 vaiko l\u016bkes\u010dius ir gerai tarnaus jam daugel\u012f met\u0173.<\/p>\n<p>Prek\u0117s kodas S435-KOM4S-DSO Simbolis ZM EAN Plotis 80 cm Gylis 34 cm Auk\u0161tis 84 cm Kolekcija Nepo Plus Spalva sonoma \u0105\u017euolas Gaubtas \u0161viesi mediena Stilius modernus Dureli\u0173 skai\u010dius be dureli\u0173 Stal\u010di\u0173 skai\u010dius 4 stal\u010diai Rankena su rankenomis Gamintojas Juoda Raudona Balta Baldo tipas Komodos PVM 23% EAN 5906123948616<\/p>","protected":false},"excerpt":{"rendered":"<p>\u201eNepo Plus\u201c komoda \u2013 tvarkingumas ir stilius paauglio kambaryje. Paauglio kambario dekoravimas n\u0117ra lengvas darbas, ta\u010diau \u201eNepo Plus\u201c kolekcija gali labai pad\u0117ti. \u201eNepo Plus\u201c komoda sujungia kokyb\u0119, funkcionalum\u0105 ir estetik\u0105, tod\u0117l tai puikus pasirinkimas norint sukurti nesenstant\u012f dizain\u0105. \u0160tai keli aspektai [\u2026]<\/p>","protected":false},"featured_media":259869,"comment_status":"open","ping_status":"open","template":"","meta":[],"product_brand":[],"product_cat":[9200,1173],"product_tag":[],"class_list":{"0":"post-259868","1":"product","2":"type-product","3":"status-publish","4":"has-post-thumbnail","6":"product_cat-black-red-white","7":"product_cat-chests-of-drawers","9":"first","10":"instock","11":"purchasable","12":"product-type-simple"},"_links":{"self":[{"href":"https:\/\/baldumarket.lt\/lt\/wp-json\/wp\/v2\/product\/259868","targetHints":{"allow":["GET"]}}],"collection":[{"href":"https:\/\/baldumarket.lt\/lt\/wp-json\/wp\/v2\/product"}],"about":[{"href":"https:\/\/baldumarket.lt\/lt\/wp-json\/wp\/v2\/types\/product"}],"replies":[{"embeddable":true,"href":"https:\/\/baldumarket.lt\/lt\/wp-json\/wp\/v2\/comments?post=259868"}],"wp:featuredmedia":[{"embeddable":true,"href":"https:\/\/baldumarket.lt\/lt\/wp-json\/wp\/v2\/media\/259869"}],"wp:attachment":[{"href":"https:\/\/baldumarket.lt\/lt\/wp-json\/wp\/v2\/media?parent=259868"}],"wp:term":[{"taxonomy":"product_brand","embeddable":true,"href":"https:\/\/baldumarket.lt\/lt\/wp-json\/wp\/v2\/product_brand?post=259868"},{"taxonomy":"product_cat","embeddable":true,"href":"https:\/\/baldumarket.lt\/lt\/wp-json\/wp\/v2\/product_cat?post=259868"},{"taxonomy":"product_tag","embeddable":true,"href":"https:\/\/baldumarket.lt\/lt\/wp-json\/wp\/v2\/product_tag?post=259868"}],"curies":[{"name":"wp","href":"https:\/\/api.w.org\/{rel}","templated":true}]}}