{"id":259824,"date":"2026-01-13T22:48:50","date_gmt":"2026-01-13T19:48:50","guid":{"rendered":"https:\/\/baldumarket.lt\/product\/komoda-z-czterema-szufladami-malcolm-50-cm-dab-monument-dab-monument-z-nadrukiem\/"},"modified":"2026-02-11T18:29:47","modified_gmt":"2026-02-11T15:29:47","slug":"komoda-z-czterema-szufladami-malcolm-50-cm-dab-monument-dab-monument-z-nadrukiem","status":"publish","type":"product","link":"https:\/\/baldumarket.lt\/lt\/product\/komoda-z-czterema-szufladami-malcolm-50-cm-dab-monument-dab-monument-z-nadrukiem\/","title":{"rendered":"MALCOLM komoda su keturiais stal\u010diais, 50 cm, paminklinio \u0105\u017euolo imitacija\/paminklinio \u0105\u017euolo imitacija su ra\u0161tu"},"content":{"rendered":"<p>\u201eMalcolm\u201c komoda \u2013 prakti\u0161ka daikt\u0173 laikymo vieta ranka pasiekiamoje vietoje. \u201eMalcolm\u201c kolekcija \u2013 tai k\u016brybi\u0161ka jaunimo bald\u0173 interpretacija, kurioje derinamas modernus dizainas su tradicine apdaila. Kompakti\u0161ka \u201eMalcolm\u201c komoda yra puikus sprendimas tiek \u017eaislams, tiek apatiniams drabu\u017eiams laikyti. Keturi skland\u017eiai stumdomi stal\u010diai su u\u017erakinamomis b\u0117gel\u0117mis suteikia daug vietos \u012fvairiems nam\u0173 apyvokos daiktams laikyti. \u201eMalcolm\u201c kolekcija pasi\u017eymi prislopinta \u201eCanyon Monument Oak\u201c apdaila, kuri kontrastuoja su volframo pilkumo komodos priekiu. \u0160is derinys suteikia baldams eleganti\u0161k\u0105 ir moderni\u0105 i\u0161vaizd\u0105, puikiai papildan\u010di\u0105 jaunimo kambario interjer\u0105. \u201eMalcolm\u201c komodos fasadai ir korpusai puo\u0161ti grafiniais akcentais ry\u0161ki\u0173 raid\u017ei\u0173 pavidalu, suteikian\u010diais jai unikal\u0173 charakter\u012f ir paver\u010dian\u010di\u0105 j\u0105 interjero dizaino akcentu. Papildomas \u201eMalcolm\u201c kolekcijos privalumas \u2013 galimyb\u0117 bet kokiu b\u016bdu derinti atskirus elementus, leid\u017eiant puikiai pritaikyti kambario i\u0161d\u0117stym\u0105 prie jo specifikos ir individuali\u0173 vaiko poreiki\u0173. Tai leid\u017eia sukurti funkcionali\u0105 ir esteti\u0161kai patraukli\u0105 erdv\u0119, kuri skatina tvark\u0105 ir organizuotum\u0105. \u012ereng\u0119 jaunimo kambar\u012f su komoda \u201eMalcolm\u201c, u\u017etikrinsite prakti\u0161k\u0105 ir stiling\u0105 daikt\u0173 laikymo viet\u0105, suteikdami erdvei unikalumo. \u0160is baldas d\u017eiugins tiek savo funkcionalumu, tiek dizainerio patrauklumu.<\/p>\n<p>Prek\u0117s kodas S325-KOM4S\/50-DAMO\/SZW\/DAMON Simbolis ZM EAN Plotis 50 cm Gylis 40 cm Auk\u0161tis 87,5 cm Kolekcija Malcolm Spalva monumentalus \u0105\u017euolas\/pilkas volframas\/monumentalus \u0105\u017euolas su ra\u0161tu Gaubtas tamsi mediena Stilius modernus Med\u017eiaga laminatas Dureli\u0173 skai\u010dius be dur\u0173 Stal\u010di\u0173 skai\u010dius 4 stal\u010diai Rankena su rankenomis Gamintojas Juoda Raudona Balta Baldo tipas Komodos PVM mokestis 23% EAN 5906123925266<\/p>","protected":false},"excerpt":{"rendered":"<p>\u201eMalcolm\u201c komoda \u2013 prakti\u0161ka daikt\u0173 laikymo vieta ranka pasiekiamoje vietoje. \u201eMalcolm\u201c kolekcija \u2013 tai k\u016brybinga jaunimo bald\u0173 interpretacija, kurioje derinamas modernus dizainas ir tradicin\u0117 apdaila. Kompakti\u0161ka \u201eMalcolm\u201c komoda \u2013 puikus sprendimas tiek \u017eaislams, tiek apatiniams daiktams laikyti. Keturi skland\u017eiai stumdomi stal\u010diai su u\u017erakinamomis b\u0117gel\u0117mis suteikia daug vietos \u012fvairiems daiktams laikyti [\u2026]<\/p>","protected":false},"featured_media":259825,"comment_status":"open","ping_status":"open","template":"","meta":[],"product_brand":[],"product_cat":[9200,1173],"product_tag":[],"class_list":{"0":"post-259824","1":"product","2":"type-product","3":"status-publish","4":"has-post-thumbnail","6":"product_cat-black-red-white","7":"product_cat-chests-of-drawers","9":"first","10":"instock","11":"purchasable","12":"product-type-simple"},"_links":{"self":[{"href":"https:\/\/baldumarket.lt\/lt\/wp-json\/wp\/v2\/product\/259824","targetHints":{"allow":["GET"]}}],"collection":[{"href":"https:\/\/baldumarket.lt\/lt\/wp-json\/wp\/v2\/product"}],"about":[{"href":"https:\/\/baldumarket.lt\/lt\/wp-json\/wp\/v2\/types\/product"}],"replies":[{"embeddable":true,"href":"https:\/\/baldumarket.lt\/lt\/wp-json\/wp\/v2\/comments?post=259824"}],"wp:featuredmedia":[{"embeddable":true,"href":"https:\/\/baldumarket.lt\/lt\/wp-json\/wp\/v2\/media\/259825"}],"wp:attachment":[{"href":"https:\/\/baldumarket.lt\/lt\/wp-json\/wp\/v2\/media?parent=259824"}],"wp:term":[{"taxonomy":"product_brand","embeddable":true,"href":"https:\/\/baldumarket.lt\/lt\/wp-json\/wp\/v2\/product_brand?post=259824"},{"taxonomy":"product_cat","embeddable":true,"href":"https:\/\/baldumarket.lt\/lt\/wp-json\/wp\/v2\/product_cat?post=259824"},{"taxonomy":"product_tag","embeddable":true,"href":"https:\/\/baldumarket.lt\/lt\/wp-json\/wp\/v2\/product_tag?post=259824"}],"curies":[{"name":"wp","href":"https:\/\/api.w.org\/{rel}","templated":true}]}}