{"id":259800,"date":"2026-01-13T22:48:31","date_gmt":"2026-01-13T19:48:31","guid":{"rendered":"https:\/\/baldumarket.lt\/product\/komoda-z-czterema-szufladami-larios-105-cm-bialy-bialy-polysk\/"},"modified":"2026-02-11T18:29:47","modified_gmt":"2026-02-11T15:29:47","slug":"komoda-z-czterema-szufladami-larios-105-cm-bialy-bialy-polysk","status":"publish","type":"product","link":"https:\/\/baldumarket.lt\/lt\/product\/komoda-z-czterema-szufladami-larios-105-cm-bialy-bialy-polysk\/","title":{"rendered":"Komoda su keturiais stal\u010diais LARIOS 105 cm balta\/balta blizgi"},"content":{"rendered":"<p>\u2019Larios\u201c komoda \u2013 funkcionalumas ir stilius. \u201eLarios\u201c komoda su keturiais stal\u010diais \u2013 puikus sprendimas, derinantis funkcionalum\u0105 su rafinuotu stiliumi, suteikiantis j\u016bs\u0173 kambariui tvark\u0105 ir estetin\u012f patrauklum\u0105. Nesvarbu, ar jums reikia laikyti drabu\u017eius, aksesuarus ar dokumentus, \u201eLarios\u201c komoda pateisins j\u016bs\u0173 l\u016bkes\u010dius, suteikdama patogi\u0105 erdv\u0119 \u012fvairi\u0173 daikt\u0173 organizavimui ir laikymui. \u201eLarios\u201c komoda pasi\u017eymi balta estetika, matiniu korpuso pavir\u0161iumi ir blizgiais fasadais. \u0160i spalv\u0173 harmonija suteikia j\u016bs\u0173 interjerui subtilumo ir gaivumo, tod\u0117l komoda yra ne tik prakti\u0161kas baldas, bet ir dekoratyvinis elementas. Baldas i\u0161siskiria savo elegancija, tod\u0117l puikiai tinka \u012fvairiems interjero dizaino stiliams. Nesvarbu, ar jums labiau patinka modernus, minimalistinis, ar klasikinis interjeras, \u201eLarios\u201c komoda puikiai tiks bet kokiam skoniui, suteikdama j\u016bs\u0173 interjerui unikalaus charakterio. Komodos fasadai yra nusklembti, tod\u0117l ne tik baldas atrodo unikaliai, bet ir stal\u010dius atidaryti yra labai intuityvu. Tai suteikia greit\u0105 ir patogi\u0105 prieig\u0105 prie laikom\u0173 daikt\u0173, tod\u0117l kasdienis naudojimas tampa lengvesnis. Komoda puikiai tinka laikyti m\u0117gstamas knygas, \u0161eimos relikvijas ar nuotraukas. Ji taip pat puikiai tinka spalvingiems aksesuarams, kurie papildo baldo balt\u0105 spalv\u0105. \u017dibintas, g\u0117l\u0117, fig\u016br\u0117l\u0117 ar kvapni \u017evak\u0117 \u2013 j\u016bs galite nuspr\u0119sti, kaip pagyvinti savo svetain\u0117s, miegamojo ar biuro interjer\u0105. \u201eLarios\u201c komoda \u2013 tai kompakti\u0161kas baldas, u\u017etikrinantis maksimal\u0173 funkcionalum\u0105 ir nepriekai\u0161ting\u0105 estetik\u0105. Tai puikus prakti\u0161kumo ir stiliaus derinys, tod\u0117l kasdienis erdv\u0117s naudojimas yra patogus ir gra\u017eus.<\/p>\n<p>Prek\u0117s kodas S566-KOM4S-BI\/BIP Simbolis ZM EAN Plotis 105 cm Gylis 40 cm Auk\u0161tis 91 cm Kolekcija Larios Spalva balta\/blizgi balta Atspalvis baltas Stilius modernus Med\u017eiaga laminatas Dureli\u0173 skai\u010dius be dureli\u0173 Stal\u010di\u0173 skai\u010dius 4 stal\u010diai Rankena be ranken\u0117li\u0173 Gamintojas Juoda Raudona Balta Baldo tipas Komodos PVM 23% EAN 5906123813471<\/p>","protected":false},"excerpt":{"rendered":"<p>\u201eLarios\u201c komoda \u2013 funkcionalumas ir stilius. Keturi\u0173 stal\u010di\u0173 \u201eLarios\u201c komoda yra puikus sprendimas, derinantis funkcionalum\u0105 su rafinuotu stiliumi, suteikiantis j\u016bs\u0173 kambariui tvarkos ir estetinio patrauklumo. Nesvarbu, ar jums reikia drabu\u017ei\u0173, aksesuar\u0173 ar dokument\u0173 laikymo vietos, \u201eLarios\u201c komoda pateisins j\u016bs\u0173 l\u016bkes\u010dius, si\u016blydama patogi\u0105 [\u2026]<\/p>","protected":false},"featured_media":259801,"comment_status":"open","ping_status":"open","template":"","meta":[],"product_brand":[],"product_cat":[9200,1173],"product_tag":[],"class_list":{"0":"post-259800","1":"product","2":"type-product","3":"status-publish","4":"has-post-thumbnail","6":"product_cat-black-red-white","7":"product_cat-chests-of-drawers","9":"first","10":"instock","11":"purchasable","12":"product-type-simple"},"_links":{"self":[{"href":"https:\/\/baldumarket.lt\/lt\/wp-json\/wp\/v2\/product\/259800","targetHints":{"allow":["GET"]}}],"collection":[{"href":"https:\/\/baldumarket.lt\/lt\/wp-json\/wp\/v2\/product"}],"about":[{"href":"https:\/\/baldumarket.lt\/lt\/wp-json\/wp\/v2\/types\/product"}],"replies":[{"embeddable":true,"href":"https:\/\/baldumarket.lt\/lt\/wp-json\/wp\/v2\/comments?post=259800"}],"wp:featuredmedia":[{"embeddable":true,"href":"https:\/\/baldumarket.lt\/lt\/wp-json\/wp\/v2\/media\/259801"}],"wp:attachment":[{"href":"https:\/\/baldumarket.lt\/lt\/wp-json\/wp\/v2\/media?parent=259800"}],"wp:term":[{"taxonomy":"product_brand","embeddable":true,"href":"https:\/\/baldumarket.lt\/lt\/wp-json\/wp\/v2\/product_brand?post=259800"},{"taxonomy":"product_cat","embeddable":true,"href":"https:\/\/baldumarket.lt\/lt\/wp-json\/wp\/v2\/product_cat?post=259800"},{"taxonomy":"product_tag","embeddable":true,"href":"https:\/\/baldumarket.lt\/lt\/wp-json\/wp\/v2\/product_tag?post=259800"}],"curies":[{"name":"wp","href":"https:\/\/api.w.org\/{rel}","templated":true}]}}