{"id":259792,"date":"2026-01-13T22:48:24","date_gmt":"2026-01-13T19:48:24","guid":{"rendered":"https:\/\/baldumarket.lt\/product\/komoda-z-czterema-szufladami-kaspian-105-cm-kaszmir\/"},"modified":"2026-02-11T18:29:47","modified_gmt":"2026-02-11T15:29:47","slug":"komoda-z-czterema-szufladami-kaspian-105-cm-kaszmir","status":"publish","type":"product","link":"https:\/\/baldumarket.lt\/lt\/product\/komoda-z-czterema-szufladami-kaspian-105-cm-kaszmir\/","title":{"rendered":"Komoda su keturiais stal\u010diais KASPIAN 105 cm ka\u0161myro spalvos"},"content":{"rendered":"<p>\u201eKaspian\u201c komoda \u2013 visavert\u0117 organizacija eleganti\u0161kame dizaine. \u201eKaspian\u201c komoda \u2013 tai funkcionalus baldas, puikiai tinkantis moderniai svetainei, valgomajam, biurui ar miegamajam. Paprastas, nesenstantis dizainas kartu su madinga ka\u0161myro spalva sukuria darni\u0105 visum\u0105, kuri sutvarko erdv\u0119 ir pagerina interjero estetik\u0105. Tai puikus pasirinkimas tiems, kurie vertina prakti\u0161kus sprendimus ir harmoning\u0105 vaizd\u0105. Patogumas ir funkcionalumas: Komodoje yra keturi erdv\u016bs stal\u010diai, u\u017etikrinantys patogi\u0105 ir ai\u0161ki\u0105 organizacij\u0105. Juose lengvai tilps drabu\u017eiai, dokumentai ir \u012fvair\u016bs nam\u0173 aksesuarai. Apgalvotas stal\u010di\u0173 i\u0161d\u0117stymas leid\u017eia lengvai palaikyti tvark\u0105, o patogus komodos auk\u0161tis leid\u017eia stalvir\u0161\u012f naudoti kaip dekoracij\u0173 ar papildom\u0173 bald\u0173 viet\u0105. Dizainas ir spalvos: \u201eKaspian\u201c komoda pasi\u017eymi minimalistiniu dizainu, kuris lengvai prisitaiko prie \u012fvairi\u0173 interjer\u0173. Ka\u0161myro fanera suteikia interjerui elegancijos ir vizualinio lengvumo, o subtiliai pastorintos \u0161onin\u0117s sienel\u0117s sustiprina strukt\u016br\u0105 ir suteikia baldui i\u0161skirtinumo. Plati visos \u201eKaspian\u201c kolekcijos spalv\u0173 palet\u0117 leid\u017eia laisvai kurti derinius, pritaikytus individualiems poreikiams. Specialios savyb\u0117s: Komoda su keturiais erdviais stal\u010diais, funkcionalia drabu\u017ei\u0173 ir aksesuar\u0173 laikymo vieta, subtiliai pastorinti \u0161onai, kurie sutvirtina konstrukcij\u0105, stabili forma, tinkama kasdieniam naudojimui, pagaminta i\u0161 ka\u0161myro spalvos laminuotos plok\u0161t\u0117s, matmenys: 105 x 40,5 x 92 cm, lengvas ir intuityvus surinkimas, galima derinti su kitais \u201eKaspian\u201c kolekcijos elementais. Santrauka: \u201eKaspian\u201c komoda yra prakti\u0161kas ir esteti\u0161kai patrauklus sprendimas \u012fvairiems nam\u0173 kambariams. Keturi erdv\u016bs stal\u010diai palengvina erdv\u0117s organizavim\u0105, o neutrali ka\u0161myro spalva leid\u017eia lengvai pritaikyti j\u0105 tiek moderniame, tiek klasikiniame interjere. D\u0117l galimyb\u0117s derinti su kitais \u201eKaspian\u201c kolekcijos elementais, komoda suteikia tvirt\u0105 pagrind\u0105 kuriant darn\u0173 ir funkcional\u0173 interjer\u0105.<\/p>\n<p>Prek\u0117s kodas S128-KOM4S-UKA Plotis 105 cm Gylis 40,5 cm Auk\u0161tis 92 cm Kolekcija Kaspian Spalva ka\u0161myro Atspalvis sm\u0117lio Stilius modernus Med\u017eiaga laminatas Dureli\u0173 skai\u010dius be dureli\u0173 Stal\u010di\u0173 skai\u010dius 4 stal\u010diai Rankena be ranken\u0117li\u0173 Gamintojas Juoda Raudona Balta Baldo tipas Komodos PVM 23% EAN 5906123128810<\/p>","protected":false},"excerpt":{"rendered":"<p>\u201eKaspian\u201c komoda \u2013 visapus\u0117 organizacija eleganti\u0161kame dizaine. \u201eKaspian\u201c komoda yra funkcionalus baldas, puikiai tinkantis moderniai svetainei, valgomajam, biurui ar miegamajam. Paprastas, nesenstantis dizainas kartu su madinga ka\u0161myro spalva sukuria darni\u0105 visum\u0105, kuri sutvarko erdv\u0119 ir kartu pagerina [\u2026]<\/p>","protected":false},"featured_media":259793,"comment_status":"open","ping_status":"open","template":"","meta":[],"product_brand":[],"product_cat":[9200,1173],"product_tag":[],"class_list":{"0":"post-259792","1":"product","2":"type-product","3":"status-publish","4":"has-post-thumbnail","6":"product_cat-black-red-white","7":"product_cat-chests-of-drawers","9":"first","10":"instock","11":"purchasable","12":"product-type-simple"},"_links":{"self":[{"href":"https:\/\/baldumarket.lt\/lt\/wp-json\/wp\/v2\/product\/259792","targetHints":{"allow":["GET"]}}],"collection":[{"href":"https:\/\/baldumarket.lt\/lt\/wp-json\/wp\/v2\/product"}],"about":[{"href":"https:\/\/baldumarket.lt\/lt\/wp-json\/wp\/v2\/types\/product"}],"replies":[{"embeddable":true,"href":"https:\/\/baldumarket.lt\/lt\/wp-json\/wp\/v2\/comments?post=259792"}],"wp:featuredmedia":[{"embeddable":true,"href":"https:\/\/baldumarket.lt\/lt\/wp-json\/wp\/v2\/media\/259793"}],"wp:attachment":[{"href":"https:\/\/baldumarket.lt\/lt\/wp-json\/wp\/v2\/media?parent=259792"}],"wp:term":[{"taxonomy":"product_brand","embeddable":true,"href":"https:\/\/baldumarket.lt\/lt\/wp-json\/wp\/v2\/product_brand?post=259792"},{"taxonomy":"product_cat","embeddable":true,"href":"https:\/\/baldumarket.lt\/lt\/wp-json\/wp\/v2\/product_cat?post=259792"},{"taxonomy":"product_tag","embeddable":true,"href":"https:\/\/baldumarket.lt\/lt\/wp-json\/wp\/v2\/product_tag?post=259792"}],"curies":[{"name":"wp","href":"https:\/\/api.w.org\/{rel}","templated":true}]}}