{"id":259784,"date":"2026-01-13T22:48:12","date_gmt":"2026-01-13T19:48:12","guid":{"rendered":"https:\/\/baldumarket.lt\/product\/komoda-z-czterema-szufladami-kaspian-105-cm-dab-sonoma-dab-sonoma\/"},"modified":"2026-02-11T18:29:47","modified_gmt":"2026-02-11T15:29:47","slug":"komoda-z-czterema-szufladami-kaspian-105-cm-dab-sonoma-dab-sonoma","status":"publish","type":"product","link":"https:\/\/baldumarket.lt\/lt\/product\/komoda-z-czterema-szufladami-kaspian-105-cm-dab-sonoma-dab-sonoma\/","title":{"rendered":"Komoda su keturiais stal\u010diais KASPIAN 105 cm Sonoma \u0105\u017euolas\/Sonoma \u0105\u017euolas"},"content":{"rendered":"<p>Kaspian komoda \u2013 keturi erdv\u016bs stal\u010diai. Kaspian komoda yra ne tik prakti\u0161kas daikt\u0173 laikymo baldas, bet ir eleganti\u0161kas elementas, kuris suteiks j\u016bs\u0173 interjerui modernumo ir funkcionalumo. Tur\u0117dama keturis erdvius stal\u010dius, faneruot\u0119, imituojan\u010di\u0105 neapdorotos medienos tekst\u016br\u0105, ir subtiliai pastorintus \u0161onus, ji puikiai tinka svetainei, valgomajam, darbo kambariui ar miegamajam. Vienas i\u0161 pagrindini\u0173 Kaspian komodos privalum\u0173 yra unikali fanera, kuri tiksliai atkuria neapdorotos medienos ra\u0161t\u0105. D\u0117l to ji puikiai tinka ekologi\u0161ku stiliumi dekoruotiems arba gamtos \u012fkv\u0117ptiems interjerams. \u0160is sprendimas suteikia \u0161ilumos ir jaukumo, sukurdamas harmoning\u0105 erdv\u0119. Pastorinti komodos \u0161onai ne tik sustiprina jos strukt\u016br\u0105, bet ir suteikia jai tvirt\u0105 bei i\u0161skirtin\u0119 i\u0161vaizd\u0105. \u0160ios eleganti\u0161kos detal\u0117s pabr\u0117\u017eia baldo charakter\u012f ir suteikia jam modernumo. Pagrindinis Kaspian komodos tikslas \u2013 suteikti funkcionali\u0105 daikt\u0173 laikymo viet\u0105. Keturi erdv\u016bs stal\u010diai yra puikus sprendimas erdvei organizuoti. Juose galite laikyti drabu\u017eius, dokumentus ir daugel\u012f kit\u0173 nam\u0173 aksesuar\u0173, tod\u0117l palaikyti tvark\u0105 ir organizuotum\u0105 kambaryje bus daug lengviau. Surinkimas paprastas ir nesud\u0117tingas, tod\u0117l greitai gal\u0117site m\u0117gautis funkcionalumu ir estetika. \u201eKaspian\u201c kolekcija si\u016blo plat\u0173 spalv\u0173 pasirinkim\u0105, leid\u017eiant\u012f lanks\u010diai pritaikyti interjer\u0105 prie individuali\u0173 pageidavim\u0173 ir kambario stiliaus. Be to, j\u0105 galima derinti su kitomis \u201eBlack Red White\u201c kolekcijomis, suteikiant plat\u0173 dizaino variant\u0173 pasirinkim\u0105 ir leid\u017eiant sukurti darn\u0173 interjer\u0105. Trumpai tariant, \u201eKaspian\u201c komoda yra ne tik prakti\u0161kas daikt\u0173 laikymo baldas, bet ir stilingas interjero dizaino elementas. Unikali fanera, tvirta konstrukcija, keturi erdv\u016bs stal\u010diai ir galimyb\u0117 rinktis i\u0161 \u012fvairi\u0173 spalv\u0173 daro j\u0105 puikiu pasirinkimu tiems, kurie vertina funkcionalum\u0105 ir estetik\u0105 viename. \u201eKaspian\u201c komoda suteikia j\u016bs\u0173 namams eleganti\u0161k\u0105 akcent\u0105, kuris tikrai pritrauks d\u0117mes\u012f.<\/p>\n<p>Prek\u0117s kodas S128-KOM4S-DSO\/DSO Simbolis ZM EAN Plotis 105 cm Gylis 40,5 cm Auk\u0161tis 92 cm Kolekcija Kaspian Spalva sonoma \u0105\u017euolas\/sonoma \u0105\u017euolas Gaubtas \u0161viesi mediena Stilius modernus Dureli\u0173 skai\u010dius be dureli\u0173 Stal\u010di\u0173 skai\u010dius 4 stal\u010diai Rankena be ranken\u0117li\u0173 Gamintojas Juoda Raudona Balta Baldo tipas Komodos PVM 23% EAN 5906123605571<\/p>","protected":false},"excerpt":{"rendered":"<p>Kaspian komoda \u2013 keturi erdv\u016bs stal\u010diai. Kaspian komoda yra ne tik prakti\u0161kas daikt\u0173 laikymo baldas, bet ir eleganti\u0161kas elementas, kuris suteiks j\u016bs\u0173 interjerui modernumo ir funkcionalumo. Su keturiais erdviais stal\u010diais, neapdorotos medienos tekst\u016br\u0105 imituojan\u010dia fanera ir subtiliai pastorintomis sienomis, ji puikiai tinka [\u2026]<\/p>","protected":false},"featured_media":259785,"comment_status":"open","ping_status":"open","template":"","meta":[],"product_brand":[],"product_cat":[9200,1173],"product_tag":[],"class_list":{"0":"post-259784","1":"product","2":"type-product","3":"status-publish","4":"has-post-thumbnail","6":"product_cat-black-red-white","7":"product_cat-chests-of-drawers","9":"first","10":"instock","11":"purchasable","12":"product-type-simple"},"_links":{"self":[{"href":"https:\/\/baldumarket.lt\/lt\/wp-json\/wp\/v2\/product\/259784","targetHints":{"allow":["GET"]}}],"collection":[{"href":"https:\/\/baldumarket.lt\/lt\/wp-json\/wp\/v2\/product"}],"about":[{"href":"https:\/\/baldumarket.lt\/lt\/wp-json\/wp\/v2\/types\/product"}],"replies":[{"embeddable":true,"href":"https:\/\/baldumarket.lt\/lt\/wp-json\/wp\/v2\/comments?post=259784"}],"wp:featuredmedia":[{"embeddable":true,"href":"https:\/\/baldumarket.lt\/lt\/wp-json\/wp\/v2\/media\/259785"}],"wp:attachment":[{"href":"https:\/\/baldumarket.lt\/lt\/wp-json\/wp\/v2\/media?parent=259784"}],"wp:term":[{"taxonomy":"product_brand","embeddable":true,"href":"https:\/\/baldumarket.lt\/lt\/wp-json\/wp\/v2\/product_brand?post=259784"},{"taxonomy":"product_cat","embeddable":true,"href":"https:\/\/baldumarket.lt\/lt\/wp-json\/wp\/v2\/product_cat?post=259784"},{"taxonomy":"product_tag","embeddable":true,"href":"https:\/\/baldumarket.lt\/lt\/wp-json\/wp\/v2\/product_tag?post=259784"}],"curies":[{"name":"wp","href":"https:\/\/api.w.org\/{rel}","templated":true}]}}