{"id":259768,"date":"2026-01-13T22:48:00","date_gmt":"2026-01-13T19:48:00","guid":{"rendered":"https:\/\/baldumarket.lt\/product\/komoda-z-czterema-szufladami-hesen-101-cm-grafit-dab-artisan\/"},"modified":"2026-02-11T18:29:48","modified_gmt":"2026-02-11T15:29:48","slug":"komoda-z-czterema-szufladami-hesen-101-cm-grafit-dab-artisan","status":"publish","type":"product","link":"https:\/\/baldumarket.lt\/lt\/product\/komoda-z-czterema-szufladami-hesen-101-cm-grafit-dab-artisan\/","title":{"rendered":"HESEN komoda, 101 cm, grafito\/artisan \u0105\u017euolo spalvos"},"content":{"rendered":"<p>\u2019Hesen\u201c komoda \u2013 puikiai tinka svetainei ar miegamajam. \u201eHesen\u201c kolekcija i\u0161siskiria ai\u0161kiu, paprastu ir minimalistiniu dizainu, tod\u0117l puikiai tinka \u0161eimos erdv\u0117ms. Eleganti\u0161ka ir prakti\u0161ka \u201eHesen\u201c komoda puikiai tinka svetain\u0117ms, miegamiesiems ir kitiems kambariams, pavyzd\u017eiui, koridoriams ar biurams. \u0160is funkcionalus, optimalaus dyd\u017eio baldas gali sutalpinti \u012fvairius daiktus, priklausomai nuo j\u016bs\u0173 poreiki\u0173. 101 cm plo\u010dio ir 120 cm auk\u0161\u010dio, ji si\u016blo daug galimybi\u0173 susid\u0117ti daiktus. Joje yra keturi plat\u016bs stal\u010diai, leid\u017eiantys susitvarkyti \u012fvairius daiktus neu\u017eimant per daug vietos. D\u0117l kompakti\u0161k\u0173 matmen\u0173 \u201eHesen\u201c komoda puikiai tinka net ir ma\u017eoms erdv\u0117ms. Komodos grafito spalvos korpusas ir \u0161iltas \u201eArtisan Oak\u201c stalvir\u0161is sukuria harmoning\u0105 kontrast\u0105. Antroji spalv\u0173 versija su \u0161viesiais Sibiu maumed\u017eio r\u0117mais ir Larico pu\u0161ies stalvir\u0161iu suteikia interjerui malon\u0173 akcent\u0105. Ranken\u0117l\u0117s, tokios pa\u010dios kaip ir fasadai, suteikia subtilumo ir stilingos apdailos. \u201eHesen\u201c komoda taip pat turi pilno i\u0161traukimo stal\u010di\u0173 b\u0117gelius, kurie padidina jos funkcionalum\u0105 ir patogum\u0105. Tai leid\u017eia lengvai ir patogiai pasiekti kiekvien\u0105 stal\u010di\u0173 neperkeliant jo turinio. Jei vertinate darn\u0105 savo interjero dizaine, apsvarstykite kitus \u201eHesen\u201c kolekcijos elementus, kad sukurtum\u0117te harmoning\u0105 vaizd\u0105 savo svetain\u0117je, miegamajame ar kitame kambaryje. \u201eHesen\u201c komoda yra puikus sprendimas tiems, kurie vertina funkcionalum\u0105, minimalistin\u012f dizain\u0105 ir elegancij\u0105 viename.<\/p>\n<p>Prek\u0117s kodas S515-KOM4S\/12\/10-GF\/DASN Simbolis ZM EAN Plotis 101 cm Gylis 44 cm Auk\u0161tis 120 cm Kolekcija Hesen Spalva grafito\/artisan \u0105\u017euolo atspalvis grafito Skandinavi\u0161ko stiliaus Dureli\u0173 skai\u010dius be dureli\u0173 Stal\u010di\u0173 skai\u010dius 4 stal\u010diai Rankena su rankenomis Gamintojas Juoda Raudona Balta Baldo tipas Komodos PVM 23% EAN 5906123812009<\/p>","protected":false},"excerpt":{"rendered":"<p>\u201eHesen\u201c komoda \u2013 puikiai tinka svetainei ar miegamajam. \u201eHesen\u201c kolekcija i\u0161siskiria ai\u0161kiu, paprastu ir minimalistiniu dizainu, tod\u0117l puikiai tinka \u0161eimos erdv\u0117ms. Eleganti\u0161ka ir prakti\u0161ka \u201eHesen\u201c komoda puikiai tinka svetain\u0117ms, miegamiesiems ir kitiems kambariams, pavyzd\u017eiui, koridoriams ar biurams. [\u2026]<\/p>","protected":false},"featured_media":259769,"comment_status":"open","ping_status":"open","template":"","meta":[],"product_brand":[],"product_cat":[9200,1173],"product_tag":[],"class_list":{"0":"post-259768","1":"product","2":"type-product","3":"status-publish","4":"has-post-thumbnail","6":"product_cat-black-red-white","7":"product_cat-chests-of-drawers","9":"first","10":"instock","11":"purchasable","12":"product-type-simple"},"_links":{"self":[{"href":"https:\/\/baldumarket.lt\/lt\/wp-json\/wp\/v2\/product\/259768","targetHints":{"allow":["GET"]}}],"collection":[{"href":"https:\/\/baldumarket.lt\/lt\/wp-json\/wp\/v2\/product"}],"about":[{"href":"https:\/\/baldumarket.lt\/lt\/wp-json\/wp\/v2\/types\/product"}],"replies":[{"embeddable":true,"href":"https:\/\/baldumarket.lt\/lt\/wp-json\/wp\/v2\/comments?post=259768"}],"wp:featuredmedia":[{"embeddable":true,"href":"https:\/\/baldumarket.lt\/lt\/wp-json\/wp\/v2\/media\/259769"}],"wp:attachment":[{"href":"https:\/\/baldumarket.lt\/lt\/wp-json\/wp\/v2\/media?parent=259768"}],"wp:term":[{"taxonomy":"product_brand","embeddable":true,"href":"https:\/\/baldumarket.lt\/lt\/wp-json\/wp\/v2\/product_brand?post=259768"},{"taxonomy":"product_cat","embeddable":true,"href":"https:\/\/baldumarket.lt\/lt\/wp-json\/wp\/v2\/product_cat?post=259768"},{"taxonomy":"product_tag","embeddable":true,"href":"https:\/\/baldumarket.lt\/lt\/wp-json\/wp\/v2\/product_tag?post=259768"}],"curies":[{"name":"wp","href":"https:\/\/api.w.org\/{rel}","templated":true}]}}